{"id":9921,"date":"2019-09-22T08:31:07","date_gmt":"2019-09-22T06:31:07","guid":{"rendered":"http:\/\/celineduong.com\/?page_id=9921"},"modified":"2025-11-28T12:03:29","modified_gmt":"2025-11-28T11:03:29","slug":"paris-goutte-dor-ville-informelle","status":"publish","type":"page","link":"https:\/\/celineduong.com\/index.php\/paris-goutte-dor-ville-informelle\/","title":{"rendered":"Paris-Goutte d&rsquo;Or, la ville informelle"},"content":{"rendered":"<p><span style=\"color: #000000;\">Des hauteurs de la butte Montmartre, les toits de Paris s&rsquo;offrent aux regards des promeneurs. Rien ne laisse deviner ce qui se passe au plus pr\u00e8s du sol, une autre ville, dense et encombr\u00e9e, conflictuelle, voire invivable, disent certains.`<br \/>\n<\/span><span style=\"color: #000000;\"><em>\u00ab&nbsp;C\u2019est trop bruyant, ma fen\u00eatre donne sur la rue au 1er \u00e9tage et j\u2019entends tout de chez moi<\/em>&nbsp;\u00bb, me dit un habitant de la Goutte d&rsquo;Or, le \u00ab\u00a0quartier africain\u00a0\u00bb de Paris ancr\u00e9 au pied de la butte.&nbsp;<\/span><span style=\"color: #000000;\">Ici, la contrefa\u00e7on s\u2019\u00e9tale sur les trottoirs. La m\u00e9tropolisation se fait par le bas, \u00ab&nbsp;au ras du sol&nbsp;\u00bb, du commerce des biens \u00e0 celui des corps.<\/span><\/p>\n<p><span style=\"color: #000000;\">Certains souhaiteraient \u00ab d\u00e9senclaver \u00bb le quartier, y \u00ab r\u00e9introduire de la diversit\u00e9 \u00bb pour en faire un quartier populaire mixte, multi-ethnique, mais sans l\u2019empi\u00e9tement sur l\u2019espace public, sans les rondes polici\u00e8res traquant les vendeurs \u00e0 la sauvette.<\/span><\/p>\n<p><span style=\"color: #000000;\">Pourtant, ce sont ces pratiques informelles qui prot\u00e8gent les plus pr\u00e9caires dans un syst\u00e8me incapable d\u2019offrir un emploi aux personnes sans droit de s\u00e9jour.<br \/>\n<\/span><span style=\"color: #000000;\">La Goutte d&rsquo;Or devient alors un&nbsp;<\/span><span style=\"color: #000000;\">point d\u2019entr\u00e9e dans la capitale, o\u00f9 l\u2019on peut trouver du soutien et du travail gr\u00e2ce aux compatriotes rencontr\u00e9s sur place. \u00ab Je suis venue ici car je connais des gens qui pourraient m\u2019h\u00e9berger&nbsp;\u00bb, me confie une jeune femme.&nbsp;<\/span><\/p>\n<p><span style=\"color: #000000;\"><span style=\"caret-color: #000000;\">Sans domicile, beaucoup louent des chambres \u00e0 la nuit dans les h\u00f4tels environnants :<i>&nbsp;<em>\u00ab\u00a0Je vois des retrait\u00e9s ici qui n\u2019ont presque pas de pension, n\u2019ont pas d\u2019argent pour retourner au bled. Et qui paient 35\u20ac par nuit ici. Eh bien ils finissent chez les assoc\u2019.\u00a0\u00bb<\/em><\/i><\/span><\/span><span style=\"color: #000000;\"><em><br \/>\n<\/em><\/span><span style=\"color: #000000;\">Nomades \u00e0 l\u2019int\u00e9rieur de la ville, ils sont nombreux \u00e0 errer d\u2019h\u00f4tel en h\u00f4tel dans les&nbsp;<\/span><span style=\"color: #000000;\">rues de la Goutte d\u2019or, le d\u00f4me du Sacr\u00e9-C\u0153ur \u00e0 l&rsquo;horizon comme un mirage, une destination improbable. &nbsp;<br \/>\n<\/span><\/p>\n<p style=\"text-align: center;\"><span style=\"color: #000000;\"><strong><br \/>\n\u00ab&nbsp;<em>Vers la ville accourt, en elle se condense tout ce que contient l\u2019espace. Tout ce qui se produit dans le monde, les biens, l\u2019argent, les hommes.<br \/>\nElle les accueille, elle les concentre<\/em>.&nbsp;\u00bb (Henri Lefebvre, <em>\u00ab\u00a0Le Droit \u00e0 la Ville\u00a0\u00bb<\/em>)<\/strong><\/span><\/p>\n<p>&nbsp;<\/p>\n<h3><a href=\"https:\/\/celineduong.com\/index.php\/paris-goutte-dor-the-cash-in-hand-quarter\/\">Click here for the english version.&nbsp;<\/a><\/h3>\n<div id='gallery-1' class='gallery galleryid-9921 gallery-columns-2 gallery-size-full'><figure class='gallery-item'>\n\t\t\t<div class='gallery-icon portrait'>\n\t\t\t\t<a href='https:\/\/celineduong.com\/wp-content\/uploads\/2019\/09\/Celine_Duong_1.jpg'><img width=\"2434\" height=\"3650\" src=\"https:\/\/celineduong.com\/wp-content\/uploads\/2019\/09\/Celine_Duong_1.jpg\" class=\"attachment-full size-full\" alt=\"\" decoding=\"async\" loading=\"lazy\" srcset=\"https:\/\/celineduong.com\/wp-content\/uploads\/2019\/09\/Celine_Duong_1.jpg 2434w, https:\/\/celineduong.com\/wp-content\/uploads\/2019\/09\/Celine_Duong_1-200x300.jpg 200w, https:\/\/celineduong.com\/wp-content\/uploads\/2019\/09\/Celine_Duong_1-768x1152.jpg 768w, https:\/\/celineduong.com\/wp-content\/uploads\/2019\/09\/Celine_Duong_1-683x1024.jpg 683w\" sizes=\"(max-width: 2434px) 100vw, 2434px\" \/><\/a>\n\t\t\t<\/div><\/figure><figure class='gallery-item'>\n\t\t\t<div class='gallery-icon portrait'>\n\t\t\t\t<a href='https:\/\/celineduong.com\/wp-content\/uploads\/2019\/09\/DSCF6568-3-3-2.jpg'><img width=\"1949\" height=\"2920\" src=\"https:\/\/celineduong.com\/wp-content\/uploads\/2019\/09\/DSCF6568-3-3-2.jpg\" class=\"attachment-full size-full\" alt=\"\" decoding=\"async\" loading=\"lazy\" srcset=\"https:\/\/celineduong.com\/wp-content\/uploads\/2019\/09\/DSCF6568-3-3-2.jpg 1949w, https:\/\/celineduong.com\/wp-content\/uploads\/2019\/09\/DSCF6568-3-3-2-200x300.jpg 200w, https:\/\/celineduong.com\/wp-content\/uploads\/2019\/09\/DSCF6568-3-3-2-768x1151.jpg 768w, https:\/\/celineduong.com\/wp-content\/uploads\/2019\/09\/DSCF6568-3-3-2-683x1024.jpg 683w\" sizes=\"(max-width: 1949px) 100vw, 1949px\" \/><\/a>\n\t\t\t<\/div><\/figure><figure class='gallery-item'>\n\t\t\t<div class='gallery-icon portrait'>\n\t\t\t\t<a href='https:\/\/celineduong.com\/wp-content\/uploads\/2019\/09\/DSCF9477-4.jpg'><img width=\"2057\" height=\"3086\" src=\"https:\/\/celineduong.com\/wp-content\/uploads\/2019\/09\/DSCF9477-4.jpg\" class=\"attachment-full size-full\" alt=\"\" decoding=\"async\" loading=\"lazy\" srcset=\"https:\/\/celineduong.com\/wp-content\/uploads\/2019\/09\/DSCF9477-4.jpg 2057w, https:\/\/celineduong.com\/wp-content\/uploads\/2019\/09\/DSCF9477-4-200x300.jpg 200w, https:\/\/celineduong.com\/wp-content\/uploads\/2019\/09\/DSCF9477-4-768x1152.jpg 768w, https:\/\/celineduong.com\/wp-content\/uploads\/2019\/09\/DSCF9477-4-683x1024.jpg 683w\" sizes=\"(max-width: 2057px) 100vw, 2057px\" \/><\/a>\n\t\t\t<\/div><\/figure><figure class='gallery-item'>\n\t\t\t<div class='gallery-icon portrait'>\n\t\t\t\t<a href='https:\/\/celineduong.com\/wp-content\/uploads\/2019\/09\/1-5-2-2-2.jpg'><img width=\"1248\" height=\"1872\" src=\"https:\/\/celineduong.com\/wp-content\/uploads\/2019\/09\/1-5-2-2-2.jpg\" class=\"attachment-full size-full\" alt=\"\" decoding=\"async\" loading=\"lazy\" srcset=\"https:\/\/celineduong.com\/wp-content\/uploads\/2019\/09\/1-5-2-2-2.jpg 1248w, https:\/\/celineduong.com\/wp-content\/uploads\/2019\/09\/1-5-2-2-2-200x300.jpg 200w, https:\/\/celineduong.com\/wp-content\/uploads\/2019\/09\/1-5-2-2-2-768x1152.jpg 768w, https:\/\/celineduong.com\/wp-content\/uploads\/2019\/09\/1-5-2-2-2-683x1024.jpg 683w\" sizes=\"(max-width: 1248px) 100vw, 1248px\" \/><\/a>\n\t\t\t<\/div><\/figure><figure class='gallery-item'>\n\t\t\t<div class='gallery-icon landscape'>\n\t\t\t\t<a href='https:\/\/celineduong.com\/wp-content\/uploads\/2019\/09\/Celine_Duong_12.jpg'><img width=\"2030\" height=\"1353\" src=\"https:\/\/celineduong.com\/wp-content\/uploads\/2019\/09\/Celine_Duong_12.jpg\" class=\"attachment-full size-full\" alt=\"\" decoding=\"async\" loading=\"lazy\" srcset=\"https:\/\/celineduong.com\/wp-content\/uploads\/2019\/09\/Celine_Duong_12.jpg 2030w, https:\/\/celineduong.com\/wp-content\/uploads\/2019\/09\/Celine_Duong_12-300x200.jpg 300w, https:\/\/celineduong.com\/wp-content\/uploads\/2019\/09\/Celine_Duong_12-768x512.jpg 768w, https:\/\/celineduong.com\/wp-content\/uploads\/2019\/09\/Celine_Duong_12-1024x682.jpg 1024w, https:\/\/celineduong.com\/wp-content\/uploads\/2019\/09\/Celine_Duong_12-272x182.jpg 272w\" sizes=\"(max-width: 2030px) 100vw, 2030px\" \/><\/a>\n\t\t\t<\/div><\/figure><figure class='gallery-item'>\n\t\t\t<div class='gallery-icon landscape'>\n\t\t\t\t<a href='https:\/\/celineduong.com\/wp-content\/uploads\/2019\/09\/Celine_Duong_10.jpg'><img width=\"3891\" height=\"2594\" src=\"https:\/\/celineduong.com\/wp-content\/uploads\/2019\/09\/Celine_Duong_10.jpg\" class=\"attachment-full size-full\" alt=\"\" decoding=\"async\" loading=\"lazy\" srcset=\"https:\/\/celineduong.com\/wp-content\/uploads\/2019\/09\/Celine_Duong_10.jpg 3891w, https:\/\/celineduong.com\/wp-content\/uploads\/2019\/09\/Celine_Duong_10-300x200.jpg 300w, https:\/\/celineduong.com\/wp-content\/uploads\/2019\/09\/Celine_Duong_10-768x512.jpg 768w, https:\/\/celineduong.com\/wp-content\/uploads\/2019\/09\/Celine_Duong_10-1024x683.jpg 1024w, https:\/\/celineduong.com\/wp-content\/uploads\/2019\/09\/Celine_Duong_10-272x182.jpg 272w\" sizes=\"(max-width: 3891px) 100vw, 3891px\" \/><\/a>\n\t\t\t<\/div><\/figure><figure class='gallery-item'>\n\t\t\t<div class='gallery-icon landscape'>\n\t\t\t\t<a href='https:\/\/celineduong.com\/wp-content\/uploads\/2019\/09\/DSCF6585-2-2.jpg'><img width=\"1830\" height=\"1220\" src=\"https:\/\/celineduong.com\/wp-content\/uploads\/2019\/09\/DSCF6585-2-2.jpg\" class=\"attachment-full size-full\" alt=\"\" decoding=\"async\" loading=\"lazy\" srcset=\"https:\/\/celineduong.com\/wp-content\/uploads\/2019\/09\/DSCF6585-2-2.jpg 1830w, https:\/\/celineduong.com\/wp-content\/uploads\/2019\/09\/DSCF6585-2-2-300x200.jpg 300w, https:\/\/celineduong.com\/wp-content\/uploads\/2019\/09\/DSCF6585-2-2-768x512.jpg 768w, https:\/\/celineduong.com\/wp-content\/uploads\/2019\/09\/DSCF6585-2-2-1024x683.jpg 1024w, https:\/\/celineduong.com\/wp-content\/uploads\/2019\/09\/DSCF6585-2-2-272x182.jpg 272w\" sizes=\"(max-width: 1830px) 100vw, 1830px\" \/><\/a>\n\t\t\t<\/div><\/figure><figure class='gallery-item'>\n\t\t\t<div class='gallery-icon landscape'>\n\t\t\t\t<a href='https:\/\/celineduong.com\/wp-content\/uploads\/2019\/09\/DSCF6586-2-2-1.jpg'><img width=\"1831\" height=\"1221\" src=\"https:\/\/celineduong.com\/wp-content\/uploads\/2019\/09\/DSCF6586-2-2-1.jpg\" class=\"attachment-full size-full\" alt=\"\" decoding=\"async\" loading=\"lazy\" srcset=\"https:\/\/celineduong.com\/wp-content\/uploads\/2019\/09\/DSCF6586-2-2-1.jpg 1831w, https:\/\/celineduong.com\/wp-content\/uploads\/2019\/09\/DSCF6586-2-2-1-300x200.jpg 300w, https:\/\/celineduong.com\/wp-content\/uploads\/2019\/09\/DSCF6586-2-2-1-768x512.jpg 768w, https:\/\/celineduong.com\/wp-content\/uploads\/2019\/09\/DSCF6586-2-2-1-1024x683.jpg 1024w, https:\/\/celineduong.com\/wp-content\/uploads\/2019\/09\/DSCF6586-2-2-1-272x182.jpg 272w\" sizes=\"(max-width: 1831px) 100vw, 1831px\" \/><\/a>\n\t\t\t<\/div><\/figure><figure class='gallery-item'>\n\t\t\t<div class='gallery-icon landscape'>\n\t\t\t\t<a href='https:\/\/celineduong.com\/wp-content\/uploads\/2019\/09\/Celine_Duong_9.jpg'><img width=\"2881\" height=\"1920\" src=\"https:\/\/celineduong.com\/wp-content\/uploads\/2019\/09\/Celine_Duong_9.jpg\" class=\"attachment-full size-full\" alt=\"\" decoding=\"async\" loading=\"lazy\" srcset=\"https:\/\/celineduong.com\/wp-content\/uploads\/2019\/09\/Celine_Duong_9.jpg 2881w, https:\/\/celineduong.com\/wp-content\/uploads\/2019\/09\/Celine_Duong_9-300x200.jpg 300w, https:\/\/celineduong.com\/wp-content\/uploads\/2019\/09\/Celine_Duong_9-768x512.jpg 768w, https:\/\/celineduong.com\/wp-content\/uploads\/2019\/09\/Celine_Duong_9-1024x682.jpg 1024w, https:\/\/celineduong.com\/wp-content\/uploads\/2019\/09\/Celine_Duong_9-272x182.jpg 272w\" sizes=\"(max-width: 2881px) 100vw, 2881px\" \/><\/a>\n\t\t\t<\/div><\/figure><figure class='gallery-item'>\n\t\t\t<div class='gallery-icon landscape'>\n\t\t\t\t<a href='https:\/\/celineduong.com\/wp-content\/uploads\/2019\/09\/R0000674.jpg'><img width=\"6000\" height=\"4000\" src=\"https:\/\/celineduong.com\/wp-content\/uploads\/2019\/09\/R0000674.jpg\" class=\"attachment-full size-full\" alt=\"\" decoding=\"async\" loading=\"lazy\" srcset=\"https:\/\/celineduong.com\/wp-content\/uploads\/2019\/09\/R0000674.jpg 6000w, https:\/\/celineduong.com\/wp-content\/uploads\/2019\/09\/R0000674-300x200.jpg 300w, https:\/\/celineduong.com\/wp-content\/uploads\/2019\/09\/R0000674-768x512.jpg 768w, https:\/\/celineduong.com\/wp-content\/uploads\/2019\/09\/R0000674-1024x683.jpg 1024w, https:\/\/celineduong.com\/wp-content\/uploads\/2019\/09\/R0000674-272x182.jpg 272w\" sizes=\"(max-width: 6000px) 100vw, 6000px\" \/><\/a>\n\t\t\t<\/div><\/figure><figure class='gallery-item'>\n\t\t\t<div class='gallery-icon landscape'>\n\t\t\t\t<a href='https:\/\/celineduong.com\/wp-content\/uploads\/2019\/09\/R0002698-3.jpg'><img width=\"5263\" height=\"3509\" src=\"https:\/\/celineduong.com\/wp-content\/uploads\/2019\/09\/R0002698-3.jpg\" class=\"attachment-full size-full\" alt=\"\" decoding=\"async\" loading=\"lazy\" srcset=\"https:\/\/celineduong.com\/wp-content\/uploads\/2019\/09\/R0002698-3.jpg 5263w, https:\/\/celineduong.com\/wp-content\/uploads\/2019\/09\/R0002698-3-300x200.jpg 300w, https:\/\/celineduong.com\/wp-content\/uploads\/2019\/09\/R0002698-3-768x512.jpg 768w, https:\/\/celineduong.com\/wp-content\/uploads\/2019\/09\/R0002698-3-1024x683.jpg 1024w, https:\/\/celineduong.com\/wp-content\/uploads\/2019\/09\/R0002698-3-272x182.jpg 272w\" sizes=\"(max-width: 5263px) 100vw, 5263px\" \/><\/a>\n\t\t\t<\/div><\/figure><figure class='gallery-item'>\n\t\t\t<div class='gallery-icon landscape'>\n\t\t\t\t<a href='https:\/\/celineduong.com\/wp-content\/uploads\/2019\/09\/Celine_Duong_11.jpg'><img width=\"3842\" height=\"2561\" src=\"https:\/\/celineduong.com\/wp-content\/uploads\/2019\/09\/Celine_Duong_11.jpg\" class=\"attachment-full size-full\" alt=\"\" decoding=\"async\" loading=\"lazy\" srcset=\"https:\/\/celineduong.com\/wp-content\/uploads\/2019\/09\/Celine_Duong_11.jpg 3842w, https:\/\/celineduong.com\/wp-content\/uploads\/2019\/09\/Celine_Duong_11-300x200.jpg 300w, https:\/\/celineduong.com\/wp-content\/uploads\/2019\/09\/Celine_Duong_11-768x512.jpg 768w, https:\/\/celineduong.com\/wp-content\/uploads\/2019\/09\/Celine_Duong_11-1024x683.jpg 1024w, https:\/\/celineduong.com\/wp-content\/uploads\/2019\/09\/Celine_Duong_11-272x182.jpg 272w\" sizes=\"(max-width: 3842px) 100vw, 3842px\" \/><\/a>\n\t\t\t<\/div><\/figure><figure class='gallery-item'>\n\t\t\t<div class='gallery-icon landscape'>\n\t\t\t\t<a href='https:\/\/celineduong.com\/wp-content\/uploads\/2019\/09\/DSCF3824-2-2.jpg'><img width=\"1598\" height=\"1065\" src=\"https:\/\/celineduong.com\/wp-content\/uploads\/2019\/09\/DSCF3824-2-2.jpg\" class=\"attachment-full size-full\" alt=\"\" decoding=\"async\" loading=\"lazy\" srcset=\"https:\/\/celineduong.com\/wp-content\/uploads\/2019\/09\/DSCF3824-2-2.jpg 1598w, https:\/\/celineduong.com\/wp-content\/uploads\/2019\/09\/DSCF3824-2-2-300x200.jpg 300w, https:\/\/celineduong.com\/wp-content\/uploads\/2019\/09\/DSCF3824-2-2-768x512.jpg 768w, https:\/\/celineduong.com\/wp-content\/uploads\/2019\/09\/DSCF3824-2-2-1024x682.jpg 1024w, https:\/\/celineduong.com\/wp-content\/uploads\/2019\/09\/DSCF3824-2-2-272x182.jpg 272w\" sizes=\"(max-width: 1598px) 100vw, 1598px\" \/><\/a>\n\t\t\t<\/div><\/figure><figure class='gallery-item'>\n\t\t\t<div class='gallery-icon landscape'>\n\t\t\t\t<a href='https:\/\/celineduong.com\/wp-content\/uploads\/2019\/09\/Celine_Duong_16.jpg'><img width=\"3510\" height=\"2340\" src=\"https:\/\/celineduong.com\/wp-content\/uploads\/2019\/09\/Celine_Duong_16.jpg\" class=\"attachment-full size-full\" alt=\"\" decoding=\"async\" loading=\"lazy\" srcset=\"https:\/\/celineduong.com\/wp-content\/uploads\/2019\/09\/Celine_Duong_16.jpg 3510w, https:\/\/celineduong.com\/wp-content\/uploads\/2019\/09\/Celine_Duong_16-300x200.jpg 300w, https:\/\/celineduong.com\/wp-content\/uploads\/2019\/09\/Celine_Duong_16-768x512.jpg 768w, https:\/\/celineduong.com\/wp-content\/uploads\/2019\/09\/Celine_Duong_16-1024x683.jpg 1024w, https:\/\/celineduong.com\/wp-content\/uploads\/2019\/09\/Celine_Duong_16-272x182.jpg 272w\" sizes=\"(max-width: 3510px) 100vw, 3510px\" \/><\/a>\n\t\t\t<\/div><\/figure><figure class='gallery-item'>\n\t\t\t<div class='gallery-icon portrait'>\n\t\t\t\t<a href='https:\/\/celineduong.com\/wp-content\/uploads\/2019\/09\/Celine_Duong_6.jpg'><img width=\"1550\" height=\"2325\" src=\"https:\/\/celineduong.com\/wp-content\/uploads\/2019\/09\/Celine_Duong_6.jpg\" class=\"attachment-full size-full\" alt=\"\" decoding=\"async\" loading=\"lazy\" srcset=\"https:\/\/celineduong.com\/wp-content\/uploads\/2019\/09\/Celine_Duong_6.jpg 1550w, https:\/\/celineduong.com\/wp-content\/uploads\/2019\/09\/Celine_Duong_6-200x300.jpg 200w, https:\/\/celineduong.com\/wp-content\/uploads\/2019\/09\/Celine_Duong_6-768x1152.jpg 768w, https:\/\/celineduong.com\/wp-content\/uploads\/2019\/09\/Celine_Duong_6-683x1024.jpg 683w\" sizes=\"(max-width: 1550px) 100vw, 1550px\" \/><\/a>\n\t\t\t<\/div><\/figure><figure class='gallery-item'>\n\t\t\t<div class='gallery-icon portrait'>\n\t\t\t\t<a href='https:\/\/celineduong.com\/wp-content\/uploads\/2019\/09\/1-5-copie.jpg'><img width=\"2162\" height=\"3264\" src=\"https:\/\/celineduong.com\/wp-content\/uploads\/2019\/09\/1-5-copie.jpg\" class=\"attachment-full size-full\" alt=\"\" decoding=\"async\" loading=\"lazy\" srcset=\"https:\/\/celineduong.com\/wp-content\/uploads\/2019\/09\/1-5-copie.jpg 2162w, https:\/\/celineduong.com\/wp-content\/uploads\/2019\/09\/1-5-copie-199x300.jpg 199w, https:\/\/celineduong.com\/wp-content\/uploads\/2019\/09\/1-5-copie-768x1159.jpg 768w, https:\/\/celineduong.com\/wp-content\/uploads\/2019\/09\/1-5-copie-678x1024.jpg 678w\" sizes=\"(max-width: 2162px) 100vw, 2162px\" \/><\/a>\n\t\t\t<\/div><\/figure><figure class='gallery-item'>\n\t\t\t<div class='gallery-icon portrait'>\n\t\t\t\t<a href='https:\/\/celineduong.com\/wp-content\/uploads\/2019\/09\/R0000023-2.jpg'><img width=\"3063\" height=\"4595\" src=\"https:\/\/celineduong.com\/wp-content\/uploads\/2019\/09\/R0000023-2.jpg\" class=\"attachment-full size-full\" alt=\"\" decoding=\"async\" loading=\"lazy\" srcset=\"https:\/\/celineduong.com\/wp-content\/uploads\/2019\/09\/R0000023-2.jpg 3063w, https:\/\/celineduong.com\/wp-content\/uploads\/2019\/09\/R0000023-2-200x300.jpg 200w, https:\/\/celineduong.com\/wp-content\/uploads\/2019\/09\/R0000023-2-768x1152.jpg 768w, https:\/\/celineduong.com\/wp-content\/uploads\/2019\/09\/R0000023-2-683x1024.jpg 683w\" sizes=\"(max-width: 3063px) 100vw, 3063px\" \/><\/a>\n\t\t\t<\/div><\/figure><figure class='gallery-item'>\n\t\t\t<div class='gallery-icon portrait'>\n\t\t\t\t<a href='https:\/\/celineduong.com\/wp-content\/uploads\/2019\/09\/Celine_Duong_8.jpg'><img width=\"2943\" height=\"4414\" src=\"https:\/\/celineduong.com\/wp-content\/uploads\/2019\/09\/Celine_Duong_8.jpg\" class=\"attachment-full size-full\" alt=\"\" decoding=\"async\" loading=\"lazy\" srcset=\"https:\/\/celineduong.com\/wp-content\/uploads\/2019\/09\/Celine_Duong_8.jpg 2943w, https:\/\/celineduong.com\/wp-content\/uploads\/2019\/09\/Celine_Duong_8-200x300.jpg 200w, https:\/\/celineduong.com\/wp-content\/uploads\/2019\/09\/Celine_Duong_8-768x1152.jpg 768w, https:\/\/celineduong.com\/wp-content\/uploads\/2019\/09\/Celine_Duong_8-683x1024.jpg 683w\" sizes=\"(max-width: 2943px) 100vw, 2943px\" \/><\/a>\n\t\t\t<\/div><\/figure><figure class='gallery-item'>\n\t\t\t<div class='gallery-icon portrait'>\n\t\t\t\t<a href='https:\/\/celineduong.com\/wp-content\/uploads\/2019\/09\/Celine_Duong_4.jpg'><img width=\"2389\" height=\"3584\" src=\"https:\/\/celineduong.com\/wp-content\/uploads\/2019\/09\/Celine_Duong_4.jpg\" class=\"attachment-full size-full\" alt=\"\" decoding=\"async\" loading=\"lazy\" srcset=\"https:\/\/celineduong.com\/wp-content\/uploads\/2019\/09\/Celine_Duong_4.jpg 2389w, https:\/\/celineduong.com\/wp-content\/uploads\/2019\/09\/Celine_Duong_4-200x300.jpg 200w, https:\/\/celineduong.com\/wp-content\/uploads\/2019\/09\/Celine_Duong_4-768x1152.jpg 768w, https:\/\/celineduong.com\/wp-content\/uploads\/2019\/09\/Celine_Duong_4-683x1024.jpg 683w\" sizes=\"(max-width: 2389px) 100vw, 2389px\" \/><\/a>\n\t\t\t<\/div><\/figure><figure class='gallery-item'>\n\t\t\t<div class='gallery-icon portrait'>\n\t\t\t\t<a href='https:\/\/celineduong.com\/wp-content\/uploads\/2019\/09\/Celine_Duong_3.jpg'><img width=\"1617\" height=\"2426\" src=\"https:\/\/celineduong.com\/wp-content\/uploads\/2019\/09\/Celine_Duong_3.jpg\" class=\"attachment-full size-full\" alt=\"\" decoding=\"async\" loading=\"lazy\" srcset=\"https:\/\/celineduong.com\/wp-content\/uploads\/2019\/09\/Celine_Duong_3.jpg 1617w, https:\/\/celineduong.com\/wp-content\/uploads\/2019\/09\/Celine_Duong_3-200x300.jpg 200w, https:\/\/celineduong.com\/wp-content\/uploads\/2019\/09\/Celine_Duong_3-768x1152.jpg 768w, https:\/\/celineduong.com\/wp-content\/uploads\/2019\/09\/Celine_Duong_3-683x1024.jpg 683w\" sizes=\"(max-width: 1617px) 100vw, 1617px\" \/><\/a>\n\t\t\t<\/div><\/figure>\n\t\t<\/div>\n\n<p>&nbsp;<\/p>\n","protected":false},"excerpt":{"rendered":"<p>Des hauteurs de la butte Montmartre, les toits de Paris s&rsquo;offrent aux regards des promeneurs. Rien ne laisse deviner ce qui se passe au plus pr\u00e8s du sol, une autre ville, dense et encombr\u00e9e, conflictuelle, voire invivable, disent certains.` \u00ab&nbsp;C\u2019est trop bruyant, ma fen\u00eatre donne sur la rue au 1er \u00e9tage et j\u2019entends tout de [&hellip;]<\/p>\n","protected":false},"author":1,"featured_media":0,"parent":0,"menu_order":0,"comment_status":"closed","ping_status":"closed","template":"","meta":{"ngg_post_thumbnail":0},"_links":{"self":[{"href":"https:\/\/celineduong.com\/index.php\/wp-json\/wp\/v2\/pages\/9921"}],"collection":[{"href":"https:\/\/celineduong.com\/index.php\/wp-json\/wp\/v2\/pages"}],"about":[{"href":"https:\/\/celineduong.com\/index.php\/wp-json\/wp\/v2\/types\/page"}],"author":[{"embeddable":true,"href":"https:\/\/celineduong.com\/index.php\/wp-json\/wp\/v2\/users\/1"}],"replies":[{"embeddable":true,"href":"https:\/\/celineduong.com\/index.php\/wp-json\/wp\/v2\/comments?post=9921"}],"version-history":[{"count":310,"href":"https:\/\/celineduong.com\/index.php\/wp-json\/wp\/v2\/pages\/9921\/revisions"}],"predecessor-version":[{"id":16150,"href":"https:\/\/celineduong.com\/index.php\/wp-json\/wp\/v2\/pages\/9921\/revisions\/16150"}],"wp:attachment":[{"href":"https:\/\/celineduong.com\/index.php\/wp-json\/wp\/v2\/media?parent=9921"}],"curies":[{"name":"wp","href":"https:\/\/api.w.org\/{rel}","templated":true}]}}