{"id":9833,"date":"2019-05-29T12:13:28","date_gmt":"2019-05-29T10:13:28","guid":{"rendered":"http:\/\/celineduong.com\/?page_id=9833"},"modified":"2024-10-31T16:09:35","modified_gmt":"2024-10-31T15:09:35","slug":"a-propos","status":"publish","type":"page","link":"https:\/\/celineduong.com\/index.php\/a-propos\/","title":{"rendered":"A propos"},"content":{"rendered":"<p style=\"text-align: left;\"><span style=\"color: #000000;\"><img decoding=\"async\" loading=\"lazy\" class=\"alignleft wp-image-8794 size-medium\" src=\"https:\/\/celineduong.com\/wp-content\/uploads\/2018\/08\/IMG_3771-Copie-216x300.jpg\" alt=\"\" width=\"216\" height=\"300\" srcset=\"https:\/\/celineduong.com\/wp-content\/uploads\/2018\/08\/IMG_3771-Copie-216x300.jpg 216w, https:\/\/celineduong.com\/wp-content\/uploads\/2018\/08\/IMG_3771-Copie-768x1066.jpg 768w, https:\/\/celineduong.com\/wp-content\/uploads\/2018\/08\/IMG_3771-Copie-738x1024.jpg 738w\" sizes=\"(max-width: 216px) 100vw, 216px\" \/>C&rsquo;est en 2017 que je m&rsquo;initie \u00e0 la photographie documentaire avec un premier projet,&nbsp;<a href=\"https:\/\/celineduong.com\/index.php\/grandir-a-noisy-residence\/\">Grandir \u00e0 Noisy R\u00e9sidence<\/a>,&nbsp;sur les r\u00e9sidents d&rsquo;un h\u00f4tel social en banlieue parisienne.<\/span><\/p>\n<p><span style=\"color: #000000;\">Ce site rassemble des s\u00e9ries diverses : reportages, photographie de rue, essais argentiques. Il est un r\u00e9ceptacle de mes envies photographiques.&nbsp;<\/span><\/p>\n<p><span style=\"color: #000000;\">En 2023, j&rsquo;int\u00e8gre l&rsquo;agence Hans Lucas en tant que photojournaliste :&nbsp;<\/span> <a href=\"https:\/\/hanslucas.com\/cduong\/photo\">https:\/\/hanslucas.com\/cduong\/photo&nbsp;<\/a><\/p>\n<p style=\"text-align: center;\">_____________________________________________________<\/p>\n<p style=\"text-align: center;\"><em><span style=\"color: #000000;\">\u00ab&nbsp;Je marche au hasard. La ville s\u2019\u00e9paissit. Il dit qu\u2019il n\u2019y a pas d\u2019instant d\u00e9cisif. Il y a un flux d\u2018images. Des histoires qui se donnent. Et des moments de porosit\u00e9.<\/span><\/em><br \/>\n<span style=\"color: #000000;\"><em>Il dit cela souvent. \u00ab&nbsp;Sois poreuse et n\u2019attends rien.&nbsp;\u00bb&nbsp;\u00bb<\/em> (<em>L\u2019Imprudence<\/em>, <span class=\"st\">Loo Hui Phang<\/span>)&nbsp;<\/span><\/p>\n<h3 style=\"text-align: left;\"><a href=\"https:\/\/celineduong.com\/index.php\/bio\/\">Click here for the english version. <\/a><\/h3>\n<p style=\"text-align: center;\">&nbsp;<\/p>\n","protected":false},"excerpt":{"rendered":"<p>C&rsquo;est en 2017 que je m&rsquo;initie \u00e0 la photographie documentaire avec un premier projet,&nbsp;Grandir \u00e0 Noisy R\u00e9sidence,&nbsp;sur les r\u00e9sidents d&rsquo;un h\u00f4tel social en banlieue parisienne. Ce site rassemble des s\u00e9ries diverses : reportages, photographie de rue, essais argentiques. Il est un r\u00e9ceptacle de mes envies photographiques.&nbsp; En 2023, j&rsquo;int\u00e8gre l&rsquo;agence Hans Lucas en tant que [&hellip;]<\/p>\n","protected":false},"author":1,"featured_media":0,"parent":0,"menu_order":0,"comment_status":"closed","ping_status":"closed","template":"","meta":{"ngg_post_thumbnail":0},"_links":{"self":[{"href":"https:\/\/celineduong.com\/index.php\/wp-json\/wp\/v2\/pages\/9833"}],"collection":[{"href":"https:\/\/celineduong.com\/index.php\/wp-json\/wp\/v2\/pages"}],"about":[{"href":"https:\/\/celineduong.com\/index.php\/wp-json\/wp\/v2\/types\/page"}],"author":[{"embeddable":true,"href":"https:\/\/celineduong.com\/index.php\/wp-json\/wp\/v2\/users\/1"}],"replies":[{"embeddable":true,"href":"https:\/\/celineduong.com\/index.php\/wp-json\/wp\/v2\/comments?post=9833"}],"version-history":[{"count":86,"href":"https:\/\/celineduong.com\/index.php\/wp-json\/wp\/v2\/pages\/9833\/revisions"}],"predecessor-version":[{"id":15970,"href":"https:\/\/celineduong.com\/index.php\/wp-json\/wp\/v2\/pages\/9833\/revisions\/15970"}],"wp:attachment":[{"href":"https:\/\/celineduong.com\/index.php\/wp-json\/wp\/v2\/media?parent=9833"}],"curies":[{"name":"wp","href":"https:\/\/api.w.org\/{rel}","templated":true}]}}