{"id":9660,"date":"2019-04-22T17:38:43","date_gmt":"2019-04-22T15:38:43","guid":{"rendered":"http:\/\/celineduong.com\/?page_id=9660"},"modified":"2024-11-02T10:16:51","modified_gmt":"2024-11-02T09:16:51","slug":"shenzhen","status":"publish","type":"page","link":"https:\/\/celineduong.com\/index.php\/shenzhen\/","title":{"rendered":"Shenzhen, l&rsquo;autre rive"},"content":{"rendered":"<p><span style=\"color: #000000;\">Le paysage a bien chang\u00e9 aux abords du fleuve s\u00e9parant Hong Kong et la Chine.&nbsp;<\/span><\/p>\n<p><span style=\"color: #000000;\">Shenzhen, le village de p\u00eacheurs situ\u00e9 sur la rive continentale, s&rsquo;est mu\u00e9 en une m\u00e9gapole de plus de 12 millions d&rsquo;habitants, et des banlieues r\u00e9sidentielles immenses et vides ont supplant\u00e9 les anciennes terres agricoles.&nbsp;<\/span><\/p>\n<p><span style=\"color: #000000;\">En l&rsquo;espace de quelques ann\u00e9es, Shenzhen est&nbsp;devenue l&rsquo;usine technologique du monde,&nbsp; l\u00e0 o\u00f9&nbsp;sont fabriqu\u00e9s smartphones, cartes \u00e0 puce, lampes LED, et la&nbsp;vitrine d&rsquo;un d\u00e9veloppement chinois effr\u00e9n\u00e9.<\/span><\/p>\n<p>&nbsp;<\/p>\n<div id='gallery-1' class='gallery galleryid-9660 gallery-columns-2 gallery-size-large'><figure class='gallery-item'>\n\t\t\t<div class='gallery-icon landscape'>\n\t\t\t\t<a href='https:\/\/celineduong.com\/wp-content\/uploads\/2019\/04\/R0172130-en-tant-quobjet-dynamique-1-2.jpg'><img width=\"1024\" height=\"678\" src=\"https:\/\/celineduong.com\/wp-content\/uploads\/2019\/04\/R0172130-en-tant-quobjet-dynamique-1-2-1024x678.jpg\" class=\"attachment-large size-large\" alt=\"\" decoding=\"async\" loading=\"lazy\" srcset=\"https:\/\/celineduong.com\/wp-content\/uploads\/2019\/04\/R0172130-en-tant-quobjet-dynamique-1-2-1024x678.jpg 1024w, https:\/\/celineduong.com\/wp-content\/uploads\/2019\/04\/R0172130-en-tant-quobjet-dynamique-1-2-300x199.jpg 300w, https:\/\/celineduong.com\/wp-content\/uploads\/2019\/04\/R0172130-en-tant-quobjet-dynamique-1-2-768x509.jpg 768w, https:\/\/celineduong.com\/wp-content\/uploads\/2019\/04\/R0172130-en-tant-quobjet-dynamique-1-2-247x163.jpg 247w, https:\/\/celineduong.com\/wp-content\/uploads\/2019\/04\/R0172130-en-tant-quobjet-dynamique-1-2-354x234.jpg 354w\" sizes=\"(max-width: 1024px) 100vw, 1024px\" \/><\/a>\n\t\t\t<\/div><\/figure><figure class='gallery-item'>\n\t\t\t<div class='gallery-icon landscape'>\n\t\t\t\t<a href='https:\/\/celineduong.com\/wp-content\/uploads\/2019\/04\/IMG_4918-2.jpg'><img width=\"1024\" height=\"683\" src=\"https:\/\/celineduong.com\/wp-content\/uploads\/2019\/04\/IMG_4918-2-1024x683.jpg\" class=\"attachment-large size-large\" alt=\"\" decoding=\"async\" loading=\"lazy\" srcset=\"https:\/\/celineduong.com\/wp-content\/uploads\/2019\/04\/IMG_4918-2-1024x683.jpg 1024w, https:\/\/celineduong.com\/wp-content\/uploads\/2019\/04\/IMG_4918-2-300x200.jpg 300w, https:\/\/celineduong.com\/wp-content\/uploads\/2019\/04\/IMG_4918-2-768x512.jpg 768w, https:\/\/celineduong.com\/wp-content\/uploads\/2019\/04\/IMG_4918-2-272x182.jpg 272w\" sizes=\"(max-width: 1024px) 100vw, 1024px\" \/><\/a>\n\t\t\t<\/div><\/figure><figure class='gallery-item'>\n\t\t\t<div class='gallery-icon landscape'>\n\t\t\t\t<a href='https:\/\/celineduong.com\/wp-content\/uploads\/2019\/04\/R0172547-en-tant-quobjet-dynamique-1.jpg'><img width=\"1024\" height=\"678\" src=\"https:\/\/celineduong.com\/wp-content\/uploads\/2019\/04\/R0172547-en-tant-quobjet-dynamique-1-1024x678.jpg\" class=\"attachment-large size-large\" alt=\"\" decoding=\"async\" loading=\"lazy\" srcset=\"https:\/\/celineduong.com\/wp-content\/uploads\/2019\/04\/R0172547-en-tant-quobjet-dynamique-1-1024x678.jpg 1024w, https:\/\/celineduong.com\/wp-content\/uploads\/2019\/04\/R0172547-en-tant-quobjet-dynamique-1-300x199.jpg 300w, https:\/\/celineduong.com\/wp-content\/uploads\/2019\/04\/R0172547-en-tant-quobjet-dynamique-1-768x508.jpg 768w, https:\/\/celineduong.com\/wp-content\/uploads\/2019\/04\/R0172547-en-tant-quobjet-dynamique-1-247x163.jpg 247w, https:\/\/celineduong.com\/wp-content\/uploads\/2019\/04\/R0172547-en-tant-quobjet-dynamique-1-354x234.jpg 354w, https:\/\/celineduong.com\/wp-content\/uploads\/2019\/04\/R0172547-en-tant-quobjet-dynamique-1.jpg 1953w\" sizes=\"(max-width: 1024px) 100vw, 1024px\" \/><\/a>\n\t\t\t<\/div><\/figure><figure class='gallery-item'>\n\t\t\t<div class='gallery-icon landscape'>\n\t\t\t\t<a href='https:\/\/celineduong.com\/wp-content\/uploads\/2019\/04\/R0177426-en-tant-quobjet-dynamique-1.jpg'><img width=\"1024\" height=\"679\" src=\"https:\/\/celineduong.com\/wp-content\/uploads\/2019\/04\/R0177426-en-tant-quobjet-dynamique-1-1024x679.jpg\" class=\"attachment-large size-large\" alt=\"\" decoding=\"async\" loading=\"lazy\" srcset=\"https:\/\/celineduong.com\/wp-content\/uploads\/2019\/04\/R0177426-en-tant-quobjet-dynamique-1-1024x679.jpg 1024w, https:\/\/celineduong.com\/wp-content\/uploads\/2019\/04\/R0177426-en-tant-quobjet-dynamique-1-300x199.jpg 300w, https:\/\/celineduong.com\/wp-content\/uploads\/2019\/04\/R0177426-en-tant-quobjet-dynamique-1-768x509.jpg 768w, https:\/\/celineduong.com\/wp-content\/uploads\/2019\/04\/R0177426-en-tant-quobjet-dynamique-1-247x163.jpg 247w, https:\/\/celineduong.com\/wp-content\/uploads\/2019\/04\/R0177426-en-tant-quobjet-dynamique-1-354x234.jpg 354w, https:\/\/celineduong.com\/wp-content\/uploads\/2019\/04\/R0177426-en-tant-quobjet-dynamique-1.jpg 1115w\" sizes=\"(max-width: 1024px) 100vw, 1024px\" \/><\/a>\n\t\t\t<\/div><\/figure><figure class='gallery-item'>\n\t\t\t<div class='gallery-icon landscape'>\n\t\t\t\t<a href='https:\/\/celineduong.com\/wp-content\/uploads\/2024\/11\/HL_CDUONG_2389952-scaled.jpg'><img width=\"1024\" height=\"678\" src=\"https:\/\/celineduong.com\/wp-content\/uploads\/2024\/11\/HL_CDUONG_2389952-1024x678.jpg\" class=\"attachment-large size-large\" alt=\"\" decoding=\"async\" loading=\"lazy\" srcset=\"https:\/\/celineduong.com\/wp-content\/uploads\/2024\/11\/HL_CDUONG_2389952-1024x678.jpg 1024w, https:\/\/celineduong.com\/wp-content\/uploads\/2024\/11\/HL_CDUONG_2389952-300x199.jpg 300w, https:\/\/celineduong.com\/wp-content\/uploads\/2024\/11\/HL_CDUONG_2389952-768x509.jpg 768w, https:\/\/celineduong.com\/wp-content\/uploads\/2024\/11\/HL_CDUONG_2389952-1536x1017.jpg 1536w, https:\/\/celineduong.com\/wp-content\/uploads\/2024\/11\/HL_CDUONG_2389952-2048x1356.jpg 2048w, https:\/\/celineduong.com\/wp-content\/uploads\/2024\/11\/HL_CDUONG_2389952-247x163.jpg 247w, https:\/\/celineduong.com\/wp-content\/uploads\/2024\/11\/HL_CDUONG_2389952-354x234.jpg 354w\" sizes=\"(max-width: 1024px) 100vw, 1024px\" \/><\/a>\n\t\t\t<\/div><\/figure><figure class='gallery-item'>\n\t\t\t<div class='gallery-icon landscape'>\n\t\t\t\t<a href='https:\/\/celineduong.com\/wp-content\/uploads\/2024\/11\/HL_CDUONG_2389959-scaled.jpg'><img width=\"1024\" height=\"678\" src=\"https:\/\/celineduong.com\/wp-content\/uploads\/2024\/11\/HL_CDUONG_2389959-1024x678.jpg\" class=\"attachment-large size-large\" alt=\"\" decoding=\"async\" loading=\"lazy\" srcset=\"https:\/\/celineduong.com\/wp-content\/uploads\/2024\/11\/HL_CDUONG_2389959-1024x678.jpg 1024w, https:\/\/celineduong.com\/wp-content\/uploads\/2024\/11\/HL_CDUONG_2389959-300x199.jpg 300w, https:\/\/celineduong.com\/wp-content\/uploads\/2024\/11\/HL_CDUONG_2389959-768x509.jpg 768w, https:\/\/celineduong.com\/wp-content\/uploads\/2024\/11\/HL_CDUONG_2389959-1536x1018.jpg 1536w, https:\/\/celineduong.com\/wp-content\/uploads\/2024\/11\/HL_CDUONG_2389959-2048x1357.jpg 2048w, https:\/\/celineduong.com\/wp-content\/uploads\/2024\/11\/HL_CDUONG_2389959-247x163.jpg 247w, https:\/\/celineduong.com\/wp-content\/uploads\/2024\/11\/HL_CDUONG_2389959-354x234.jpg 354w\" sizes=\"(max-width: 1024px) 100vw, 1024px\" \/><\/a>\n\t\t\t<\/div><\/figure><figure class='gallery-item'>\n\t\t\t<div class='gallery-icon landscape'>\n\t\t\t\t<a href='https:\/\/celineduong.com\/wp-content\/uploads\/2018\/04\/R0177259-en-tant-quobjet-dynamique-1.jpg'><img width=\"1024\" height=\"678\" src=\"https:\/\/celineduong.com\/wp-content\/uploads\/2018\/04\/R0177259-en-tant-quobjet-dynamique-1-1024x678.jpg\" class=\"attachment-large size-large\" alt=\"\" decoding=\"async\" loading=\"lazy\" srcset=\"https:\/\/celineduong.com\/wp-content\/uploads\/2018\/04\/R0177259-en-tant-quobjet-dynamique-1-1024x678.jpg 1024w, https:\/\/celineduong.com\/wp-content\/uploads\/2018\/04\/R0177259-en-tant-quobjet-dynamique-1-300x199.jpg 300w, https:\/\/celineduong.com\/wp-content\/uploads\/2018\/04\/R0177259-en-tant-quobjet-dynamique-1-768x509.jpg 768w, https:\/\/celineduong.com\/wp-content\/uploads\/2018\/04\/R0177259-en-tant-quobjet-dynamique-1-247x163.jpg 247w, https:\/\/celineduong.com\/wp-content\/uploads\/2018\/04\/R0177259-en-tant-quobjet-dynamique-1-354x234.jpg 354w\" sizes=\"(max-width: 1024px) 100vw, 1024px\" \/><\/a>\n\t\t\t<\/div><\/figure><figure class='gallery-item'>\n\t\t\t<div class='gallery-icon landscape'>\n\t\t\t\t<a href='https:\/\/celineduong.com\/wp-content\/uploads\/2018\/04\/R0177346-en-tant-quobjet-dynamique-1.jpg'><img width=\"1024\" height=\"678\" src=\"https:\/\/celineduong.com\/wp-content\/uploads\/2018\/04\/R0177346-en-tant-quobjet-dynamique-1-1024x678.jpg\" class=\"attachment-large size-large\" alt=\"\" decoding=\"async\" loading=\"lazy\" srcset=\"https:\/\/celineduong.com\/wp-content\/uploads\/2018\/04\/R0177346-en-tant-quobjet-dynamique-1-1024x678.jpg 1024w, https:\/\/celineduong.com\/wp-content\/uploads\/2018\/04\/R0177346-en-tant-quobjet-dynamique-1-300x199.jpg 300w, https:\/\/celineduong.com\/wp-content\/uploads\/2018\/04\/R0177346-en-tant-quobjet-dynamique-1-768x509.jpg 768w, https:\/\/celineduong.com\/wp-content\/uploads\/2018\/04\/R0177346-en-tant-quobjet-dynamique-1-247x163.jpg 247w, https:\/\/celineduong.com\/wp-content\/uploads\/2018\/04\/R0177346-en-tant-quobjet-dynamique-1-354x234.jpg 354w\" sizes=\"(max-width: 1024px) 100vw, 1024px\" \/><\/a>\n\t\t\t<\/div><\/figure><figure class='gallery-item'>\n\t\t\t<div class='gallery-icon landscape'>\n\t\t\t\t<a href='https:\/\/celineduong.com\/wp-content\/uploads\/2024\/11\/HL_CDUONG_2389956-scaled.jpg'><img width=\"1024\" height=\"678\" src=\"https:\/\/celineduong.com\/wp-content\/uploads\/2024\/11\/HL_CDUONG_2389956-1024x678.jpg\" class=\"attachment-large size-large\" alt=\"\" decoding=\"async\" loading=\"lazy\" srcset=\"https:\/\/celineduong.com\/wp-content\/uploads\/2024\/11\/HL_CDUONG_2389956-1024x678.jpg 1024w, https:\/\/celineduong.com\/wp-content\/uploads\/2024\/11\/HL_CDUONG_2389956-300x199.jpg 300w, https:\/\/celineduong.com\/wp-content\/uploads\/2024\/11\/HL_CDUONG_2389956-768x509.jpg 768w, https:\/\/celineduong.com\/wp-content\/uploads\/2024\/11\/HL_CDUONG_2389956-1536x1017.jpg 1536w, https:\/\/celineduong.com\/wp-content\/uploads\/2024\/11\/HL_CDUONG_2389956-2048x1357.jpg 2048w, https:\/\/celineduong.com\/wp-content\/uploads\/2024\/11\/HL_CDUONG_2389956-247x163.jpg 247w, https:\/\/celineduong.com\/wp-content\/uploads\/2024\/11\/HL_CDUONG_2389956-354x234.jpg 354w\" sizes=\"(max-width: 1024px) 100vw, 1024px\" \/><\/a>\n\t\t\t<\/div><\/figure><figure class='gallery-item'>\n\t\t\t<div class='gallery-icon landscape'>\n\t\t\t\t<a href='https:\/\/celineduong.com\/wp-content\/uploads\/2024\/11\/HL_CDUONG_2389946-scaled.jpg'><img width=\"1024\" height=\"678\" src=\"https:\/\/celineduong.com\/wp-content\/uploads\/2024\/11\/HL_CDUONG_2389946-1024x678.jpg\" class=\"attachment-large size-large\" alt=\"\" decoding=\"async\" loading=\"lazy\" srcset=\"https:\/\/celineduong.com\/wp-content\/uploads\/2024\/11\/HL_CDUONG_2389946-1024x678.jpg 1024w, https:\/\/celineduong.com\/wp-content\/uploads\/2024\/11\/HL_CDUONG_2389946-300x199.jpg 300w, https:\/\/celineduong.com\/wp-content\/uploads\/2024\/11\/HL_CDUONG_2389946-768x509.jpg 768w, https:\/\/celineduong.com\/wp-content\/uploads\/2024\/11\/HL_CDUONG_2389946-1536x1017.jpg 1536w, https:\/\/celineduong.com\/wp-content\/uploads\/2024\/11\/HL_CDUONG_2389946-2048x1357.jpg 2048w, https:\/\/celineduong.com\/wp-content\/uploads\/2024\/11\/HL_CDUONG_2389946-247x163.jpg 247w, https:\/\/celineduong.com\/wp-content\/uploads\/2024\/11\/HL_CDUONG_2389946-354x234.jpg 354w\" sizes=\"(max-width: 1024px) 100vw, 1024px\" \/><\/a>\n\t\t\t<\/div><\/figure><figure class='gallery-item'>\n\t\t\t<div class='gallery-icon landscape'>\n\t\t\t\t<a href='https:\/\/celineduong.com\/wp-content\/uploads\/2024\/11\/HL_CDUONG_2389945-scaled.jpg'><img width=\"1024\" height=\"678\" src=\"https:\/\/celineduong.com\/wp-content\/uploads\/2024\/11\/HL_CDUONG_2389945-1024x678.jpg\" class=\"attachment-large size-large\" alt=\"\" decoding=\"async\" loading=\"lazy\" srcset=\"https:\/\/celineduong.com\/wp-content\/uploads\/2024\/11\/HL_CDUONG_2389945-1024x678.jpg 1024w, https:\/\/celineduong.com\/wp-content\/uploads\/2024\/11\/HL_CDUONG_2389945-300x199.jpg 300w, https:\/\/celineduong.com\/wp-content\/uploads\/2024\/11\/HL_CDUONG_2389945-768x508.jpg 768w, https:\/\/celineduong.com\/wp-content\/uploads\/2024\/11\/HL_CDUONG_2389945-1536x1017.jpg 1536w, https:\/\/celineduong.com\/wp-content\/uploads\/2024\/11\/HL_CDUONG_2389945-2048x1356.jpg 2048w, https:\/\/celineduong.com\/wp-content\/uploads\/2024\/11\/HL_CDUONG_2389945-247x163.jpg 247w, https:\/\/celineduong.com\/wp-content\/uploads\/2024\/11\/HL_CDUONG_2389945-354x234.jpg 354w\" sizes=\"(max-width: 1024px) 100vw, 1024px\" \/><\/a>\n\t\t\t<\/div><\/figure><figure class='gallery-item'>\n\t\t\t<div class='gallery-icon landscape'>\n\t\t\t\t<a href='https:\/\/celineduong.com\/wp-content\/uploads\/2024\/11\/HL_CDUONG_2389944-scaled.jpg'><img width=\"1024\" height=\"678\" src=\"https:\/\/celineduong.com\/wp-content\/uploads\/2024\/11\/HL_CDUONG_2389944-1024x678.jpg\" class=\"attachment-large size-large\" alt=\"\" decoding=\"async\" loading=\"lazy\" srcset=\"https:\/\/celineduong.com\/wp-content\/uploads\/2024\/11\/HL_CDUONG_2389944-1024x678.jpg 1024w, https:\/\/celineduong.com\/wp-content\/uploads\/2024\/11\/HL_CDUONG_2389944-300x199.jpg 300w, https:\/\/celineduong.com\/wp-content\/uploads\/2024\/11\/HL_CDUONG_2389944-768x509.jpg 768w, https:\/\/celineduong.com\/wp-content\/uploads\/2024\/11\/HL_CDUONG_2389944-1536x1017.jpg 1536w, https:\/\/celineduong.com\/wp-content\/uploads\/2024\/11\/HL_CDUONG_2389944-2048x1356.jpg 2048w, https:\/\/celineduong.com\/wp-content\/uploads\/2024\/11\/HL_CDUONG_2389944-247x163.jpg 247w, https:\/\/celineduong.com\/wp-content\/uploads\/2024\/11\/HL_CDUONG_2389944-354x234.jpg 354w\" sizes=\"(max-width: 1024px) 100vw, 1024px\" \/><\/a>\n\t\t\t<\/div><\/figure><figure class='gallery-item'>\n\t\t\t<div class='gallery-icon landscape'>\n\t\t\t\t<a href='https:\/\/celineduong.com\/wp-content\/uploads\/2018\/04\/R0172608-en-tant-quobjet-dynamique-1.jpg'><img width=\"1024\" height=\"686\" src=\"https:\/\/celineduong.com\/wp-content\/uploads\/2018\/04\/R0172608-en-tant-quobjet-dynamique-1-1024x686.jpg\" class=\"attachment-large size-large\" alt=\"\" decoding=\"async\" loading=\"lazy\" srcset=\"https:\/\/celineduong.com\/wp-content\/uploads\/2018\/04\/R0172608-en-tant-quobjet-dynamique-1-1024x686.jpg 1024w, https:\/\/celineduong.com\/wp-content\/uploads\/2018\/04\/R0172608-en-tant-quobjet-dynamique-1-300x201.jpg 300w, https:\/\/celineduong.com\/wp-content\/uploads\/2018\/04\/R0172608-en-tant-quobjet-dynamique-1-768x515.jpg 768w, https:\/\/celineduong.com\/wp-content\/uploads\/2018\/04\/R0172608-en-tant-quobjet-dynamique-1-272x182.jpg 272w\" sizes=\"(max-width: 1024px) 100vw, 1024px\" \/><\/a>\n\t\t\t<\/div><\/figure><figure class='gallery-item'>\n\t\t\t<div class='gallery-icon landscape'>\n\t\t\t\t<a href='https:\/\/celineduong.com\/wp-content\/uploads\/2018\/04\/R0172160-en-tant-quobjet-dynamique-1-2.jpg'><img width=\"1024\" height=\"678\" src=\"https:\/\/celineduong.com\/wp-content\/uploads\/2018\/04\/R0172160-en-tant-quobjet-dynamique-1-2-1024x678.jpg\" class=\"attachment-large size-large\" alt=\"\" decoding=\"async\" loading=\"lazy\" srcset=\"https:\/\/celineduong.com\/wp-content\/uploads\/2018\/04\/R0172160-en-tant-quobjet-dynamique-1-2-1024x678.jpg 1024w, https:\/\/celineduong.com\/wp-content\/uploads\/2018\/04\/R0172160-en-tant-quobjet-dynamique-1-2-300x199.jpg 300w, https:\/\/celineduong.com\/wp-content\/uploads\/2018\/04\/R0172160-en-tant-quobjet-dynamique-1-2-768x509.jpg 768w, https:\/\/celineduong.com\/wp-content\/uploads\/2018\/04\/R0172160-en-tant-quobjet-dynamique-1-2-247x163.jpg 247w, https:\/\/celineduong.com\/wp-content\/uploads\/2018\/04\/R0172160-en-tant-quobjet-dynamique-1-2-354x234.jpg 354w\" sizes=\"(max-width: 1024px) 100vw, 1024px\" \/><\/a>\n\t\t\t<\/div><\/figure><figure class='gallery-item'>\n\t\t\t<div class='gallery-icon landscape'>\n\t\t\t\t<a href='https:\/\/celineduong.com\/wp-content\/uploads\/2019\/04\/R0172153-en-tant-quobjet-dynamique-1-3.jpg'><img width=\"1024\" height=\"678\" src=\"https:\/\/celineduong.com\/wp-content\/uploads\/2019\/04\/R0172153-en-tant-quobjet-dynamique-1-3-1024x678.jpg\" class=\"attachment-large size-large\" alt=\"\" decoding=\"async\" loading=\"lazy\" srcset=\"https:\/\/celineduong.com\/wp-content\/uploads\/2019\/04\/R0172153-en-tant-quobjet-dynamique-1-3-1024x678.jpg 1024w, https:\/\/celineduong.com\/wp-content\/uploads\/2019\/04\/R0172153-en-tant-quobjet-dynamique-1-3-300x199.jpg 300w, https:\/\/celineduong.com\/wp-content\/uploads\/2019\/04\/R0172153-en-tant-quobjet-dynamique-1-3-768x509.jpg 768w, https:\/\/celineduong.com\/wp-content\/uploads\/2019\/04\/R0172153-en-tant-quobjet-dynamique-1-3-247x163.jpg 247w, https:\/\/celineduong.com\/wp-content\/uploads\/2019\/04\/R0172153-en-tant-quobjet-dynamique-1-3-354x234.jpg 354w\" sizes=\"(max-width: 1024px) 100vw, 1024px\" \/><\/a>\n\t\t\t<\/div><\/figure><figure class='gallery-item'>\n\t\t\t<div class='gallery-icon landscape'>\n\t\t\t\t<a href='https:\/\/celineduong.com\/wp-content\/uploads\/2019\/04\/R0177472-en-tant-quobjet-dynamique-1-2.jpg'><img width=\"1024\" height=\"678\" src=\"https:\/\/celineduong.com\/wp-content\/uploads\/2019\/04\/R0177472-en-tant-quobjet-dynamique-1-2-1024x678.jpg\" class=\"attachment-large size-large\" alt=\"\" decoding=\"async\" loading=\"lazy\" srcset=\"https:\/\/celineduong.com\/wp-content\/uploads\/2019\/04\/R0177472-en-tant-quobjet-dynamique-1-2-1024x678.jpg 1024w, https:\/\/celineduong.com\/wp-content\/uploads\/2019\/04\/R0177472-en-tant-quobjet-dynamique-1-2-300x199.jpg 300w, https:\/\/celineduong.com\/wp-content\/uploads\/2019\/04\/R0177472-en-tant-quobjet-dynamique-1-2-768x509.jpg 768w, https:\/\/celineduong.com\/wp-content\/uploads\/2019\/04\/R0177472-en-tant-quobjet-dynamique-1-2-247x163.jpg 247w, https:\/\/celineduong.com\/wp-content\/uploads\/2019\/04\/R0177472-en-tant-quobjet-dynamique-1-2-354x234.jpg 354w\" sizes=\"(max-width: 1024px) 100vw, 1024px\" \/><\/a>\n\t\t\t<\/div><\/figure><figure class='gallery-item'>\n\t\t\t<div class='gallery-icon landscape'>\n\t\t\t\t<a href='https:\/\/celineduong.com\/wp-content\/uploads\/2018\/04\/R0172666-en-tant-quobjet-dynamique-1.jpg'><img width=\"1024\" height=\"678\" src=\"https:\/\/celineduong.com\/wp-content\/uploads\/2018\/04\/R0172666-en-tant-quobjet-dynamique-1-1024x678.jpg\" class=\"attachment-large size-large\" alt=\"\" decoding=\"async\" loading=\"lazy\" srcset=\"https:\/\/celineduong.com\/wp-content\/uploads\/2018\/04\/R0172666-en-tant-quobjet-dynamique-1-1024x678.jpg 1024w, https:\/\/celineduong.com\/wp-content\/uploads\/2018\/04\/R0172666-en-tant-quobjet-dynamique-1-300x199.jpg 300w, https:\/\/celineduong.com\/wp-content\/uploads\/2018\/04\/R0172666-en-tant-quobjet-dynamique-1-768x509.jpg 768w, https:\/\/celineduong.com\/wp-content\/uploads\/2018\/04\/R0172666-en-tant-quobjet-dynamique-1-247x163.jpg 247w, https:\/\/celineduong.com\/wp-content\/uploads\/2018\/04\/R0172666-en-tant-quobjet-dynamique-1-354x234.jpg 354w\" sizes=\"(max-width: 1024px) 100vw, 1024px\" \/><\/a>\n\t\t\t<\/div><\/figure><figure class='gallery-item'>\n\t\t\t<div class='gallery-icon landscape'>\n\t\t\t\t<a href='https:\/\/celineduong.com\/wp-content\/uploads\/2018\/04\/R0172669-en-tant-quobjet-dynamique-1.jpg'><img width=\"1024\" height=\"678\" src=\"https:\/\/celineduong.com\/wp-content\/uploads\/2018\/04\/R0172669-en-tant-quobjet-dynamique-1-1024x678.jpg\" class=\"attachment-large size-large\" alt=\"\" decoding=\"async\" loading=\"lazy\" srcset=\"https:\/\/celineduong.com\/wp-content\/uploads\/2018\/04\/R0172669-en-tant-quobjet-dynamique-1-1024x678.jpg 1024w, https:\/\/celineduong.com\/wp-content\/uploads\/2018\/04\/R0172669-en-tant-quobjet-dynamique-1-300x199.jpg 300w, https:\/\/celineduong.com\/wp-content\/uploads\/2018\/04\/R0172669-en-tant-quobjet-dynamique-1-768x509.jpg 768w, https:\/\/celineduong.com\/wp-content\/uploads\/2018\/04\/R0172669-en-tant-quobjet-dynamique-1-247x163.jpg 247w, https:\/\/celineduong.com\/wp-content\/uploads\/2018\/04\/R0172669-en-tant-quobjet-dynamique-1-354x234.jpg 354w\" sizes=\"(max-width: 1024px) 100vw, 1024px\" \/><\/a>\n\t\t\t<\/div><\/figure><figure class='gallery-item'>\n\t\t\t<div class='gallery-icon landscape'>\n\t\t\t\t<a href='https:\/\/celineduong.com\/wp-content\/uploads\/2024\/11\/HL_CDUONG_2389963-scaled.jpg'><img width=\"1024\" height=\"683\" src=\"https:\/\/celineduong.com\/wp-content\/uploads\/2024\/11\/HL_CDUONG_2389963-1024x683.jpg\" class=\"attachment-large size-large\" alt=\"\" decoding=\"async\" loading=\"lazy\" srcset=\"https:\/\/celineduong.com\/wp-content\/uploads\/2024\/11\/HL_CDUONG_2389963-1024x683.jpg 1024w, https:\/\/celineduong.com\/wp-content\/uploads\/2024\/11\/HL_CDUONG_2389963-300x200.jpg 300w, https:\/\/celineduong.com\/wp-content\/uploads\/2024\/11\/HL_CDUONG_2389963-768x512.jpg 768w, https:\/\/celineduong.com\/wp-content\/uploads\/2024\/11\/HL_CDUONG_2389963-1536x1024.jpg 1536w, https:\/\/celineduong.com\/wp-content\/uploads\/2024\/11\/HL_CDUONG_2389963-2048x1365.jpg 2048w, https:\/\/celineduong.com\/wp-content\/uploads\/2024\/11\/HL_CDUONG_2389963-720x480.jpg 720w, https:\/\/celineduong.com\/wp-content\/uploads\/2024\/11\/HL_CDUONG_2389963-272x182.jpg 272w\" sizes=\"(max-width: 1024px) 100vw, 1024px\" \/><\/a>\n\t\t\t<\/div><\/figure><figure class='gallery-item'>\n\t\t\t<div class='gallery-icon landscape'>\n\t\t\t\t<a href='https:\/\/celineduong.com\/wp-content\/uploads\/2024\/11\/HL_CDUONG_2389950-scaled.jpg'><img width=\"1024\" height=\"679\" src=\"https:\/\/celineduong.com\/wp-content\/uploads\/2024\/11\/HL_CDUONG_2389950-1024x679.jpg\" class=\"attachment-large size-large\" alt=\"\" decoding=\"async\" loading=\"lazy\" srcset=\"https:\/\/celineduong.com\/wp-content\/uploads\/2024\/11\/HL_CDUONG_2389950-1024x679.jpg 1024w, https:\/\/celineduong.com\/wp-content\/uploads\/2024\/11\/HL_CDUONG_2389950-300x199.jpg 300w, https:\/\/celineduong.com\/wp-content\/uploads\/2024\/11\/HL_CDUONG_2389950-768x509.jpg 768w, https:\/\/celineduong.com\/wp-content\/uploads\/2024\/11\/HL_CDUONG_2389950-1536x1018.jpg 1536w, https:\/\/celineduong.com\/wp-content\/uploads\/2024\/11\/HL_CDUONG_2389950-2048x1357.jpg 2048w, https:\/\/celineduong.com\/wp-content\/uploads\/2024\/11\/HL_CDUONG_2389950-247x163.jpg 247w, https:\/\/celineduong.com\/wp-content\/uploads\/2024\/11\/HL_CDUONG_2389950-354x234.jpg 354w\" sizes=\"(max-width: 1024px) 100vw, 1024px\" \/><\/a>\n\t\t\t<\/div><\/figure>\n\t\t<\/div>\n\n","protected":false},"excerpt":{"rendered":"<p>Le paysage a bien chang\u00e9 aux abords du fleuve s\u00e9parant Hong Kong et la Chine.&nbsp; Shenzhen, le village de p\u00eacheurs situ\u00e9 sur la rive continentale, s&rsquo;est mu\u00e9 en une m\u00e9gapole de plus de 12 millions d&rsquo;habitants, et des banlieues r\u00e9sidentielles immenses et vides ont supplant\u00e9 les anciennes terres agricoles.&nbsp; En l&rsquo;espace de quelques ann\u00e9es, Shenzhen [&hellip;]<\/p>\n","protected":false},"author":1,"featured_media":0,"parent":0,"menu_order":0,"comment_status":"closed","ping_status":"closed","template":"","meta":{"ngg_post_thumbnail":0},"_links":{"self":[{"href":"https:\/\/celineduong.com\/index.php\/wp-json\/wp\/v2\/pages\/9660"}],"collection":[{"href":"https:\/\/celineduong.com\/index.php\/wp-json\/wp\/v2\/pages"}],"about":[{"href":"https:\/\/celineduong.com\/index.php\/wp-json\/wp\/v2\/types\/page"}],"author":[{"embeddable":true,"href":"https:\/\/celineduong.com\/index.php\/wp-json\/wp\/v2\/users\/1"}],"replies":[{"embeddable":true,"href":"https:\/\/celineduong.com\/index.php\/wp-json\/wp\/v2\/comments?post=9660"}],"version-history":[{"count":120,"href":"https:\/\/celineduong.com\/index.php\/wp-json\/wp\/v2\/pages\/9660\/revisions"}],"predecessor-version":[{"id":16020,"href":"https:\/\/celineduong.com\/index.php\/wp-json\/wp\/v2\/pages\/9660\/revisions\/16020"}],"wp:attachment":[{"href":"https:\/\/celineduong.com\/index.php\/wp-json\/wp\/v2\/media?parent=9660"}],"curies":[{"name":"wp","href":"https:\/\/api.w.org\/{rel}","templated":true}]}}