{"id":9657,"date":"2019-04-22T17:34:08","date_gmt":"2019-04-22T15:34:08","guid":{"rendered":"http:\/\/celineduong.com\/?page_id=9657"},"modified":"2025-04-02T16:25:52","modified_gmt":"2025-04-02T14:25:52","slug":"tokyo","status":"publish","type":"page","link":"https:\/\/celineduong.com\/index.php\/tokyo\/","title":{"rendered":"Sunless Tokyo"},"content":{"rendered":"<p><span style=\"color: #000000;\">Insomnie matinale \u00e0 Tokyo. Le jour n\u2019est pas lev\u00e9 que d\u00e9j\u00e0, les premiers trains passent sous la fen\u00eatre de ma chambre, dans la banlieue de Kamata.<br \/>\n<\/span><span style=\"color: #000000;\">On m\u2019avait pr\u00e9venue : \u00ab Tokyo est une ville parcourue de trains, cousue de fils \u00e9lectriques, elle montre ses veines \u00bb*.<\/span><\/p>\n<p><span style=\"color: #000000;\">Une lumi\u00e8re cl\u00e9mente en ce mois de f\u00e9vrier baigne les all\u00e9es du parc Ueno et me tire de mon indolence. Mais d<\/span><span style=\"color: #000000;\">ans cette ville \u00e0 la fois verticale et souterraine, on circule sans y voir le jour, en empruntant des tunnels reliant un quartier \u00e0 l\u2019autre.<\/span><\/p>\n<p><span style=\"color: #000000;\">Les hommes en costume se pressent dans les bars minuscules de Shinjuku, au pied des tours de bureaux vides. <\/span><span style=\"color: #000000;\">Dans le petit bar de la Jet\u00e9e, aux murs tapiss\u00e9s d&rsquo;affiches de cin\u00e9ma, l&rsquo;ombre de Chris Marker et ses images de Tokyo qui me reviennent en m\u00e9moire.<\/span><\/p>\n<p>&nbsp;<\/p>\n<p><span style=\"color: #000000;\">*<em>Sans Soleil<\/em> (Chris Marker)<\/span><\/p>\n<p>&nbsp;<\/p>\n<div id='gallery-1' class='gallery galleryid-9657 gallery-columns-2 gallery-size-large'><figure class='gallery-item'>\n\t\t\t<div class='gallery-icon landscape'>\n\t\t\t\t<a href='https:\/\/celineduong.com\/wp-content\/uploads\/2019\/04\/IMG_5985.jpg'><img width=\"1024\" height=\"683\" src=\"https:\/\/celineduong.com\/wp-content\/uploads\/2019\/04\/IMG_5985-1024x683.jpg\" class=\"attachment-large size-large\" alt=\"\" decoding=\"async\" loading=\"lazy\" srcset=\"https:\/\/celineduong.com\/wp-content\/uploads\/2019\/04\/IMG_5985-1024x683.jpg 1024w, https:\/\/celineduong.com\/wp-content\/uploads\/2019\/04\/IMG_5985-300x200.jpg 300w, https:\/\/celineduong.com\/wp-content\/uploads\/2019\/04\/IMG_5985-768x512.jpg 768w, https:\/\/celineduong.com\/wp-content\/uploads\/2019\/04\/IMG_5985-272x182.jpg 272w\" sizes=\"(max-width: 1024px) 100vw, 1024px\" \/><\/a>\n\t\t\t<\/div><\/figure><figure class='gallery-item'>\n\t\t\t<div class='gallery-icon landscape'>\n\t\t\t\t<a href='https:\/\/celineduong.com\/wp-content\/uploads\/2019\/04\/1-1.jpg'><img width=\"1024\" height=\"683\" src=\"https:\/\/celineduong.com\/wp-content\/uploads\/2019\/04\/1-1-1024x683.jpg\" class=\"attachment-large size-large\" alt=\"\" decoding=\"async\" loading=\"lazy\" srcset=\"https:\/\/celineduong.com\/wp-content\/uploads\/2019\/04\/1-1-1024x683.jpg 1024w, https:\/\/celineduong.com\/wp-content\/uploads\/2019\/04\/1-1-300x200.jpg 300w, https:\/\/celineduong.com\/wp-content\/uploads\/2019\/04\/1-1-768x512.jpg 768w, https:\/\/celineduong.com\/wp-content\/uploads\/2019\/04\/1-1-272x182.jpg 272w\" sizes=\"(max-width: 1024px) 100vw, 1024px\" \/><\/a>\n\t\t\t<\/div><\/figure><figure class='gallery-item'>\n\t\t\t<div class='gallery-icon landscape'>\n\t\t\t\t<a href='https:\/\/celineduong.com\/wp-content\/uploads\/2017\/11\/P1010612-2.jpg'><img width=\"1024\" height=\"683\" src=\"https:\/\/celineduong.com\/wp-content\/uploads\/2017\/11\/P1010612-2-1024x683.jpg\" class=\"attachment-large size-large\" alt=\"\" decoding=\"async\" loading=\"lazy\" srcset=\"https:\/\/celineduong.com\/wp-content\/uploads\/2017\/11\/P1010612-2-1024x683.jpg 1024w, https:\/\/celineduong.com\/wp-content\/uploads\/2017\/11\/P1010612-2-300x200.jpg 300w, https:\/\/celineduong.com\/wp-content\/uploads\/2017\/11\/P1010612-2-768x512.jpg 768w, https:\/\/celineduong.com\/wp-content\/uploads\/2017\/11\/P1010612-2-272x182.jpg 272w\" sizes=\"(max-width: 1024px) 100vw, 1024px\" \/><\/a>\n\t\t\t<\/div><\/figure><figure class='gallery-item'>\n\t\t\t<div class='gallery-icon landscape'>\n\t\t\t\t<a href='https:\/\/celineduong.com\/wp-content\/uploads\/2017\/10\/P1010589-en-tant-quobjet-dynamique-2-1.jpg'><img width=\"1024\" height=\"683\" src=\"https:\/\/celineduong.com\/wp-content\/uploads\/2017\/10\/P1010589-en-tant-quobjet-dynamique-2-1-1024x683.jpg\" class=\"attachment-large size-large\" alt=\"\" decoding=\"async\" loading=\"lazy\" srcset=\"https:\/\/celineduong.com\/wp-content\/uploads\/2017\/10\/P1010589-en-tant-quobjet-dynamique-2-1-1024x683.jpg 1024w, https:\/\/celineduong.com\/wp-content\/uploads\/2017\/10\/P1010589-en-tant-quobjet-dynamique-2-1-300x200.jpg 300w, https:\/\/celineduong.com\/wp-content\/uploads\/2017\/10\/P1010589-en-tant-quobjet-dynamique-2-1-768x512.jpg 768w, https:\/\/celineduong.com\/wp-content\/uploads\/2017\/10\/P1010589-en-tant-quobjet-dynamique-2-1-272x182.jpg 272w\" sizes=\"(max-width: 1024px) 100vw, 1024px\" \/><\/a>\n\t\t\t<\/div><\/figure><figure class='gallery-item'>\n\t\t\t<div class='gallery-icon landscape'>\n\t\t\t\t<a href='https:\/\/celineduong.com\/wp-content\/uploads\/2017\/10\/IMG_3972.jpg'><img width=\"1024\" height=\"683\" src=\"https:\/\/celineduong.com\/wp-content\/uploads\/2017\/10\/IMG_3972-1024x683.jpg\" class=\"attachment-large size-large\" alt=\"\" decoding=\"async\" loading=\"lazy\" srcset=\"https:\/\/celineduong.com\/wp-content\/uploads\/2017\/10\/IMG_3972-1024x683.jpg 1024w, https:\/\/celineduong.com\/wp-content\/uploads\/2017\/10\/IMG_3972-300x200.jpg 300w, https:\/\/celineduong.com\/wp-content\/uploads\/2017\/10\/IMG_3972-768x512.jpg 768w, https:\/\/celineduong.com\/wp-content\/uploads\/2017\/10\/IMG_3972-272x182.jpg 272w\" sizes=\"(max-width: 1024px) 100vw, 1024px\" \/><\/a>\n\t\t\t<\/div><\/figure><figure class='gallery-item'>\n\t\t\t<div class='gallery-icon landscape'>\n\t\t\t\t<a href='https:\/\/celineduong.com\/wp-content\/uploads\/2017\/10\/P1010365-Copie-2.jpg'><img width=\"1024\" height=\"683\" src=\"https:\/\/celineduong.com\/wp-content\/uploads\/2017\/10\/P1010365-Copie-2-1024x683.jpg\" class=\"attachment-large size-large\" alt=\"\" decoding=\"async\" loading=\"lazy\" srcset=\"https:\/\/celineduong.com\/wp-content\/uploads\/2017\/10\/P1010365-Copie-2-1024x683.jpg 1024w, https:\/\/celineduong.com\/wp-content\/uploads\/2017\/10\/P1010365-Copie-2-300x200.jpg 300w, https:\/\/celineduong.com\/wp-content\/uploads\/2017\/10\/P1010365-Copie-2-768x512.jpg 768w, https:\/\/celineduong.com\/wp-content\/uploads\/2017\/10\/P1010365-Copie-2-650x433.jpg 650w, https:\/\/celineduong.com\/wp-content\/uploads\/2017\/10\/P1010365-Copie-2-272x182.jpg 272w\" sizes=\"(max-width: 1024px) 100vw, 1024px\" \/><\/a>\n\t\t\t<\/div><\/figure><figure class='gallery-item'>\n\t\t\t<div class='gallery-icon portrait'>\n\t\t\t\t<a href='https:\/\/celineduong.com\/wp-content\/uploads\/2017\/10\/IMG_3937.jpg'><img width=\"731\" height=\"1024\" src=\"https:\/\/celineduong.com\/wp-content\/uploads\/2017\/10\/IMG_3937-731x1024.jpg\" class=\"attachment-large size-large\" alt=\"\" decoding=\"async\" loading=\"lazy\" srcset=\"https:\/\/celineduong.com\/wp-content\/uploads\/2017\/10\/IMG_3937-731x1024.jpg 731w, https:\/\/celineduong.com\/wp-content\/uploads\/2017\/10\/IMG_3937-214x300.jpg 214w, https:\/\/celineduong.com\/wp-content\/uploads\/2017\/10\/IMG_3937-768x1075.jpg 768w, https:\/\/celineduong.com\/wp-content\/uploads\/2017\/10\/IMG_3937-464x650.jpg 464w\" sizes=\"(max-width: 731px) 100vw, 731px\" \/><\/a>\n\t\t\t<\/div><\/figure><figure class='gallery-item'>\n\t\t\t<div class='gallery-icon portrait'>\n\t\t\t\t<a href='https:\/\/celineduong.com\/wp-content\/uploads\/2017\/10\/P1010314-3.jpg'><img width=\"731\" height=\"1024\" src=\"https:\/\/celineduong.com\/wp-content\/uploads\/2017\/10\/P1010314-3-731x1024.jpg\" class=\"attachment-large size-large\" alt=\"\" decoding=\"async\" loading=\"lazy\" srcset=\"https:\/\/celineduong.com\/wp-content\/uploads\/2017\/10\/P1010314-3-731x1024.jpg 731w, https:\/\/celineduong.com\/wp-content\/uploads\/2017\/10\/P1010314-3-214x300.jpg 214w, https:\/\/celineduong.com\/wp-content\/uploads\/2017\/10\/P1010314-3-768x1075.jpg 768w, https:\/\/celineduong.com\/wp-content\/uploads\/2017\/10\/P1010314-3-464x650.jpg 464w, https:\/\/celineduong.com\/wp-content\/uploads\/2017\/10\/P1010314-3.jpg 1874w\" sizes=\"(max-width: 731px) 100vw, 731px\" \/><\/a>\n\t\t\t<\/div><\/figure><figure class='gallery-item'>\n\t\t\t<div class='gallery-icon landscape'>\n\t\t\t\t<a href='https:\/\/celineduong.com\/wp-content\/uploads\/2017\/10\/IMG_6070.jpg'><img width=\"1024\" height=\"683\" src=\"https:\/\/celineduong.com\/wp-content\/uploads\/2017\/10\/IMG_6070-1024x683.jpg\" class=\"attachment-large size-large\" alt=\"\" decoding=\"async\" loading=\"lazy\" srcset=\"https:\/\/celineduong.com\/wp-content\/uploads\/2017\/10\/IMG_6070-1024x683.jpg 1024w, https:\/\/celineduong.com\/wp-content\/uploads\/2017\/10\/IMG_6070-300x200.jpg 300w, https:\/\/celineduong.com\/wp-content\/uploads\/2017\/10\/IMG_6070-768x512.jpg 768w, https:\/\/celineduong.com\/wp-content\/uploads\/2017\/10\/IMG_6070-650x433.jpg 650w, https:\/\/celineduong.com\/wp-content\/uploads\/2017\/10\/IMG_6070-272x182.jpg 272w\" sizes=\"(max-width: 1024px) 100vw, 1024px\" \/><\/a>\n\t\t\t<\/div><\/figure><figure class='gallery-item'>\n\t\t\t<div class='gallery-icon landscape'>\n\t\t\t\t<a href='https:\/\/celineduong.com\/wp-content\/uploads\/2017\/10\/P1020215.jpg'><img width=\"1024\" height=\"682\" src=\"https:\/\/celineduong.com\/wp-content\/uploads\/2017\/10\/P1020215-1024x682.jpg\" class=\"attachment-large size-large\" alt=\"\" decoding=\"async\" loading=\"lazy\" srcset=\"https:\/\/celineduong.com\/wp-content\/uploads\/2017\/10\/P1020215-1024x682.jpg 1024w, https:\/\/celineduong.com\/wp-content\/uploads\/2017\/10\/P1020215-300x200.jpg 300w, https:\/\/celineduong.com\/wp-content\/uploads\/2017\/10\/P1020215-768x512.jpg 768w, https:\/\/celineduong.com\/wp-content\/uploads\/2017\/10\/P1020215-272x182.jpg 272w\" sizes=\"(max-width: 1024px) 100vw, 1024px\" \/><\/a>\n\t\t\t<\/div><\/figure><figure class='gallery-item'>\n\t\t\t<div class='gallery-icon landscape'>\n\t\t\t\t<a href='https:\/\/celineduong.com\/wp-content\/uploads\/2019\/04\/IMG_6137-copie.jpg'><img width=\"1024\" height=\"682\" src=\"https:\/\/celineduong.com\/wp-content\/uploads\/2019\/04\/IMG_6137-copie-1024x682.jpg\" class=\"attachment-large size-large\" alt=\"\" decoding=\"async\" loading=\"lazy\" srcset=\"https:\/\/celineduong.com\/wp-content\/uploads\/2019\/04\/IMG_6137-copie-1024x682.jpg 1024w, https:\/\/celineduong.com\/wp-content\/uploads\/2019\/04\/IMG_6137-copie-300x200.jpg 300w, https:\/\/celineduong.com\/wp-content\/uploads\/2019\/04\/IMG_6137-copie-768x512.jpg 768w, https:\/\/celineduong.com\/wp-content\/uploads\/2019\/04\/IMG_6137-copie-272x182.jpg 272w\" sizes=\"(max-width: 1024px) 100vw, 1024px\" \/><\/a>\n\t\t\t<\/div><\/figure><figure class='gallery-item'>\n\t\t\t<div class='gallery-icon landscape'>\n\t\t\t\t<a href='https:\/\/celineduong.com\/wp-content\/uploads\/2019\/04\/IMG_6163.jpg'><img width=\"1024\" height=\"683\" src=\"https:\/\/celineduong.com\/wp-content\/uploads\/2019\/04\/IMG_6163-1024x683.jpg\" class=\"attachment-large size-large\" alt=\"\" decoding=\"async\" loading=\"lazy\" srcset=\"https:\/\/celineduong.com\/wp-content\/uploads\/2019\/04\/IMG_6163-1024x683.jpg 1024w, https:\/\/celineduong.com\/wp-content\/uploads\/2019\/04\/IMG_6163-300x200.jpg 300w, https:\/\/celineduong.com\/wp-content\/uploads\/2019\/04\/IMG_6163-768x512.jpg 768w, https:\/\/celineduong.com\/wp-content\/uploads\/2019\/04\/IMG_6163-272x182.jpg 272w\" sizes=\"(max-width: 1024px) 100vw, 1024px\" \/><\/a>\n\t\t\t<\/div><\/figure>\n\t\t<\/div>\n\n","protected":false},"excerpt":{"rendered":"<p>Insomnie matinale \u00e0 Tokyo. Le jour n\u2019est pas lev\u00e9 que d\u00e9j\u00e0, les premiers trains passent sous la fen\u00eatre de ma chambre, dans la banlieue de Kamata. On m\u2019avait pr\u00e9venue : \u00ab Tokyo est une ville parcourue de trains, cousue de fils \u00e9lectriques, elle montre ses veines \u00bb*. Une lumi\u00e8re cl\u00e9mente en ce mois de f\u00e9vrier [&hellip;]<\/p>\n","protected":false},"author":1,"featured_media":0,"parent":0,"menu_order":0,"comment_status":"closed","ping_status":"closed","template":"","meta":{"ngg_post_thumbnail":0},"_links":{"self":[{"href":"https:\/\/celineduong.com\/index.php\/wp-json\/wp\/v2\/pages\/9657"}],"collection":[{"href":"https:\/\/celineduong.com\/index.php\/wp-json\/wp\/v2\/pages"}],"about":[{"href":"https:\/\/celineduong.com\/index.php\/wp-json\/wp\/v2\/types\/page"}],"author":[{"embeddable":true,"href":"https:\/\/celineduong.com\/index.php\/wp-json\/wp\/v2\/users\/1"}],"replies":[{"embeddable":true,"href":"https:\/\/celineduong.com\/index.php\/wp-json\/wp\/v2\/comments?post=9657"}],"version-history":[{"count":34,"href":"https:\/\/celineduong.com\/index.php\/wp-json\/wp\/v2\/pages\/9657\/revisions"}],"predecessor-version":[{"id":15975,"href":"https:\/\/celineduong.com\/index.php\/wp-json\/wp\/v2\/pages\/9657\/revisions\/15975"}],"wp:attachment":[{"href":"https:\/\/celineduong.com\/index.php\/wp-json\/wp\/v2\/media?parent=9657"}],"curies":[{"name":"wp","href":"https:\/\/api.w.org\/{rel}","templated":true}]}}