{"id":16071,"date":"2025-03-31T11:54:13","date_gmt":"2025-03-31T09:54:13","guid":{"rendered":"https:\/\/celineduong.com\/?page_id=16071"},"modified":"2025-07-09T15:34:12","modified_gmt":"2025-07-09T13:34:12","slug":"olympiades-75","status":"publish","type":"page","link":"https:\/\/celineduong.com\/index.php\/olympiades-75\/","title":{"rendered":"Olympiades 75"},"content":{"rendered":"<div id=\"pl-16071\"  class=\"panel-layout\" ><div id=\"pg-16071-0\"  class=\"panel-grid panel-no-style\" ><div id=\"pgc-16071-0-0\"  class=\"panel-grid-cell\" ><div id=\"panel-16071-0-0-0\" class=\"so-panel widget widget_sow-editor panel-first-child panel-last-child\" data-index=\"0\" ><div\n\t\t\t\n\t\t\tclass=\"so-widget-sow-editor so-widget-sow-editor-base\"\n\t\t\t\n\t\t>\n<div class=\"siteorigin-widget-tinymce textwidget\">\n\t<p class=\"cvGsUA direction-ltr align-justify para-style-body\"><span class=\"OYPEnA font-feature-liga-off font-feature-clig-off font-feature-calt-off text-decoration-none text-strikethrough-none\">1975, c\u2019est l\u2019ann\u00e9e \u00e0 laquelle est arriv\u00e9 mon p\u00e8re \u00e0 Paris. Il se souvient. Tout \u00e9tait d\u00e9j\u00e0 l\u00e0. Les tours de 30 \u00e9tages. Les toits des boutiques en forme de pagode. M\u00eame ce restaurant immense, le Chinatown, o\u00f9 l\u2019on f\u00eate le Nouvel An et les mariages de la communaut\u00e9 asiatique.<\/span><\/p>\n<p class=\"cvGsUA direction-ltr align-justify para-style-body\"><span class=\"OYPEnA font-feature-liga-off font-feature-clig-off font-feature-calt-off text-decoration-none text-strikethrough-none\">Cette ann\u00e9e-l\u00e0, cet ensemble de b\u00e9ton connu sous le nom des Olympiades s\u2019\u00e9levait de terre. Des immeubles de 100 m\u00e8tres de haut construit sur l\u2019emplacement d\u2019une ancienne gare \u00e0 charbon, mais boud\u00e9s par les Fran\u00e7ais qui refus\u00e8rent de s\u2019y installer. <\/span><span class=\"OYPEnA font-feature-liga-off font-feature-clig-off font-feature-calt-off text-decoration-none text-strikethrough-none\">Quelques mois plus tard, ce quartier vertical fut investi par les r\u00e9fugi\u00e9s asiatiques qui fuyaient le g\u00e9nocide des Khmers rouges au Cambodge*. Et tout autour, leurs commerces ont \u00e9clos, faisant de ce coin du 13\u00e8me arrondissement de Paris le plus grand quartier chinois d\u2019Europe.<br \/>\n<\/span><span class=\"OYPEnA font-feature-liga-off font-feature-clig-off font-feature-calt-off text-decoration-none text-strikethrough-none\">D\u00e9fini par un triangle cr\u00e9\u00e9 par l\u2019avenue de Choisy, le boulevard Mass\u00e9na et l\u2019avenue d\u2019Ivry, c\u2019est un quartier chinois loin des clich\u00e9s, habit\u00e9 par des communaut\u00e9s autant asiatiques que maghr\u00e9bines ou occidentales.<\/span><\/p>\n<p class=\"cvGsUA direction-ltr align-justify para-style-body\"><span class=\"OYPEnA font-feature-liga-off font-feature-clig-off font-feature-calt-off text-decoration-none text-strikethrough-none\">1975 marque aussi l\u2019arr\u00eat du projet des grands ensembles des Olympiades, dont l\u2019urbanisme est remis en question. <\/span><span class=\"OYPEnA font-feature-liga-off font-feature-clig-off font-feature-calt-off text-decoration-none text-strikethrough-none\">Sur les fondations avort\u00e9es, la v\u00e9g\u00e9tation a \u00e9merg\u00e9, encerclant les tours b\u00e9tonn\u00e9es dans une harmonie non calcul\u00e9e.<br \/>\n<\/span><span class=\"OYPEnA font-feature-liga-off font-feature-clig-off font-feature-calt-off text-decoration-none text-strikethrough-none\">Je capture ce morceau de ville sur des films Kodak UltraMax. En essayant cette pellicule les premi\u00e8res fois, je la trouvais trop satur\u00e9e. Ici, elle ravive le rouge \u00e9caill\u00e9 des murs et le c\u00f4t\u00e9 d\u00e9fra\u00eechi des grands ensembles propres aux ann\u00e9es 70. Ici, rien ou presque n\u2019a chang\u00e9 depuis 50 ans.<\/span><\/p>\n<p>&nbsp;<\/p>\n<p><span style=\"color: #000000;\">*L\u2019INSEE recense 20 000 immigr\u00e9s asiatiques en 1975 et 104 000 en 1982. Parmi ces immigr\u00e9s, on compte des ethnies du Vietnam, du Laos et du Cambodge, mais aussi des minorit\u00e9s chinoises qui formaient une proportion importante dans les villes de ces pays (Michelle Guillon, <em>Les Asiatiques en France<\/em>, article de 1995).<\/span><\/p>\n<\/div>\n<\/div><\/div><\/div><\/div><div id=\"pg-16071-1\"  class=\"panel-grid panel-no-style\" ><div id=\"pgc-16071-1-0\"  class=\"panel-grid-cell\" ><div id=\"panel-16071-1-0-0\" class=\"so-panel widget widget_sow-editor panel-first-child panel-last-child\" data-index=\"1\" ><div\n\t\t\t\n\t\t\tclass=\"so-widget-sow-editor so-widget-sow-editor-base\"\n\t\t\t\n\t\t>\n<div class=\"siteorigin-widget-tinymce textwidget\">\n\t<div id='gallery-1' class='gallery galleryid-16071 gallery-columns-2 gallery-size-large'><figure class='gallery-item'>\n\t\t\t<div class='gallery-icon landscape'>\n\t\t\t\t<a href='https:\/\/celineduong.com\/wp-content\/uploads\/2025\/03\/000073510001-2-scaled.jpg'><img width=\"1024\" height=\"679\" src=\"https:\/\/celineduong.com\/wp-content\/uploads\/2025\/03\/000073510001-2-1024x679.jpg\" class=\"attachment-large size-large\" alt=\"\" decoding=\"async\" loading=\"lazy\" srcset=\"https:\/\/celineduong.com\/wp-content\/uploads\/2025\/03\/000073510001-2-1024x679.jpg 1024w, https:\/\/celineduong.com\/wp-content\/uploads\/2025\/03\/000073510001-2-300x199.jpg 300w, https:\/\/celineduong.com\/wp-content\/uploads\/2025\/03\/000073510001-2-768x509.jpg 768w, https:\/\/celineduong.com\/wp-content\/uploads\/2025\/03\/000073510001-2-1536x1018.jpg 1536w, https:\/\/celineduong.com\/wp-content\/uploads\/2025\/03\/000073510001-2-2048x1358.jpg 2048w, https:\/\/celineduong.com\/wp-content\/uploads\/2025\/03\/000073510001-2-247x163.jpg 247w, https:\/\/celineduong.com\/wp-content\/uploads\/2025\/03\/000073510001-2-354x234.jpg 354w\" sizes=\"(max-width: 1024px) 100vw, 1024px\" \/><\/a>\n\t\t\t<\/div><\/figure><figure class='gallery-item'>\n\t\t\t<div class='gallery-icon landscape'>\n\t\t\t\t<a href='https:\/\/celineduong.com\/wp-content\/uploads\/2025\/03\/000073510021-2-scaled.jpg'><img width=\"1024\" height=\"679\" src=\"https:\/\/celineduong.com\/wp-content\/uploads\/2025\/03\/000073510021-2-1024x679.jpg\" class=\"attachment-large size-large\" alt=\"\" decoding=\"async\" loading=\"lazy\" srcset=\"https:\/\/celineduong.com\/wp-content\/uploads\/2025\/03\/000073510021-2-1024x679.jpg 1024w, https:\/\/celineduong.com\/wp-content\/uploads\/2025\/03\/000073510021-2-300x199.jpg 300w, https:\/\/celineduong.com\/wp-content\/uploads\/2025\/03\/000073510021-2-768x509.jpg 768w, https:\/\/celineduong.com\/wp-content\/uploads\/2025\/03\/000073510021-2-1536x1018.jpg 1536w, https:\/\/celineduong.com\/wp-content\/uploads\/2025\/03\/000073510021-2-2048x1358.jpg 2048w, https:\/\/celineduong.com\/wp-content\/uploads\/2025\/03\/000073510021-2-247x163.jpg 247w, https:\/\/celineduong.com\/wp-content\/uploads\/2025\/03\/000073510021-2-354x234.jpg 354w\" sizes=\"(max-width: 1024px) 100vw, 1024px\" \/><\/a>\n\t\t\t<\/div><\/figure><figure class='gallery-item'>\n\t\t\t<div class='gallery-icon portrait'>\n\t\t\t\t<a href='https:\/\/celineduong.com\/wp-content\/uploads\/2025\/03\/000073510004-2-scaled.jpg'><img width=\"679\" height=\"1024\" src=\"https:\/\/celineduong.com\/wp-content\/uploads\/2025\/03\/000073510004-2-679x1024.jpg\" class=\"attachment-large size-large\" alt=\"\" decoding=\"async\" loading=\"lazy\" srcset=\"https:\/\/celineduong.com\/wp-content\/uploads\/2025\/03\/000073510004-2-679x1024.jpg 679w, https:\/\/celineduong.com\/wp-content\/uploads\/2025\/03\/000073510004-2-199x300.jpg 199w, https:\/\/celineduong.com\/wp-content\/uploads\/2025\/03\/000073510004-2-768x1158.jpg 768w, https:\/\/celineduong.com\/wp-content\/uploads\/2025\/03\/000073510004-2-1018x1536.jpg 1018w, https:\/\/celineduong.com\/wp-content\/uploads\/2025\/03\/000073510004-2-1358x2048.jpg 1358w, https:\/\/celineduong.com\/wp-content\/uploads\/2025\/03\/000073510004-2-scaled.jpg 1697w\" sizes=\"(max-width: 679px) 100vw, 679px\" \/><\/a>\n\t\t\t<\/div><\/figure><figure class='gallery-item'>\n\t\t\t<div class='gallery-icon portrait'>\n\t\t\t\t<a href='https:\/\/celineduong.com\/wp-content\/uploads\/2025\/03\/000073510009-scaled.jpg'><img width=\"679\" height=\"1024\" src=\"https:\/\/celineduong.com\/wp-content\/uploads\/2025\/03\/000073510009-679x1024.jpg\" class=\"attachment-large size-large\" alt=\"\" decoding=\"async\" loading=\"lazy\" srcset=\"https:\/\/celineduong.com\/wp-content\/uploads\/2025\/03\/000073510009-679x1024.jpg 679w, https:\/\/celineduong.com\/wp-content\/uploads\/2025\/03\/000073510009-199x300.jpg 199w, https:\/\/celineduong.com\/wp-content\/uploads\/2025\/03\/000073510009-768x1158.jpg 768w, https:\/\/celineduong.com\/wp-content\/uploads\/2025\/03\/000073510009-1018x1536.jpg 1018w, https:\/\/celineduong.com\/wp-content\/uploads\/2025\/03\/000073510009-1358x2048.jpg 1358w, https:\/\/celineduong.com\/wp-content\/uploads\/2025\/03\/000073510009-scaled.jpg 1697w\" sizes=\"(max-width: 679px) 100vw, 679px\" \/><\/a>\n\t\t\t<\/div><\/figure><figure class='gallery-item'>\n\t\t\t<div class='gallery-icon portrait'>\n\t\t\t\t<a href='https:\/\/celineduong.com\/wp-content\/uploads\/2025\/03\/000022120006-2-scaled.jpg'><img width=\"679\" height=\"1024\" src=\"https:\/\/celineduong.com\/wp-content\/uploads\/2025\/03\/000022120006-2-679x1024.jpg\" class=\"attachment-large size-large\" alt=\"\" decoding=\"async\" loading=\"lazy\" srcset=\"https:\/\/celineduong.com\/wp-content\/uploads\/2025\/03\/000022120006-2-679x1024.jpg 679w, https:\/\/celineduong.com\/wp-content\/uploads\/2025\/03\/000022120006-2-199x300.jpg 199w, https:\/\/celineduong.com\/wp-content\/uploads\/2025\/03\/000022120006-2-768x1158.jpg 768w, https:\/\/celineduong.com\/wp-content\/uploads\/2025\/03\/000022120006-2-1018x1536.jpg 1018w, https:\/\/celineduong.com\/wp-content\/uploads\/2025\/03\/000022120006-2-1358x2048.jpg 1358w, https:\/\/celineduong.com\/wp-content\/uploads\/2025\/03\/000022120006-2-scaled.jpg 1697w\" sizes=\"(max-width: 679px) 100vw, 679px\" \/><\/a>\n\t\t\t<\/div><\/figure><figure class='gallery-item'>\n\t\t\t<div class='gallery-icon portrait'>\n\t\t\t\t<a href='https:\/\/celineduong.com\/wp-content\/uploads\/2025\/03\/000054210024-scaled.jpg'><img width=\"679\" height=\"1024\" src=\"https:\/\/celineduong.com\/wp-content\/uploads\/2025\/03\/000054210024-679x1024.jpg\" class=\"attachment-large size-large\" alt=\"\" decoding=\"async\" loading=\"lazy\" srcset=\"https:\/\/celineduong.com\/wp-content\/uploads\/2025\/03\/000054210024-679x1024.jpg 679w, https:\/\/celineduong.com\/wp-content\/uploads\/2025\/03\/000054210024-199x300.jpg 199w, https:\/\/celineduong.com\/wp-content\/uploads\/2025\/03\/000054210024-768x1158.jpg 768w, https:\/\/celineduong.com\/wp-content\/uploads\/2025\/03\/000054210024-1018x1536.jpg 1018w, https:\/\/celineduong.com\/wp-content\/uploads\/2025\/03\/000054210024-1358x2048.jpg 1358w, https:\/\/celineduong.com\/wp-content\/uploads\/2025\/03\/000054210024-scaled.jpg 1697w\" sizes=\"(max-width: 679px) 100vw, 679px\" \/><\/a>\n\t\t\t<\/div><\/figure><figure class='gallery-item'>\n\t\t\t<div class='gallery-icon portrait'>\n\t\t\t\t<a href='https:\/\/celineduong.com\/wp-content\/uploads\/2025\/07\/000054210022-2.jpg'><img width=\"679\" height=\"1024\" src=\"https:\/\/celineduong.com\/wp-content\/uploads\/2025\/07\/000054210022-2-679x1024.jpg\" class=\"attachment-large size-large\" alt=\"\" decoding=\"async\" loading=\"lazy\" srcset=\"https:\/\/celineduong.com\/wp-content\/uploads\/2025\/07\/000054210022-2-679x1024.jpg 679w, https:\/\/celineduong.com\/wp-content\/uploads\/2025\/07\/000054210022-2-199x300.jpg 199w, https:\/\/celineduong.com\/wp-content\/uploads\/2025\/07\/000054210022-2-768x1159.jpg 768w, https:\/\/celineduong.com\/wp-content\/uploads\/2025\/07\/000054210022-2-1018x1536.jpg 1018w, https:\/\/celineduong.com\/wp-content\/uploads\/2025\/07\/000054210022-2-1358x2048.jpg 1358w, https:\/\/celineduong.com\/wp-content\/uploads\/2025\/07\/000054210022-2.jpg 1685w\" sizes=\"(max-width: 679px) 100vw, 679px\" \/><\/a>\n\t\t\t<\/div><\/figure><figure class='gallery-item'>\n\t\t\t<div class='gallery-icon portrait'>\n\t\t\t\t<a href='https:\/\/celineduong.com\/wp-content\/uploads\/2025\/07\/000022120007-2-scaled.jpg'><img width=\"679\" height=\"1024\" src=\"https:\/\/celineduong.com\/wp-content\/uploads\/2025\/07\/000022120007-2-679x1024.jpg\" class=\"attachment-large size-large\" alt=\"\" decoding=\"async\" loading=\"lazy\" srcset=\"https:\/\/celineduong.com\/wp-content\/uploads\/2025\/07\/000022120007-2-679x1024.jpg 679w, https:\/\/celineduong.com\/wp-content\/uploads\/2025\/07\/000022120007-2-199x300.jpg 199w, https:\/\/celineduong.com\/wp-content\/uploads\/2025\/07\/000022120007-2-768x1159.jpg 768w, https:\/\/celineduong.com\/wp-content\/uploads\/2025\/07\/000022120007-2-1018x1536.jpg 1018w, https:\/\/celineduong.com\/wp-content\/uploads\/2025\/07\/000022120007-2-1358x2048.jpg 1358w, https:\/\/celineduong.com\/wp-content\/uploads\/2025\/07\/000022120007-2-scaled.jpg 1697w\" sizes=\"(max-width: 679px) 100vw, 679px\" \/><\/a>\n\t\t\t<\/div><\/figure><figure class='gallery-item'>\n\t\t\t<div class='gallery-icon portrait'>\n\t\t\t\t<a href='https:\/\/celineduong.com\/wp-content\/uploads\/2025\/07\/000022120032-scaled.jpg'><img width=\"679\" height=\"1024\" src=\"https:\/\/celineduong.com\/wp-content\/uploads\/2025\/07\/000022120032-679x1024.jpg\" class=\"attachment-large size-large\" alt=\"\" decoding=\"async\" loading=\"lazy\" srcset=\"https:\/\/celineduong.com\/wp-content\/uploads\/2025\/07\/000022120032-679x1024.jpg 679w, https:\/\/celineduong.com\/wp-content\/uploads\/2025\/07\/000022120032-199x300.jpg 199w, https:\/\/celineduong.com\/wp-content\/uploads\/2025\/07\/000022120032-768x1158.jpg 768w, https:\/\/celineduong.com\/wp-content\/uploads\/2025\/07\/000022120032-1018x1536.jpg 1018w, https:\/\/celineduong.com\/wp-content\/uploads\/2025\/07\/000022120032-1358x2048.jpg 1358w, https:\/\/celineduong.com\/wp-content\/uploads\/2025\/07\/000022120032-scaled.jpg 1697w\" sizes=\"(max-width: 679px) 100vw, 679px\" \/><\/a>\n\t\t\t<\/div><\/figure><figure class='gallery-item'>\n\t\t\t<div class='gallery-icon portrait'>\n\t\t\t\t<a href='https:\/\/celineduong.com\/wp-content\/uploads\/2025\/03\/000022120028-2-scaled.jpg'><img width=\"679\" height=\"1024\" src=\"https:\/\/celineduong.com\/wp-content\/uploads\/2025\/03\/000022120028-2-679x1024.jpg\" class=\"attachment-large size-large\" alt=\"\" decoding=\"async\" loading=\"lazy\" srcset=\"https:\/\/celineduong.com\/wp-content\/uploads\/2025\/03\/000022120028-2-679x1024.jpg 679w, https:\/\/celineduong.com\/wp-content\/uploads\/2025\/03\/000022120028-2-199x300.jpg 199w, https:\/\/celineduong.com\/wp-content\/uploads\/2025\/03\/000022120028-2-768x1158.jpg 768w, https:\/\/celineduong.com\/wp-content\/uploads\/2025\/03\/000022120028-2-1018x1536.jpg 1018w, https:\/\/celineduong.com\/wp-content\/uploads\/2025\/03\/000022120028-2-1358x2048.jpg 1358w, https:\/\/celineduong.com\/wp-content\/uploads\/2025\/03\/000022120028-2-scaled.jpg 1697w\" sizes=\"(max-width: 679px) 100vw, 679px\" \/><\/a>\n\t\t\t<\/div><\/figure><figure class='gallery-item'>\n\t\t\t<div class='gallery-icon landscape'>\n\t\t\t\t<a href='https:\/\/celineduong.com\/wp-content\/uploads\/2025\/03\/000022120024-2-scaled.jpg'><img width=\"1024\" height=\"679\" src=\"https:\/\/celineduong.com\/wp-content\/uploads\/2025\/03\/000022120024-2-1024x679.jpg\" class=\"attachment-large size-large\" alt=\"\" decoding=\"async\" loading=\"lazy\" srcset=\"https:\/\/celineduong.com\/wp-content\/uploads\/2025\/03\/000022120024-2-1024x679.jpg 1024w, https:\/\/celineduong.com\/wp-content\/uploads\/2025\/03\/000022120024-2-300x199.jpg 300w, https:\/\/celineduong.com\/wp-content\/uploads\/2025\/03\/000022120024-2-768x509.jpg 768w, https:\/\/celineduong.com\/wp-content\/uploads\/2025\/03\/000022120024-2-1536x1018.jpg 1536w, https:\/\/celineduong.com\/wp-content\/uploads\/2025\/03\/000022120024-2-2048x1358.jpg 2048w, https:\/\/celineduong.com\/wp-content\/uploads\/2025\/03\/000022120024-2-247x163.jpg 247w, https:\/\/celineduong.com\/wp-content\/uploads\/2025\/03\/000022120024-2-354x234.jpg 354w\" sizes=\"(max-width: 1024px) 100vw, 1024px\" \/><\/a>\n\t\t\t<\/div><\/figure><figure class='gallery-item'>\n\t\t\t<div class='gallery-icon landscape'>\n\t\t\t\t<a href='https:\/\/celineduong.com\/wp-content\/uploads\/2025\/03\/000054210026-2-scaled.jpg'><img width=\"1024\" height=\"679\" src=\"https:\/\/celineduong.com\/wp-content\/uploads\/2025\/03\/000054210026-2-1024x679.jpg\" class=\"attachment-large size-large\" alt=\"\" decoding=\"async\" loading=\"lazy\" srcset=\"https:\/\/celineduong.com\/wp-content\/uploads\/2025\/03\/000054210026-2-1024x679.jpg 1024w, https:\/\/celineduong.com\/wp-content\/uploads\/2025\/03\/000054210026-2-300x199.jpg 300w, https:\/\/celineduong.com\/wp-content\/uploads\/2025\/03\/000054210026-2-768x509.jpg 768w, https:\/\/celineduong.com\/wp-content\/uploads\/2025\/03\/000054210026-2-1536x1018.jpg 1536w, https:\/\/celineduong.com\/wp-content\/uploads\/2025\/03\/000054210026-2-2048x1358.jpg 2048w, https:\/\/celineduong.com\/wp-content\/uploads\/2025\/03\/000054210026-2-247x163.jpg 247w, https:\/\/celineduong.com\/wp-content\/uploads\/2025\/03\/000054210026-2-354x234.jpg 354w\" sizes=\"(max-width: 1024px) 100vw, 1024px\" \/><\/a>\n\t\t\t<\/div><\/figure><figure class='gallery-item'>\n\t\t\t<div class='gallery-icon portrait'>\n\t\t\t\t<a href='https:\/\/celineduong.com\/wp-content\/uploads\/2025\/07\/000073510017-2-scaled.jpg'><img width=\"679\" height=\"1024\" src=\"https:\/\/celineduong.com\/wp-content\/uploads\/2025\/07\/000073510017-2-679x1024.jpg\" class=\"attachment-large size-large\" alt=\"\" decoding=\"async\" loading=\"lazy\" srcset=\"https:\/\/celineduong.com\/wp-content\/uploads\/2025\/07\/000073510017-2-679x1024.jpg 679w, https:\/\/celineduong.com\/wp-content\/uploads\/2025\/07\/000073510017-2-199x300.jpg 199w, https:\/\/celineduong.com\/wp-content\/uploads\/2025\/07\/000073510017-2-768x1158.jpg 768w, https:\/\/celineduong.com\/wp-content\/uploads\/2025\/07\/000073510017-2-1018x1536.jpg 1018w, https:\/\/celineduong.com\/wp-content\/uploads\/2025\/07\/000073510017-2-1358x2048.jpg 1358w, https:\/\/celineduong.com\/wp-content\/uploads\/2025\/07\/000073510017-2-scaled.jpg 1697w\" sizes=\"(max-width: 679px) 100vw, 679px\" \/><\/a>\n\t\t\t<\/div><\/figure><figure class='gallery-item'>\n\t\t\t<div class='gallery-icon portrait'>\n\t\t\t\t<a href='https:\/\/celineduong.com\/wp-content\/uploads\/2025\/03\/000022120034-2-2-scaled.jpg'><img width=\"679\" height=\"1024\" src=\"https:\/\/celineduong.com\/wp-content\/uploads\/2025\/03\/000022120034-2-2-679x1024.jpg\" class=\"attachment-large size-large\" alt=\"\" decoding=\"async\" loading=\"lazy\" srcset=\"https:\/\/celineduong.com\/wp-content\/uploads\/2025\/03\/000022120034-2-2-679x1024.jpg 679w, https:\/\/celineduong.com\/wp-content\/uploads\/2025\/03\/000022120034-2-2-199x300.jpg 199w, https:\/\/celineduong.com\/wp-content\/uploads\/2025\/03\/000022120034-2-2-768x1158.jpg 768w, https:\/\/celineduong.com\/wp-content\/uploads\/2025\/03\/000022120034-2-2-1018x1536.jpg 1018w, https:\/\/celineduong.com\/wp-content\/uploads\/2025\/03\/000022120034-2-2-1358x2048.jpg 1358w, https:\/\/celineduong.com\/wp-content\/uploads\/2025\/03\/000022120034-2-2-scaled.jpg 1697w\" sizes=\"(max-width: 679px) 100vw, 679px\" \/><\/a>\n\t\t\t<\/div><\/figure><figure class='gallery-item'>\n\t\t\t<div class='gallery-icon portrait'>\n\t\t\t\t<a href='https:\/\/celineduong.com\/wp-content\/uploads\/2025\/07\/000022120037-2-scaled.jpg'><img width=\"679\" height=\"1024\" src=\"https:\/\/celineduong.com\/wp-content\/uploads\/2025\/07\/000022120037-2-679x1024.jpg\" class=\"attachment-large size-large\" alt=\"\" decoding=\"async\" loading=\"lazy\" srcset=\"https:\/\/celineduong.com\/wp-content\/uploads\/2025\/07\/000022120037-2-679x1024.jpg 679w, https:\/\/celineduong.com\/wp-content\/uploads\/2025\/07\/000022120037-2-199x300.jpg 199w, https:\/\/celineduong.com\/wp-content\/uploads\/2025\/07\/000022120037-2-768x1158.jpg 768w, https:\/\/celineduong.com\/wp-content\/uploads\/2025\/07\/000022120037-2-1019x1536.jpg 1019w, https:\/\/celineduong.com\/wp-content\/uploads\/2025\/07\/000022120037-2-1358x2048.jpg 1358w, https:\/\/celineduong.com\/wp-content\/uploads\/2025\/07\/000022120037-2-scaled.jpg 1698w\" sizes=\"(max-width: 679px) 100vw, 679px\" \/><\/a>\n\t\t\t<\/div><\/figure><figure class='gallery-item'>\n\t\t\t<div class='gallery-icon portrait'>\n\t\t\t\t<a href='https:\/\/celineduong.com\/wp-content\/uploads\/2025\/03\/000073510026-2-scaled.jpg'><img width=\"679\" height=\"1024\" src=\"https:\/\/celineduong.com\/wp-content\/uploads\/2025\/03\/000073510026-2-679x1024.jpg\" class=\"attachment-large size-large\" alt=\"\" decoding=\"async\" loading=\"lazy\" srcset=\"https:\/\/celineduong.com\/wp-content\/uploads\/2025\/03\/000073510026-2-679x1024.jpg 679w, https:\/\/celineduong.com\/wp-content\/uploads\/2025\/03\/000073510026-2-199x300.jpg 199w, https:\/\/celineduong.com\/wp-content\/uploads\/2025\/03\/000073510026-2-768x1159.jpg 768w, https:\/\/celineduong.com\/wp-content\/uploads\/2025\/03\/000073510026-2-1018x1536.jpg 1018w, https:\/\/celineduong.com\/wp-content\/uploads\/2025\/03\/000073510026-2-1357x2048.jpg 1357w, https:\/\/celineduong.com\/wp-content\/uploads\/2025\/03\/000073510026-2-scaled.jpg 1697w\" sizes=\"(max-width: 679px) 100vw, 679px\" \/><\/a>\n\t\t\t<\/div><\/figure><figure class='gallery-item'>\n\t\t\t<div class='gallery-icon landscape'>\n\t\t\t\t<a href='https:\/\/celineduong.com\/wp-content\/uploads\/2025\/07\/000073510025-scaled.jpg'><img width=\"1024\" height=\"679\" src=\"https:\/\/celineduong.com\/wp-content\/uploads\/2025\/07\/000073510025-1024x679.jpg\" class=\"attachment-large size-large\" alt=\"\" decoding=\"async\" loading=\"lazy\" srcset=\"https:\/\/celineduong.com\/wp-content\/uploads\/2025\/07\/000073510025-1024x679.jpg 1024w, https:\/\/celineduong.com\/wp-content\/uploads\/2025\/07\/000073510025-300x199.jpg 300w, https:\/\/celineduong.com\/wp-content\/uploads\/2025\/07\/000073510025-768x509.jpg 768w, https:\/\/celineduong.com\/wp-content\/uploads\/2025\/07\/000073510025-1536x1018.jpg 1536w, https:\/\/celineduong.com\/wp-content\/uploads\/2025\/07\/000073510025-2048x1358.jpg 2048w, https:\/\/celineduong.com\/wp-content\/uploads\/2025\/07\/000073510025-247x163.jpg 247w, https:\/\/celineduong.com\/wp-content\/uploads\/2025\/07\/000073510025-354x234.jpg 354w\" sizes=\"(max-width: 1024px) 100vw, 1024px\" \/><\/a>\n\t\t\t<\/div><\/figure><figure class='gallery-item'>\n\t\t\t<div class='gallery-icon landscape'>\n\t\t\t\t<a href='https:\/\/celineduong.com\/wp-content\/uploads\/2025\/07\/000073510028-2-scaled.jpg'><img width=\"1024\" height=\"679\" src=\"https:\/\/celineduong.com\/wp-content\/uploads\/2025\/07\/000073510028-2-1024x679.jpg\" class=\"attachment-large size-large\" alt=\"\" decoding=\"async\" loading=\"lazy\" srcset=\"https:\/\/celineduong.com\/wp-content\/uploads\/2025\/07\/000073510028-2-1024x679.jpg 1024w, https:\/\/celineduong.com\/wp-content\/uploads\/2025\/07\/000073510028-2-300x199.jpg 300w, https:\/\/celineduong.com\/wp-content\/uploads\/2025\/07\/000073510028-2-768x509.jpg 768w, https:\/\/celineduong.com\/wp-content\/uploads\/2025\/07\/000073510028-2-1536x1018.jpg 1536w, https:\/\/celineduong.com\/wp-content\/uploads\/2025\/07\/000073510028-2-2048x1358.jpg 2048w, https:\/\/celineduong.com\/wp-content\/uploads\/2025\/07\/000073510028-2-247x163.jpg 247w, https:\/\/celineduong.com\/wp-content\/uploads\/2025\/07\/000073510028-2-354x234.jpg 354w\" sizes=\"(max-width: 1024px) 100vw, 1024px\" \/><\/a>\n\t\t\t<\/div><\/figure>\n\t\t<\/div>\n\n<\/div>\n<\/div><\/div><\/div><\/div><\/div>","protected":false},"excerpt":{"rendered":"<p>1975, c\u2019est l\u2019ann\u00e9e \u00e0 laquelle est arriv\u00e9 mon p\u00e8re \u00e0 Paris. Il se souvient. Tout \u00e9tait d\u00e9j\u00e0 l\u00e0. Les tours de 30 \u00e9tages. Les toits des boutiques en forme de pagode. M\u00eame ce restaurant immense, le Chinatown, o\u00f9 l\u2019on f\u00eate le Nouvel An et les mariages de la communaut\u00e9 asiatique. Cette ann\u00e9e-l\u00e0, cet ensemble de [&hellip;]<\/p>\n","protected":false},"author":1,"featured_media":0,"parent":0,"menu_order":0,"comment_status":"closed","ping_status":"closed","template":"","meta":{"ngg_post_thumbnail":0},"_links":{"self":[{"href":"https:\/\/celineduong.com\/index.php\/wp-json\/wp\/v2\/pages\/16071"}],"collection":[{"href":"https:\/\/celineduong.com\/index.php\/wp-json\/wp\/v2\/pages"}],"about":[{"href":"https:\/\/celineduong.com\/index.php\/wp-json\/wp\/v2\/types\/page"}],"author":[{"embeddable":true,"href":"https:\/\/celineduong.com\/index.php\/wp-json\/wp\/v2\/users\/1"}],"replies":[{"embeddable":true,"href":"https:\/\/celineduong.com\/index.php\/wp-json\/wp\/v2\/comments?post=16071"}],"version-history":[{"count":15,"href":"https:\/\/celineduong.com\/index.php\/wp-json\/wp\/v2\/pages\/16071\/revisions"}],"predecessor-version":[{"id":16134,"href":"https:\/\/celineduong.com\/index.php\/wp-json\/wp\/v2\/pages\/16071\/revisions\/16134"}],"wp:attachment":[{"href":"https:\/\/celineduong.com\/index.php\/wp-json\/wp\/v2\/media?parent=16071"}],"curies":[{"name":"wp","href":"https:\/\/api.w.org\/{rel}","templated":true}]}}