{"id":16029,"date":"2024-11-02T10:56:09","date_gmt":"2024-11-02T09:56:09","guid":{"rendered":"https:\/\/celineduong.com\/?page_id=16029"},"modified":"2024-11-02T11:03:06","modified_gmt":"2024-11-02T10:03:06","slug":"la-papeterie-centenaire-de-stenay-reprend-vie-reportage-pour-lhumanite-magazine","status":"publish","type":"page","link":"https:\/\/celineduong.com\/index.php\/la-papeterie-centenaire-de-stenay-reprend-vie-reportage-pour-lhumanite-magazine\/","title":{"rendered":"La Papeterie centenaire de Stenay reprend vie (reportage pour L&rsquo;Humanit\u00e9 Magazine)"},"content":{"rendered":"<p>Les salari\u00e9s de la papeterie de Stenay, pr\u00e8s de Verdun, ont remis en marche le 27 novembre la ligne de production de papier couch\u00e9. Apr\u00e8s six mois de lutte pour pr\u00e9server de la fermeture le site et ses 130 emplois, ils esp\u00e8rent se relancer gr\u00e2ce \u00e0 l\u2019arriv\u00e9e d\u2019un repreneur.<\/p>\n<div id='gallery-1' class='gallery galleryid-16029 gallery-columns-1 gallery-size-full'><figure class='gallery-item'>\n\t\t\t<div class='gallery-icon landscape'>\n\t\t\t\t<a href='https:\/\/celineduong.com\/wp-content\/uploads\/2024\/01\/double-1.jpg'><img width=\"2268\" height=\"1531\" src=\"https:\/\/celineduong.com\/wp-content\/uploads\/2024\/01\/double-1.jpg\" class=\"attachment-full size-full\" alt=\"\" decoding=\"async\" loading=\"lazy\" srcset=\"https:\/\/celineduong.com\/wp-content\/uploads\/2024\/01\/double-1.jpg 2268w, https:\/\/celineduong.com\/wp-content\/uploads\/2024\/01\/double-1-300x203.jpg 300w, https:\/\/celineduong.com\/wp-content\/uploads\/2024\/01\/double-1-1024x691.jpg 1024w, https:\/\/celineduong.com\/wp-content\/uploads\/2024\/01\/double-1-768x518.jpg 768w, https:\/\/celineduong.com\/wp-content\/uploads\/2024\/01\/double-1-1536x1037.jpg 1536w, https:\/\/celineduong.com\/wp-content\/uploads\/2024\/01\/double-1-2048x1382.jpg 2048w\" sizes=\"(max-width: 2268px) 100vw, 2268px\" \/><\/a>\n\t\t\t<\/div><\/figure><figure class='gallery-item'>\n\t\t\t<div class='gallery-icon landscape'>\n\t\t\t\t<a href='https:\/\/celineduong.com\/wp-content\/uploads\/2024\/01\/double-2.jpg'><img width=\"2268\" height=\"1531\" src=\"https:\/\/celineduong.com\/wp-content\/uploads\/2024\/01\/double-2.jpg\" class=\"attachment-full size-full\" alt=\"\" decoding=\"async\" loading=\"lazy\" srcset=\"https:\/\/celineduong.com\/wp-content\/uploads\/2024\/01\/double-2.jpg 2268w, https:\/\/celineduong.com\/wp-content\/uploads\/2024\/01\/double-2-300x203.jpg 300w, https:\/\/celineduong.com\/wp-content\/uploads\/2024\/01\/double-2-1024x691.jpg 1024w, https:\/\/celineduong.com\/wp-content\/uploads\/2024\/01\/double-2-768x518.jpg 768w, https:\/\/celineduong.com\/wp-content\/uploads\/2024\/01\/double-2-1536x1037.jpg 1536w, https:\/\/celineduong.com\/wp-content\/uploads\/2024\/01\/double-2-2048x1382.jpg 2048w\" sizes=\"(max-width: 2268px) 100vw, 2268px\" \/><\/a>\n\t\t\t<\/div><\/figure><figure class='gallery-item'>\n\t\t\t<div class='gallery-icon portrait'>\n\t\t\t\t<a href='https:\/\/celineduong.com\/wp-content\/uploads\/2024\/11\/double-3-1.jpg'><img width=\"1130\" height=\"1506\" src=\"https:\/\/celineduong.com\/wp-content\/uploads\/2024\/11\/double-3-1.jpg\" class=\"attachment-full size-full\" alt=\"\" decoding=\"async\" loading=\"lazy\" srcset=\"https:\/\/celineduong.com\/wp-content\/uploads\/2024\/11\/double-3-1.jpg 1130w, https:\/\/celineduong.com\/wp-content\/uploads\/2024\/11\/double-3-1-225x300.jpg 225w, https:\/\/celineduong.com\/wp-content\/uploads\/2024\/11\/double-3-1-768x1024.jpg 768w\" sizes=\"(max-width: 1130px) 100vw, 1130px\" \/><\/a>\n\t\t\t<\/div><\/figure>\n\t\t<\/div>\n\n","protected":false},"excerpt":{"rendered":"<p>Les salari\u00e9s de la papeterie de Stenay, pr\u00e8s de Verdun, ont remis en marche le 27 novembre la ligne de production de papier couch\u00e9. Apr\u00e8s six mois de lutte pour pr\u00e9server de la fermeture le site et ses 130 emplois, ils esp\u00e8rent se relancer gr\u00e2ce \u00e0 l\u2019arriv\u00e9e d\u2019un repreneur.<\/p>\n","protected":false},"author":1,"featured_media":0,"parent":0,"menu_order":0,"comment_status":"closed","ping_status":"closed","template":"","meta":{"ngg_post_thumbnail":0},"_links":{"self":[{"href":"https:\/\/celineduong.com\/index.php\/wp-json\/wp\/v2\/pages\/16029"}],"collection":[{"href":"https:\/\/celineduong.com\/index.php\/wp-json\/wp\/v2\/pages"}],"about":[{"href":"https:\/\/celineduong.com\/index.php\/wp-json\/wp\/v2\/types\/page"}],"author":[{"embeddable":true,"href":"https:\/\/celineduong.com\/index.php\/wp-json\/wp\/v2\/users\/1"}],"replies":[{"embeddable":true,"href":"https:\/\/celineduong.com\/index.php\/wp-json\/wp\/v2\/comments?post=16029"}],"version-history":[{"count":3,"href":"https:\/\/celineduong.com\/index.php\/wp-json\/wp\/v2\/pages\/16029\/revisions"}],"predecessor-version":[{"id":16035,"href":"https:\/\/celineduong.com\/index.php\/wp-json\/wp\/v2\/pages\/16029\/revisions\/16035"}],"wp:attachment":[{"href":"https:\/\/celineduong.com\/index.php\/wp-json\/wp\/v2\/media?parent=16029"}],"curies":[{"name":"wp","href":"https:\/\/api.w.org\/{rel}","templated":true}]}}