{"id":14568,"date":"2021-09-14T16:42:19","date_gmt":"2021-09-14T14:42:19","guid":{"rendered":"http:\/\/celineduong.com\/?page_id=14568"},"modified":"2024-10-31T16:14:58","modified_gmt":"2024-10-31T15:14:58","slug":"growing-up-in-noisy-residence","status":"publish","type":"page","link":"https:\/\/celineduong.com\/index.php\/growing-up-in-noisy-residence\/","title":{"rendered":"Growing up in Noisy Residence"},"content":{"rendered":"<p><span style=\"color: #000000;\">In Noisy-le-Grand, a suburban city near Paris, 60&nbsp;000 m2 of office space and 800 apartments will soon spring up as a part of the <em>\u00ab&nbsp;Grand Paris&nbsp;\u00bb<\/em> project (an urban transformation project aimed to develop several areas around Paris).<br \/>\nWithin the area concerned, <em>Noisy Residence<\/em>, a hostel serving as emergency housing for 600 people, where large families \u2013 sometimes of more than 10 people &#8211; are packed into one room, is soon to be demolished. &nbsp;&nbsp;&nbsp;&nbsp;&nbsp;<\/span><\/p>\n<p><span style=\"color: #000000;\">A resident tells me&nbsp;<em>: \u00ab&nbsp;Noisy-le-Grand will be included in the <\/em>\u00ab&nbsp;Grand Paris&nbsp;\u00bb<em> and here, everything will be demolished. What are they gonna do with the people living there&nbsp;? Well, they are gonna move them further away\u2026&nbsp;\u00bb<\/em><\/span><\/p>\n<p><span style=\"color: #000000;\">To photograph <em>Noisy Residence<\/em>, a condamned and invisible place where visitors are forbidden, is to resign oneself to see from the outside only, and to imagine \u2013 by talking to its residents &#8211;&nbsp;&nbsp; how life takes place within. &nbsp;<\/span><\/p>\n<p><span style=\"color: #000000;\">(Noisy-le-Grand, 2017-2018)<\/span><\/p>\n<div id='gallery-1' class='gallery galleryid-14568 gallery-columns-2 gallery-size-large'><figure class='gallery-item'>\n\t\t\t<div class='gallery-icon landscape'>\n\t\t\t\t<a href='https:\/\/celineduong.com\/wp-content\/uploads\/2023\/09\/duongceline_001-scaled.jpg'><img width=\"1024\" height=\"678\" src=\"https:\/\/celineduong.com\/wp-content\/uploads\/2023\/09\/duongceline_001-1024x678.jpg\" class=\"attachment-large size-large\" alt=\"\" decoding=\"async\" loading=\"lazy\" srcset=\"https:\/\/celineduong.com\/wp-content\/uploads\/2023\/09\/duongceline_001-1024x678.jpg 1024w, https:\/\/celineduong.com\/wp-content\/uploads\/2023\/09\/duongceline_001-300x199.jpg 300w, https:\/\/celineduong.com\/wp-content\/uploads\/2023\/09\/duongceline_001-768x508.jpg 768w, https:\/\/celineduong.com\/wp-content\/uploads\/2023\/09\/duongceline_001-1536x1017.jpg 1536w, https:\/\/celineduong.com\/wp-content\/uploads\/2023\/09\/duongceline_001-2048x1356.jpg 2048w, https:\/\/celineduong.com\/wp-content\/uploads\/2023\/09\/duongceline_001-247x163.jpg 247w, https:\/\/celineduong.com\/wp-content\/uploads\/2023\/09\/duongceline_001-354x234.jpg 354w\" sizes=\"(max-width: 1024px) 100vw, 1024px\" \/><\/a>\n\t\t\t<\/div><\/figure><figure class='gallery-item'>\n\t\t\t<div class='gallery-icon landscape'>\n\t\t\t\t<a href='https:\/\/celineduong.com\/wp-content\/uploads\/2018\/11\/P1130665-2-1.jpg'><img width=\"1024\" height=\"683\" src=\"https:\/\/celineduong.com\/wp-content\/uploads\/2018\/11\/P1130665-2-1-1024x683.jpg\" class=\"attachment-large size-large\" alt=\"\" decoding=\"async\" loading=\"lazy\" srcset=\"https:\/\/celineduong.com\/wp-content\/uploads\/2018\/11\/P1130665-2-1-1024x683.jpg 1024w, https:\/\/celineduong.com\/wp-content\/uploads\/2018\/11\/P1130665-2-1-300x200.jpg 300w, https:\/\/celineduong.com\/wp-content\/uploads\/2018\/11\/P1130665-2-1-768x512.jpg 768w, https:\/\/celineduong.com\/wp-content\/uploads\/2018\/11\/P1130665-2-1-272x182.jpg 272w\" sizes=\"(max-width: 1024px) 100vw, 1024px\" \/><\/a>\n\t\t\t<\/div><\/figure><figure class='gallery-item'>\n\t\t\t<div class='gallery-icon landscape'>\n\t\t\t\t<a href='https:\/\/celineduong.com\/wp-content\/uploads\/2018\/11\/IMG_5185-1.jpg'><img width=\"1024\" height=\"685\" src=\"https:\/\/celineduong.com\/wp-content\/uploads\/2018\/11\/IMG_5185-1-1024x685.jpg\" class=\"attachment-large size-large\" alt=\"\" decoding=\"async\" loading=\"lazy\" srcset=\"https:\/\/celineduong.com\/wp-content\/uploads\/2018\/11\/IMG_5185-1-1024x685.jpg 1024w, https:\/\/celineduong.com\/wp-content\/uploads\/2018\/11\/IMG_5185-1-300x201.jpg 300w, https:\/\/celineduong.com\/wp-content\/uploads\/2018\/11\/IMG_5185-1-768x514.jpg 768w, https:\/\/celineduong.com\/wp-content\/uploads\/2018\/11\/IMG_5185-1-272x182.jpg 272w, https:\/\/celineduong.com\/wp-content\/uploads\/2018\/11\/IMG_5185-1.jpg 1740w\" sizes=\"(max-width: 1024px) 100vw, 1024px\" \/><\/a>\n\t\t\t<\/div><\/figure><figure class='gallery-item'>\n\t\t\t<div class='gallery-icon landscape'>\n\t\t\t\t<a href='https:\/\/celineduong.com\/wp-content\/uploads\/2023\/09\/duongceline_005-scaled.jpg'><img width=\"1024\" height=\"682\" src=\"https:\/\/celineduong.com\/wp-content\/uploads\/2023\/09\/duongceline_005-1024x682.jpg\" class=\"attachment-large size-large\" alt=\"\" decoding=\"async\" loading=\"lazy\" srcset=\"https:\/\/celineduong.com\/wp-content\/uploads\/2023\/09\/duongceline_005-1024x682.jpg 1024w, https:\/\/celineduong.com\/wp-content\/uploads\/2023\/09\/duongceline_005-300x200.jpg 300w, https:\/\/celineduong.com\/wp-content\/uploads\/2023\/09\/duongceline_005-768x511.jpg 768w, https:\/\/celineduong.com\/wp-content\/uploads\/2023\/09\/duongceline_005-1536x1023.jpg 1536w, https:\/\/celineduong.com\/wp-content\/uploads\/2023\/09\/duongceline_005-2048x1364.jpg 2048w, https:\/\/celineduong.com\/wp-content\/uploads\/2023\/09\/duongceline_005-720x480.jpg 720w, https:\/\/celineduong.com\/wp-content\/uploads\/2023\/09\/duongceline_005-272x182.jpg 272w\" sizes=\"(max-width: 1024px) 100vw, 1024px\" \/><\/a>\n\t\t\t<\/div><\/figure>\n\t\t<\/div>\n\n<p><span style=\"color: #000000;\">\u00ab Les normes de s\u00e9curit\u00e9 ne sont pas respect\u00e9es. Il faudrait qu\u2019un journaliste vienne ici pour que les gens voient. Mais m\u00eame avec une cam\u00e9ra cach\u00e9e, on ne peut rien faire. Les gardiens ne laissent pas rentrer les visiteurs. \u00bb (Omar, habitant du voisinage)&nbsp;<\/span><\/p>\n<p><span style=\"color: #000000;\">\u00ab On est 7 \u00e0 vivre ici. On habite \u00e0 Noisy R\u00e9sidence depuis 5 ans. L\u00e0, on attend de d\u00e9m\u00e9nager. Ils vont nous donner un logement car on a les papiers.\u00bb (Manuella, 13 ans, Roumanie)&nbsp;<\/span><\/p>\n<div id='gallery-2' class='gallery galleryid-14568 gallery-columns-2 gallery-size-large'><figure class='gallery-item'>\n\t\t\t<div class='gallery-icon portrait'>\n\t\t\t\t<a href='https:\/\/celineduong.com\/wp-content\/uploads\/2018\/11\/1-4.jpg'><img width=\"683\" height=\"1024\" src=\"https:\/\/celineduong.com\/wp-content\/uploads\/2018\/11\/1-4-683x1024.jpg\" class=\"attachment-large size-large\" alt=\"\" decoding=\"async\" loading=\"lazy\" srcset=\"https:\/\/celineduong.com\/wp-content\/uploads\/2018\/11\/1-4-683x1024.jpg 683w, https:\/\/celineduong.com\/wp-content\/uploads\/2018\/11\/1-4-200x300.jpg 200w, https:\/\/celineduong.com\/wp-content\/uploads\/2018\/11\/1-4-768x1152.jpg 768w\" sizes=\"(max-width: 683px) 100vw, 683px\" \/><\/a>\n\t\t\t<\/div><\/figure><figure class='gallery-item'>\n\t\t\t<div class='gallery-icon portrait'>\n\t\t\t\t<a href='https:\/\/celineduong.com\/wp-content\/uploads\/2018\/11\/1-23.jpg'><img width=\"683\" height=\"1024\" src=\"https:\/\/celineduong.com\/wp-content\/uploads\/2018\/11\/1-23-683x1024.jpg\" class=\"attachment-large size-large\" alt=\"\" decoding=\"async\" loading=\"lazy\" srcset=\"https:\/\/celineduong.com\/wp-content\/uploads\/2018\/11\/1-23-683x1024.jpg 683w, https:\/\/celineduong.com\/wp-content\/uploads\/2018\/11\/1-23-200x300.jpg 200w, https:\/\/celineduong.com\/wp-content\/uploads\/2018\/11\/1-23-768x1152.jpg 768w, https:\/\/celineduong.com\/wp-content\/uploads\/2018\/11\/1-23.jpg 1371w\" sizes=\"(max-width: 683px) 100vw, 683px\" \/><\/a>\n\t\t\t<\/div><\/figure>\n\t\t<\/div>\n\n<p><span style=\"color: #000000;\">\u00abQuand c\u2019est les vacances, je reste dehors jusqu\u2019\u00e0 10h du matin. Quand on s\u2019ennuie et qu\u2019il fait froid, on met notre pyjama et on va jouer dans les couloirs. Quand la s\u00e9curit\u00e9 vient, on se cache dans les placards des couloirs car s\u2019ils nous trouvent, ils vont convoquer les parents.\u00bb (Sofiane, 10 ans, Alg\u00e9rie)<\/span><\/p>\n<div id='gallery-3' class='gallery galleryid-14568 gallery-columns-2 gallery-size-large'><figure class='gallery-item'>\n\t\t\t<div class='gallery-icon portrait'>\n\t\t\t\t<a href='https:\/\/celineduong.com\/wp-content\/uploads\/2018\/11\/IMG-11_DUONG-CELINE.jpg'><img width=\"683\" height=\"1024\" src=\"https:\/\/celineduong.com\/wp-content\/uploads\/2018\/11\/IMG-11_DUONG-CELINE-683x1024.jpg\" class=\"attachment-large size-large\" alt=\"\" decoding=\"async\" loading=\"lazy\" srcset=\"https:\/\/celineduong.com\/wp-content\/uploads\/2018\/11\/IMG-11_DUONG-CELINE-683x1024.jpg 683w, https:\/\/celineduong.com\/wp-content\/uploads\/2018\/11\/IMG-11_DUONG-CELINE-200x300.jpg 200w, https:\/\/celineduong.com\/wp-content\/uploads\/2018\/11\/IMG-11_DUONG-CELINE-768x1152.jpg 768w\" sizes=\"(max-width: 683px) 100vw, 683px\" \/><\/a>\n\t\t\t<\/div><\/figure><figure class='gallery-item'>\n\t\t\t<div class='gallery-icon portrait'>\n\t\t\t\t<a href='https:\/\/celineduong.com\/wp-content\/uploads\/2018\/11\/1-7.jpg'><img width=\"683\" height=\"1024\" src=\"https:\/\/celineduong.com\/wp-content\/uploads\/2018\/11\/1-7-683x1024.jpg\" class=\"attachment-large size-large\" alt=\"\" decoding=\"async\" loading=\"lazy\" srcset=\"https:\/\/celineduong.com\/wp-content\/uploads\/2018\/11\/1-7-683x1024.jpg 683w, https:\/\/celineduong.com\/wp-content\/uploads\/2018\/11\/1-7-200x300.jpg 200w, https:\/\/celineduong.com\/wp-content\/uploads\/2018\/11\/1-7-768x1152.jpg 768w\" sizes=\"(max-width: 683px) 100vw, 683px\" \/><\/a>\n\t\t\t<\/div><\/figure>\n\t\t<\/div>\n\n<div class=\"layoutArea\">\n<p><span style=\"color: #000000;\">\u00ab Je vous jure, on est comme dans une prison. On a pas le droit aux visites, on a pas le droit d\u2019avoir un four parce qu\u2019ils ont peur des incendies. \u00bb (Sofia et Veneta, 12 et 10 ans, Roumanie)&nbsp;<\/span><\/p>\n<p><span style=\"color: #000000;\">\u00abEn 2020, ils vont tout d\u00e9truire et le centre commercial va \u00eatre 2 fois plus grand. Tout le monde aura une maison tranquille, ils vont nous donner une maison&#8230; \u00bb (Sofiane, 10 ans, Alg\u00e9rie)<\/span><\/p>\n<div id='gallery-4' class='gallery galleryid-14568 gallery-columns-2 gallery-size-large'><figure class='gallery-item'>\n\t\t\t<div class='gallery-icon landscape'>\n\t\t\t\t<a href='https:\/\/celineduong.com\/wp-content\/uploads\/2018\/11\/R0185480-1.jpg'><img width=\"1024\" height=\"678\" src=\"https:\/\/celineduong.com\/wp-content\/uploads\/2018\/11\/R0185480-1-1024x678.jpg\" class=\"attachment-large size-large\" alt=\"\" decoding=\"async\" loading=\"lazy\" srcset=\"https:\/\/celineduong.com\/wp-content\/uploads\/2018\/11\/R0185480-1-1024x678.jpg 1024w, https:\/\/celineduong.com\/wp-content\/uploads\/2018\/11\/R0185480-1-300x199.jpg 300w, https:\/\/celineduong.com\/wp-content\/uploads\/2018\/11\/R0185480-1-768x509.jpg 768w, https:\/\/celineduong.com\/wp-content\/uploads\/2018\/11\/R0185480-1-247x163.jpg 247w, https:\/\/celineduong.com\/wp-content\/uploads\/2018\/11\/R0185480-1-354x234.jpg 354w\" sizes=\"(max-width: 1024px) 100vw, 1024px\" \/><\/a>\n\t\t\t<\/div><\/figure><figure class='gallery-item'>\n\t\t\t<div class='gallery-icon landscape'>\n\t\t\t\t<a href='https:\/\/celineduong.com\/wp-content\/uploads\/2018\/11\/R0186618-1.jpg'><img width=\"1024\" height=\"678\" src=\"https:\/\/celineduong.com\/wp-content\/uploads\/2018\/11\/R0186618-1-1024x678.jpg\" class=\"attachment-large size-large\" alt=\"\" decoding=\"async\" loading=\"lazy\" srcset=\"https:\/\/celineduong.com\/wp-content\/uploads\/2018\/11\/R0186618-1-1024x678.jpg 1024w, https:\/\/celineduong.com\/wp-content\/uploads\/2018\/11\/R0186618-1-300x199.jpg 300w, https:\/\/celineduong.com\/wp-content\/uploads\/2018\/11\/R0186618-1-768x509.jpg 768w, https:\/\/celineduong.com\/wp-content\/uploads\/2018\/11\/R0186618-1-247x163.jpg 247w, https:\/\/celineduong.com\/wp-content\/uploads\/2018\/11\/R0186618-1-354x234.jpg 354w, https:\/\/celineduong.com\/wp-content\/uploads\/2018\/11\/R0186618-1.jpg 1707w\" sizes=\"(max-width: 1024px) 100vw, 1024px\" \/><\/a>\n\t\t\t<\/div><\/figure><figure class='gallery-item'>\n\t\t\t<div class='gallery-icon landscape'>\n\t\t\t\t<a href='https:\/\/celineduong.com\/wp-content\/uploads\/2018\/11\/IMG_51912.jpg'><img width=\"1024\" height=\"683\" src=\"https:\/\/celineduong.com\/wp-content\/uploads\/2018\/11\/IMG_51912-1024x683.jpg\" class=\"attachment-large size-large\" alt=\"\" decoding=\"async\" loading=\"lazy\" srcset=\"https:\/\/celineduong.com\/wp-content\/uploads\/2018\/11\/IMG_51912-1024x683.jpg 1024w, https:\/\/celineduong.com\/wp-content\/uploads\/2018\/11\/IMG_51912-300x200.jpg 300w, https:\/\/celineduong.com\/wp-content\/uploads\/2018\/11\/IMG_51912-768x512.jpg 768w, https:\/\/celineduong.com\/wp-content\/uploads\/2018\/11\/IMG_51912-272x182.jpg 272w\" sizes=\"(max-width: 1024px) 100vw, 1024px\" \/><\/a>\n\t\t\t<\/div><\/figure><figure class='gallery-item'>\n\t\t\t<div class='gallery-icon landscape'>\n\t\t\t\t<a href='https:\/\/celineduong.com\/wp-content\/uploads\/2018\/11\/R0000314-3.jpg'><img width=\"1024\" height=\"683\" src=\"https:\/\/celineduong.com\/wp-content\/uploads\/2018\/11\/R0000314-3-1024x683.jpg\" class=\"attachment-large size-large\" alt=\"\" decoding=\"async\" loading=\"lazy\" srcset=\"https:\/\/celineduong.com\/wp-content\/uploads\/2018\/11\/R0000314-3-1024x683.jpg 1024w, https:\/\/celineduong.com\/wp-content\/uploads\/2018\/11\/R0000314-3-300x200.jpg 300w, https:\/\/celineduong.com\/wp-content\/uploads\/2018\/11\/R0000314-3-768x512.jpg 768w, https:\/\/celineduong.com\/wp-content\/uploads\/2018\/11\/R0000314-3-272x182.jpg 272w\" sizes=\"(max-width: 1024px) 100vw, 1024px\" \/><\/a>\n\t\t\t<\/div><\/figure><figure class='gallery-item'>\n\t\t\t<div class='gallery-icon landscape'>\n\t\t\t\t<a href='https:\/\/celineduong.com\/wp-content\/uploads\/2023\/09\/duongceline_019-scaled.jpg'><img width=\"1024\" height=\"685\" src=\"https:\/\/celineduong.com\/wp-content\/uploads\/2023\/09\/duongceline_019-1024x685.jpg\" class=\"attachment-large size-large\" alt=\"\" decoding=\"async\" loading=\"lazy\" srcset=\"https:\/\/celineduong.com\/wp-content\/uploads\/2023\/09\/duongceline_019-1024x685.jpg 1024w, https:\/\/celineduong.com\/wp-content\/uploads\/2023\/09\/duongceline_019-300x201.jpg 300w, https:\/\/celineduong.com\/wp-content\/uploads\/2023\/09\/duongceline_019-768x514.jpg 768w, https:\/\/celineduong.com\/wp-content\/uploads\/2023\/09\/duongceline_019-1536x1028.jpg 1536w, https:\/\/celineduong.com\/wp-content\/uploads\/2023\/09\/duongceline_019-2048x1370.jpg 2048w, https:\/\/celineduong.com\/wp-content\/uploads\/2023\/09\/duongceline_019-272x182.jpg 272w\" sizes=\"(max-width: 1024px) 100vw, 1024px\" \/><\/a>\n\t\t\t<\/div><\/figure><figure class='gallery-item'>\n\t\t\t<div class='gallery-icon landscape'>\n\t\t\t\t<a href='https:\/\/celineduong.com\/wp-content\/uploads\/2023\/09\/duongceline_020-scaled.jpg'><img width=\"1024\" height=\"683\" src=\"https:\/\/celineduong.com\/wp-content\/uploads\/2023\/09\/duongceline_020-1024x683.jpg\" class=\"attachment-large size-large\" alt=\"\" decoding=\"async\" loading=\"lazy\" srcset=\"https:\/\/celineduong.com\/wp-content\/uploads\/2023\/09\/duongceline_020-1024x683.jpg 1024w, https:\/\/celineduong.com\/wp-content\/uploads\/2023\/09\/duongceline_020-300x200.jpg 300w, https:\/\/celineduong.com\/wp-content\/uploads\/2023\/09\/duongceline_020-768x512.jpg 768w, https:\/\/celineduong.com\/wp-content\/uploads\/2023\/09\/duongceline_020-1536x1024.jpg 1536w, https:\/\/celineduong.com\/wp-content\/uploads\/2023\/09\/duongceline_020-2048x1365.jpg 2048w, https:\/\/celineduong.com\/wp-content\/uploads\/2023\/09\/duongceline_020-720x480.jpg 720w, https:\/\/celineduong.com\/wp-content\/uploads\/2023\/09\/duongceline_020-272x182.jpg 272w\" sizes=\"(max-width: 1024px) 100vw, 1024px\" \/><\/a>\n\t\t\t<\/div><\/figure>\n\t\t<\/div>\n\n<p class=\"yiv4005300769ydpf7147698msonormal\">&nbsp;<\/p>\n<p>&nbsp;<\/p>\n<\/div>\n","protected":false},"excerpt":{"rendered":"<p>In Noisy-le-Grand, a suburban city near Paris, 60&nbsp;000 m2 of office space and 800 apartments will soon spring up as a part of the \u00ab&nbsp;Grand Paris&nbsp;\u00bb project (an urban transformation project aimed to develop several areas around Paris). Within the area concerned, Noisy Residence, a hostel serving as emergency housing for 600 people, where large [&hellip;]<\/p>\n","protected":false},"author":1,"featured_media":0,"parent":0,"menu_order":0,"comment_status":"closed","ping_status":"closed","template":"","meta":{"ngg_post_thumbnail":0},"_links":{"self":[{"href":"https:\/\/celineduong.com\/index.php\/wp-json\/wp\/v2\/pages\/14568"}],"collection":[{"href":"https:\/\/celineduong.com\/index.php\/wp-json\/wp\/v2\/pages"}],"about":[{"href":"https:\/\/celineduong.com\/index.php\/wp-json\/wp\/v2\/types\/page"}],"author":[{"embeddable":true,"href":"https:\/\/celineduong.com\/index.php\/wp-json\/wp\/v2\/users\/1"}],"replies":[{"embeddable":true,"href":"https:\/\/celineduong.com\/index.php\/wp-json\/wp\/v2\/comments?post=14568"}],"version-history":[{"count":9,"href":"https:\/\/celineduong.com\/index.php\/wp-json\/wp\/v2\/pages\/14568\/revisions"}],"predecessor-version":[{"id":15974,"href":"https:\/\/celineduong.com\/index.php\/wp-json\/wp\/v2\/pages\/14568\/revisions\/15974"}],"wp:attachment":[{"href":"https:\/\/celineduong.com\/index.php\/wp-json\/wp\/v2\/media?parent=14568"}],"curies":[{"name":"wp","href":"https:\/\/api.w.org\/{rel}","templated":true}]}}