{"id":13008,"date":"2020-11-15T22:28:36","date_gmt":"2020-11-15T21:28:36","guid":{"rendered":"http:\/\/celineduong.com\/?page_id=13008"},"modified":"2021-04-06T10:23:50","modified_gmt":"2021-04-06T08:23:50","slug":"phnom-penh-belle-endormie","status":"publish","type":"page","link":"https:\/\/celineduong.com\/index.php\/phnom-penh-belle-endormie\/","title":{"rendered":"Phnom Penh, la belle endormie"},"content":{"rendered":"<p style=\"text-align: left;\"><span style=\"color: #000000;\">11h du matin \u00e0 Phnom Penh, l&rsquo;heure de la sieste. Les cantines de rue sont ferm\u00e9es. Les vendeurs ambulants ont disparu.&nbsp;La ville semble plong\u00e9e dans la torpeur de la mi-journ\u00e9e.<br \/>\n<\/span><span style=\"color: #000000;\">Elle ne s&rsquo;\u00e9veillera qu&rsquo;avec le soleil couchant qui daigne laisser un peu de r\u00e9pit aux promeneurs du soir.&nbsp;<\/span><\/p>\n<div id='gallery-1' class='gallery galleryid-13008 gallery-columns-2 gallery-size-full'><figure class='gallery-item'>\n\t\t\t<div class='gallery-icon landscape'>\n\t\t\t\t<a href='https:\/\/celineduong.com\/wp-content\/uploads\/2020\/11\/DSCF0028.jpg'><img width=\"4350\" height=\"2900\" src=\"https:\/\/celineduong.com\/wp-content\/uploads\/2020\/11\/DSCF0028.jpg\" class=\"attachment-full size-full\" alt=\"\" decoding=\"async\" loading=\"lazy\" srcset=\"https:\/\/celineduong.com\/wp-content\/uploads\/2020\/11\/DSCF0028.jpg 4350w, https:\/\/celineduong.com\/wp-content\/uploads\/2020\/11\/DSCF0028-300x200.jpg 300w, https:\/\/celineduong.com\/wp-content\/uploads\/2020\/11\/DSCF0028-768x512.jpg 768w, https:\/\/celineduong.com\/wp-content\/uploads\/2020\/11\/DSCF0028-1024x683.jpg 1024w, https:\/\/celineduong.com\/wp-content\/uploads\/2020\/11\/DSCF0028-272x182.jpg 272w\" sizes=\"(max-width: 4350px) 100vw, 4350px\" \/><\/a>\n\t\t\t<\/div><\/figure><figure class='gallery-item'>\n\t\t\t<div class='gallery-icon landscape'>\n\t\t\t\t<a href='https:\/\/celineduong.com\/wp-content\/uploads\/2020\/11\/DSCF0014.jpg'><img width=\"4896\" height=\"3264\" src=\"https:\/\/celineduong.com\/wp-content\/uploads\/2020\/11\/DSCF0014.jpg\" class=\"attachment-full size-full\" alt=\"\" decoding=\"async\" loading=\"lazy\" srcset=\"https:\/\/celineduong.com\/wp-content\/uploads\/2020\/11\/DSCF0014.jpg 4896w, https:\/\/celineduong.com\/wp-content\/uploads\/2020\/11\/DSCF0014-300x200.jpg 300w, https:\/\/celineduong.com\/wp-content\/uploads\/2020\/11\/DSCF0014-768x512.jpg 768w, https:\/\/celineduong.com\/wp-content\/uploads\/2020\/11\/DSCF0014-1024x683.jpg 1024w, https:\/\/celineduong.com\/wp-content\/uploads\/2020\/11\/DSCF0014-272x182.jpg 272w\" sizes=\"(max-width: 4896px) 100vw, 4896px\" \/><\/a>\n\t\t\t<\/div><\/figure><figure class='gallery-item'>\n\t\t\t<div class='gallery-icon landscape'>\n\t\t\t\t<a href='https:\/\/celineduong.com\/wp-content\/uploads\/2020\/11\/DSCF0013.jpg'><img width=\"2433\" height=\"1622\" src=\"https:\/\/celineduong.com\/wp-content\/uploads\/2020\/11\/DSCF0013.jpg\" class=\"attachment-full size-full\" alt=\"\" decoding=\"async\" loading=\"lazy\" srcset=\"https:\/\/celineduong.com\/wp-content\/uploads\/2020\/11\/DSCF0013.jpg 2433w, https:\/\/celineduong.com\/wp-content\/uploads\/2020\/11\/DSCF0013-300x200.jpg 300w, https:\/\/celineduong.com\/wp-content\/uploads\/2020\/11\/DSCF0013-768x512.jpg 768w, https:\/\/celineduong.com\/wp-content\/uploads\/2020\/11\/DSCF0013-1024x683.jpg 1024w, https:\/\/celineduong.com\/wp-content\/uploads\/2020\/11\/DSCF0013-272x182.jpg 272w\" sizes=\"(max-width: 2433px) 100vw, 2433px\" \/><\/a>\n\t\t\t<\/div><\/figure><figure class='gallery-item'>\n\t\t\t<div class='gallery-icon landscape'>\n\t\t\t\t<a href='https:\/\/celineduong.com\/wp-content\/uploads\/2020\/11\/DSCF0016-2.jpg'><img width=\"2061\" height=\"1374\" src=\"https:\/\/celineduong.com\/wp-content\/uploads\/2020\/11\/DSCF0016-2.jpg\" class=\"attachment-full size-full\" alt=\"\" decoding=\"async\" loading=\"lazy\" srcset=\"https:\/\/celineduong.com\/wp-content\/uploads\/2020\/11\/DSCF0016-2.jpg 2061w, https:\/\/celineduong.com\/wp-content\/uploads\/2020\/11\/DSCF0016-2-300x200.jpg 300w, https:\/\/celineduong.com\/wp-content\/uploads\/2020\/11\/DSCF0016-2-768x512.jpg 768w, https:\/\/celineduong.com\/wp-content\/uploads\/2020\/11\/DSCF0016-2-1024x683.jpg 1024w, https:\/\/celineduong.com\/wp-content\/uploads\/2020\/11\/DSCF0016-2-272x182.jpg 272w\" sizes=\"(max-width: 2061px) 100vw, 2061px\" \/><\/a>\n\t\t\t<\/div><\/figure><figure class='gallery-item'>\n\t\t\t<div class='gallery-icon landscape'>\n\t\t\t\t<a href='https:\/\/celineduong.com\/wp-content\/uploads\/2020\/11\/DSCF0554.jpg'><img width=\"2659\" height=\"1773\" src=\"https:\/\/celineduong.com\/wp-content\/uploads\/2020\/11\/DSCF0554.jpg\" class=\"attachment-full size-full\" alt=\"\" decoding=\"async\" loading=\"lazy\" srcset=\"https:\/\/celineduong.com\/wp-content\/uploads\/2020\/11\/DSCF0554.jpg 2659w, https:\/\/celineduong.com\/wp-content\/uploads\/2020\/11\/DSCF0554-300x200.jpg 300w, https:\/\/celineduong.com\/wp-content\/uploads\/2020\/11\/DSCF0554-768x512.jpg 768w, https:\/\/celineduong.com\/wp-content\/uploads\/2020\/11\/DSCF0554-1024x683.jpg 1024w, https:\/\/celineduong.com\/wp-content\/uploads\/2020\/11\/DSCF0554-272x182.jpg 272w\" sizes=\"(max-width: 2659px) 100vw, 2659px\" \/><\/a>\n\t\t\t<\/div><\/figure><figure class='gallery-item'>\n\t\t\t<div class='gallery-icon landscape'>\n\t\t\t\t<a href='https:\/\/celineduong.com\/wp-content\/uploads\/2020\/11\/DSCF0556.jpg'><img width=\"2622\" height=\"1748\" src=\"https:\/\/celineduong.com\/wp-content\/uploads\/2020\/11\/DSCF0556.jpg\" class=\"attachment-full size-full\" alt=\"\" decoding=\"async\" loading=\"lazy\" srcset=\"https:\/\/celineduong.com\/wp-content\/uploads\/2020\/11\/DSCF0556.jpg 2622w, https:\/\/celineduong.com\/wp-content\/uploads\/2020\/11\/DSCF0556-300x200.jpg 300w, https:\/\/celineduong.com\/wp-content\/uploads\/2020\/11\/DSCF0556-768x512.jpg 768w, https:\/\/celineduong.com\/wp-content\/uploads\/2020\/11\/DSCF0556-1024x683.jpg 1024w, https:\/\/celineduong.com\/wp-content\/uploads\/2020\/11\/DSCF0556-272x182.jpg 272w\" sizes=\"(max-width: 2622px) 100vw, 2622px\" \/><\/a>\n\t\t\t<\/div><\/figure><figure class='gallery-item'>\n\t\t\t<div class='gallery-icon landscape'>\n\t\t\t\t<a href='https:\/\/celineduong.com\/wp-content\/uploads\/2020\/11\/DSCF0242.jpg'><img width=\"3262\" height=\"2175\" src=\"https:\/\/celineduong.com\/wp-content\/uploads\/2020\/11\/DSCF0242.jpg\" class=\"attachment-full size-full\" alt=\"\" decoding=\"async\" loading=\"lazy\" srcset=\"https:\/\/celineduong.com\/wp-content\/uploads\/2020\/11\/DSCF0242.jpg 3262w, https:\/\/celineduong.com\/wp-content\/uploads\/2020\/11\/DSCF0242-300x200.jpg 300w, https:\/\/celineduong.com\/wp-content\/uploads\/2020\/11\/DSCF0242-768x512.jpg 768w, https:\/\/celineduong.com\/wp-content\/uploads\/2020\/11\/DSCF0242-1024x683.jpg 1024w, https:\/\/celineduong.com\/wp-content\/uploads\/2020\/11\/DSCF0242-272x182.jpg 272w\" sizes=\"(max-width: 3262px) 100vw, 3262px\" \/><\/a>\n\t\t\t<\/div><\/figure><figure class='gallery-item'>\n\t\t\t<div class='gallery-icon landscape'>\n\t\t\t\t<a href='https:\/\/celineduong.com\/wp-content\/uploads\/2020\/11\/DSCF0246.jpg'><img width=\"3276\" height=\"2184\" src=\"https:\/\/celineduong.com\/wp-content\/uploads\/2020\/11\/DSCF0246.jpg\" class=\"attachment-full size-full\" alt=\"\" decoding=\"async\" loading=\"lazy\" srcset=\"https:\/\/celineduong.com\/wp-content\/uploads\/2020\/11\/DSCF0246.jpg 3276w, https:\/\/celineduong.com\/wp-content\/uploads\/2020\/11\/DSCF0246-300x200.jpg 300w, https:\/\/celineduong.com\/wp-content\/uploads\/2020\/11\/DSCF0246-768x512.jpg 768w, https:\/\/celineduong.com\/wp-content\/uploads\/2020\/11\/DSCF0246-1024x683.jpg 1024w, https:\/\/celineduong.com\/wp-content\/uploads\/2020\/11\/DSCF0246-272x182.jpg 272w\" sizes=\"(max-width: 3276px) 100vw, 3276px\" \/><\/a>\n\t\t\t<\/div><\/figure><figure class='gallery-item'>\n\t\t\t<div class='gallery-icon portrait'>\n\t\t\t\t<a href='https:\/\/celineduong.com\/wp-content\/uploads\/2020\/11\/DSCF1440-2.jpg'><img width=\"2135\" height=\"3202\" src=\"https:\/\/celineduong.com\/wp-content\/uploads\/2020\/11\/DSCF1440-2.jpg\" class=\"attachment-full size-full\" alt=\"\" decoding=\"async\" loading=\"lazy\" srcset=\"https:\/\/celineduong.com\/wp-content\/uploads\/2020\/11\/DSCF1440-2.jpg 2135w, https:\/\/celineduong.com\/wp-content\/uploads\/2020\/11\/DSCF1440-2-200x300.jpg 200w, https:\/\/celineduong.com\/wp-content\/uploads\/2020\/11\/DSCF1440-2-768x1152.jpg 768w, https:\/\/celineduong.com\/wp-content\/uploads\/2020\/11\/DSCF1440-2-683x1024.jpg 683w\" sizes=\"(max-width: 2135px) 100vw, 2135px\" \/><\/a>\n\t\t\t<\/div><\/figure><figure class='gallery-item'>\n\t\t\t<div class='gallery-icon portrait'>\n\t\t\t\t<a href='https:\/\/celineduong.com\/wp-content\/uploads\/2020\/11\/DSCF0843-2-2.jpg'><img width=\"2293\" height=\"3439\" src=\"https:\/\/celineduong.com\/wp-content\/uploads\/2020\/11\/DSCF0843-2-2.jpg\" class=\"attachment-full size-full\" alt=\"\" decoding=\"async\" loading=\"lazy\" srcset=\"https:\/\/celineduong.com\/wp-content\/uploads\/2020\/11\/DSCF0843-2-2.jpg 2293w, https:\/\/celineduong.com\/wp-content\/uploads\/2020\/11\/DSCF0843-2-2-200x300.jpg 200w, https:\/\/celineduong.com\/wp-content\/uploads\/2020\/11\/DSCF0843-2-2-768x1152.jpg 768w, https:\/\/celineduong.com\/wp-content\/uploads\/2020\/11\/DSCF0843-2-2-683x1024.jpg 683w\" sizes=\"(max-width: 2293px) 100vw, 2293px\" \/><\/a>\n\t\t\t<\/div><\/figure><figure class='gallery-item'>\n\t\t\t<div class='gallery-icon portrait'>\n\t\t\t\t<a href='https:\/\/celineduong.com\/wp-content\/uploads\/2020\/11\/DSCF0786.jpg'><img width=\"1624\" height=\"2436\" src=\"https:\/\/celineduong.com\/wp-content\/uploads\/2020\/11\/DSCF0786.jpg\" class=\"attachment-full size-full\" alt=\"\" decoding=\"async\" loading=\"lazy\" srcset=\"https:\/\/celineduong.com\/wp-content\/uploads\/2020\/11\/DSCF0786.jpg 1624w, https:\/\/celineduong.com\/wp-content\/uploads\/2020\/11\/DSCF0786-200x300.jpg 200w, https:\/\/celineduong.com\/wp-content\/uploads\/2020\/11\/DSCF0786-768x1152.jpg 768w, https:\/\/celineduong.com\/wp-content\/uploads\/2020\/11\/DSCF0786-683x1024.jpg 683w\" sizes=\"(max-width: 1624px) 100vw, 1624px\" \/><\/a>\n\t\t\t<\/div><\/figure><figure class='gallery-item'>\n\t\t\t<div class='gallery-icon portrait'>\n\t\t\t\t<a href='https:\/\/celineduong.com\/wp-content\/uploads\/2020\/11\/DSCF0799.jpg'><img width=\"1730\" height=\"2595\" src=\"https:\/\/celineduong.com\/wp-content\/uploads\/2020\/11\/DSCF0799.jpg\" class=\"attachment-full size-full\" alt=\"\" decoding=\"async\" loading=\"lazy\" srcset=\"https:\/\/celineduong.com\/wp-content\/uploads\/2020\/11\/DSCF0799.jpg 1730w, https:\/\/celineduong.com\/wp-content\/uploads\/2020\/11\/DSCF0799-200x300.jpg 200w, https:\/\/celineduong.com\/wp-content\/uploads\/2020\/11\/DSCF0799-768x1152.jpg 768w, https:\/\/celineduong.com\/wp-content\/uploads\/2020\/11\/DSCF0799-683x1024.jpg 683w\" sizes=\"(max-width: 1730px) 100vw, 1730px\" \/><\/a>\n\t\t\t<\/div><\/figure><figure class='gallery-item'>\n\t\t\t<div class='gallery-icon portrait'>\n\t\t\t\t<a href='https:\/\/celineduong.com\/wp-content\/uploads\/2020\/11\/DSCF0281-3.jpg'><img width=\"1446\" height=\"2169\" src=\"https:\/\/celineduong.com\/wp-content\/uploads\/2020\/11\/DSCF0281-3.jpg\" class=\"attachment-full size-full\" alt=\"\" decoding=\"async\" loading=\"lazy\" srcset=\"https:\/\/celineduong.com\/wp-content\/uploads\/2020\/11\/DSCF0281-3.jpg 1446w, https:\/\/celineduong.com\/wp-content\/uploads\/2020\/11\/DSCF0281-3-200x300.jpg 200w, https:\/\/celineduong.com\/wp-content\/uploads\/2020\/11\/DSCF0281-3-768x1152.jpg 768w, https:\/\/celineduong.com\/wp-content\/uploads\/2020\/11\/DSCF0281-3-683x1024.jpg 683w\" sizes=\"(max-width: 1446px) 100vw, 1446px\" \/><\/a>\n\t\t\t<\/div><\/figure><figure class='gallery-item'>\n\t\t\t<div class='gallery-icon portrait'>\n\t\t\t\t<a href='https:\/\/celineduong.com\/wp-content\/uploads\/2020\/11\/DSCF1031-2.jpg'><img width=\"1759\" height=\"2639\" src=\"https:\/\/celineduong.com\/wp-content\/uploads\/2020\/11\/DSCF1031-2.jpg\" class=\"attachment-full size-full\" alt=\"\" decoding=\"async\" loading=\"lazy\" srcset=\"https:\/\/celineduong.com\/wp-content\/uploads\/2020\/11\/DSCF1031-2.jpg 1759w, https:\/\/celineduong.com\/wp-content\/uploads\/2020\/11\/DSCF1031-2-200x300.jpg 200w, https:\/\/celineduong.com\/wp-content\/uploads\/2020\/11\/DSCF1031-2-768x1152.jpg 768w, https:\/\/celineduong.com\/wp-content\/uploads\/2020\/11\/DSCF1031-2-683x1024.jpg 683w\" sizes=\"(max-width: 1759px) 100vw, 1759px\" \/><\/a>\n\t\t\t<\/div><\/figure><figure class='gallery-item'>\n\t\t\t<div class='gallery-icon portrait'>\n\t\t\t\t<a href='https:\/\/celineduong.com\/wp-content\/uploads\/2020\/11\/DSCF0992-2.jpg'><img width=\"1929\" height=\"2894\" src=\"https:\/\/celineduong.com\/wp-content\/uploads\/2020\/11\/DSCF0992-2.jpg\" class=\"attachment-full size-full\" alt=\"\" decoding=\"async\" loading=\"lazy\" srcset=\"https:\/\/celineduong.com\/wp-content\/uploads\/2020\/11\/DSCF0992-2.jpg 1929w, https:\/\/celineduong.com\/wp-content\/uploads\/2020\/11\/DSCF0992-2-200x300.jpg 200w, https:\/\/celineduong.com\/wp-content\/uploads\/2020\/11\/DSCF0992-2-768x1152.jpg 768w, https:\/\/celineduong.com\/wp-content\/uploads\/2020\/11\/DSCF0992-2-683x1024.jpg 683w\" sizes=\"(max-width: 1929px) 100vw, 1929px\" \/><\/a>\n\t\t\t<\/div><\/figure><figure class='gallery-item'>\n\t\t\t<div class='gallery-icon portrait'>\n\t\t\t\t<a href='https:\/\/celineduong.com\/wp-content\/uploads\/2020\/11\/DSCF0980.jpg'><img width=\"1686\" height=\"2529\" src=\"https:\/\/celineduong.com\/wp-content\/uploads\/2020\/11\/DSCF0980.jpg\" class=\"attachment-full size-full\" alt=\"\" decoding=\"async\" loading=\"lazy\" srcset=\"https:\/\/celineduong.com\/wp-content\/uploads\/2020\/11\/DSCF0980.jpg 1686w, https:\/\/celineduong.com\/wp-content\/uploads\/2020\/11\/DSCF0980-200x300.jpg 200w, https:\/\/celineduong.com\/wp-content\/uploads\/2020\/11\/DSCF0980-768x1152.jpg 768w, https:\/\/celineduong.com\/wp-content\/uploads\/2020\/11\/DSCF0980-683x1024.jpg 683w\" sizes=\"(max-width: 1686px) 100vw, 1686px\" \/><\/a>\n\t\t\t<\/div><\/figure>\n\t\t<\/div>\n\n","protected":false},"excerpt":{"rendered":"<p>11h du matin \u00e0 Phnom Penh, l&rsquo;heure de la sieste. Les cantines de rue sont ferm\u00e9es. Les vendeurs ambulants ont disparu.&nbsp;La ville semble plong\u00e9e dans la torpeur de la mi-journ\u00e9e. Elle ne s&rsquo;\u00e9veillera qu&rsquo;avec le soleil couchant qui daigne laisser un peu de r\u00e9pit aux promeneurs du soir.&nbsp;<\/p>\n","protected":false},"author":1,"featured_media":0,"parent":0,"menu_order":0,"comment_status":"closed","ping_status":"closed","template":"","meta":{"ngg_post_thumbnail":0},"_links":{"self":[{"href":"https:\/\/celineduong.com\/index.php\/wp-json\/wp\/v2\/pages\/13008"}],"collection":[{"href":"https:\/\/celineduong.com\/index.php\/wp-json\/wp\/v2\/pages"}],"about":[{"href":"https:\/\/celineduong.com\/index.php\/wp-json\/wp\/v2\/types\/page"}],"author":[{"embeddable":true,"href":"https:\/\/celineduong.com\/index.php\/wp-json\/wp\/v2\/users\/1"}],"replies":[{"embeddable":true,"href":"https:\/\/celineduong.com\/index.php\/wp-json\/wp\/v2\/comments?post=13008"}],"version-history":[{"count":51,"href":"https:\/\/celineduong.com\/index.php\/wp-json\/wp\/v2\/pages\/13008\/revisions"}],"predecessor-version":[{"id":13136,"href":"https:\/\/celineduong.com\/index.php\/wp-json\/wp\/v2\/pages\/13008\/revisions\/13136"}],"wp:attachment":[{"href":"https:\/\/celineduong.com\/index.php\/wp-json\/wp\/v2\/media?parent=13008"}],"curies":[{"name":"wp","href":"https:\/\/api.w.org\/{rel}","templated":true}]}}