{"id":11683,"date":"2020-05-18T23:44:03","date_gmt":"2020-05-18T21:44:03","guid":{"rendered":"http:\/\/celineduong.com\/?page_id=11683"},"modified":"2023-09-23T17:41:16","modified_gmt":"2023-09-23T15:41:16","slug":"sois-comme-leau","status":"publish","type":"page","link":"https:\/\/celineduong.com\/index.php\/sois-comme-leau\/","title":{"rendered":"Sois comme l&rsquo;eau"},"content":{"rendered":"<p><span style=\"color: #000000;\">9 juin 2019. Les rues de Hong-Kong sont noires de monde. 1 million de manifestants contre un projet de loi d\u2019extradition (1) &nbsp;remettant en question le syst\u00e8me juridique de l\u2019\u00eele. Le dimanche d\u2019apr\u00e8s, on en comptera le double.<\/span><\/p>\n<p><span style=\"color: #000000;\">On assiste aujourd\u2019hui \u00e0 une escalade des tensions \u00e0 l\u2019approche du premier anniversaire de ces manifestations. Les derniers \u00e9chos venus de Hong Kong font \u00e9tat de clashs violents entre l\u00e9gislateurs pro-gouvernementaux et de l\u2019opposition qui en viennent aux mains, d\u2019une loi de s\u00e9curit\u00e9 nationale interdisant toute activit\u00e9 s\u00e9ditieuse ou subversive&#8230; Le jeu d\u2019intimidation entre l\u2019\u00eele et le continent se poursuit dans un contexte de crise sanitaire o\u00f9 toute manifestation est interdite.<\/span><\/p>\n<p><span style=\"color: #000000;\">Les opposants ne sont n\u00e9anmoins pas \u00e0 court d\u2019id\u00e9es pour faire part de leur col\u00e8re, qui s\u2019exprime d\u00e9sormais de mani\u00e8re plus discr\u00e8te et souterraine&#8230;Chaque semaine, des rassemblements clandestins sont relay\u00e9s sur des comptes Instagram, Telegram et autres r\u00e9seaux en ligne. L\u2019organisation des \u00e9v\u00e9nements sur diff\u00e9rents lieux a pour but de d\u00e9courager la police, oblig\u00e9e de se disperser.<\/span><\/p>\n<p><span style=\"color: #000000;\"><strong>\u00ab <i>Be Water&nbsp;<\/i>\u00bb (\u00ab&nbsp;sois comme l\u2019eau&nbsp;\u00bb)<\/strong>, peut-on voir en <em>hashtag<\/em>sur les r\u00e9seaux sociaux. Les manifestants se sont appropri\u00e9s cette maxime de Bruce Lee pour illustrer leur strat\u00e9gie&nbsp;:&nbsp;<strong>\u00eatre fluide comme l\u2019eau, remplir l\u2019espace et s\u2019adapter \u00e0 toutes les situations<\/strong>. Une m\u00e9taphore de la r\u00e9silience, en somme, \u00e0 laquelle s\u2019identifie une jeunesse hongkongaise \u00e9prise de d\u00e9mocratie.<\/span><\/p>\n<p><span style=\"color: #000000;\">La contestation peut bien s\u2019essouffler, un activisme nouveau a vu le jour, port\u00e9 par une g\u00e9n\u00e9ration qui n&rsquo;a pourtant pas connu le Hong Kong d&rsquo;avant la r\u00e9trocession de 1997 (le retour de l&rsquo;\u00eele \u00e0 la Chine).<\/span><\/p>\n<p>&nbsp;<\/p>\n<p>&nbsp;<\/p>\n<p><span style=\"color: #000000;\">1 <em>Cette loi permettrait le transfert vers la Chine de toute personne consid\u00e9r\u00e9e par P\u00e9kin comme \u00ab fugitive \u00bb.<\/em><\/span><\/p>\n<p>&nbsp;<\/p>\n<h3><span style=\"color: #000000;\"><em>(Une version longue de ce texte est disponible <a href=\"https:\/\/celineduong.com\/index.php\/sois-comme-leau-hong-kong\/\">ici<\/a>)&nbsp;<\/em><\/span><\/h3>\n<p>&nbsp;<\/p>\n<h3><span style=\"color: #000000;\">English version :&nbsp;<\/span><\/h3>\n<p>&nbsp;<\/p>\n<h2><span style=\"color: #000000;\">Be Water<\/span><\/h2>\n<p><span style=\"color: #000000;\">June 9th 2019. 1 million demonstrators gathered in the streets of Hong Kong that sunday to protest against an extradition law (1) questioning the semi-autonomous territory&rsquo;s legal system.&nbsp;<br \/>\nThe number of protesters reached 2 million a week after.<\/span><\/p>\n<p><span style=\"color: #000000;\">After a few months of stagnation, tensions increased again approching the 1st anniversary of those demonstrations.<br \/>\nThe last echoes from Hong Kong reported violent clashes between pro-government legislators and opponents, a national security law forbidding any seditious or subversive activity\u2026<br \/>\nThe game of intimidation between the island and the continent has been taken one step further as the sanitary crisis makes any demonstration illegal.<\/span><\/p>\n<p><span style=\"color: #000000;\">Nevertheless, opponents aren\u2019t short of ideas to express their anger\u2026 Every week, gatherings are relayed through social networks, taking place in several locations at once in order to escape police arrest.<\/span><\/p>\n<p><span style=\"color: #000000;\"><strong>\u00ab Be Water \u00bb<\/strong> became a popular hashtag on social networks. This motto taken from Bruce Lee illustrates the protestors\u2019 strategy&nbsp;: <strong>Be fluid like water, fill the space and adapt to all situations.<\/strong> A metaphor for resilience in other words, a portrait of the ever enduring Hong Kong\u2019s youth.<\/span><\/p>\n<p><span style=\"color: #000000;\">A new activism has taken shape, carried on by a generation that for a majority wasn\u2019t born at the time of the handover. \u00ab The movement reached a peak last summer, then it calmed down in january, after the Taiwanese presidential elections&nbsp;\u00bb, says a young hongkongese, \u00ab&nbsp;but I believe this movement will regain its force with september\u2019s legislative elections. The wave will rise again.&nbsp;\u00bb<\/span><\/p>\n<p><span style=\"color: #000000;\">1&nbsp; <em>This law would allow&nbsp;people arrested in Hong Kong, a semi-autonomous territory, to be sent to mainland China.<\/em><\/span><\/p>\n<h3><em>(<a href=\"https:\/\/celineduong.com\/index.php\/be-water-hong-kong\/\">Click here<\/a> to read a longer version of the text)&nbsp;<\/em><\/h3>\n<p>&nbsp;<\/p>\n<div id='gallery-1' class='gallery galleryid-11683 gallery-columns-2 gallery-size-full'><figure class='gallery-item'>\n\t\t\t<div class='gallery-icon portrait'>\n\t\t\t\t<a href='https:\/\/celineduong.com\/wp-content\/uploads\/2020\/05\/INSULARITES_1-1.jpg'><img width=\"2077\" height=\"3115\" src=\"https:\/\/celineduong.com\/wp-content\/uploads\/2020\/05\/INSULARITES_1-1.jpg\" class=\"attachment-full size-full\" alt=\"\" decoding=\"async\" loading=\"lazy\" srcset=\"https:\/\/celineduong.com\/wp-content\/uploads\/2020\/05\/INSULARITES_1-1.jpg 2077w, https:\/\/celineduong.com\/wp-content\/uploads\/2020\/05\/INSULARITES_1-1-200x300.jpg 200w, https:\/\/celineduong.com\/wp-content\/uploads\/2020\/05\/INSULARITES_1-1-768x1152.jpg 768w, https:\/\/celineduong.com\/wp-content\/uploads\/2020\/05\/INSULARITES_1-1-683x1024.jpg 683w\" sizes=\"(max-width: 2077px) 100vw, 2077px\" \/><\/a>\n\t\t\t<\/div><\/figure><figure class='gallery-item'>\n\t\t\t<div class='gallery-icon portrait'>\n\t\t\t\t<a href='https:\/\/celineduong.com\/wp-content\/uploads\/2020\/05\/INSULARITES_2-1.jpg'><img width=\"2315\" height=\"3473\" src=\"https:\/\/celineduong.com\/wp-content\/uploads\/2020\/05\/INSULARITES_2-1.jpg\" class=\"attachment-full size-full\" alt=\"\" decoding=\"async\" loading=\"lazy\" srcset=\"https:\/\/celineduong.com\/wp-content\/uploads\/2020\/05\/INSULARITES_2-1.jpg 2315w, https:\/\/celineduong.com\/wp-content\/uploads\/2020\/05\/INSULARITES_2-1-200x300.jpg 200w, https:\/\/celineduong.com\/wp-content\/uploads\/2020\/05\/INSULARITES_2-1-768x1152.jpg 768w, https:\/\/celineduong.com\/wp-content\/uploads\/2020\/05\/INSULARITES_2-1-683x1024.jpg 683w\" sizes=\"(max-width: 2315px) 100vw, 2315px\" \/><\/a>\n\t\t\t<\/div><\/figure><figure class='gallery-item'>\n\t\t\t<div class='gallery-icon portrait'>\n\t\t\t\t<a href='https:\/\/celineduong.com\/wp-content\/uploads\/2020\/05\/INSULARITES_6-1.jpg'><img width=\"2636\" height=\"3953\" src=\"https:\/\/celineduong.com\/wp-content\/uploads\/2020\/05\/INSULARITES_6-1.jpg\" class=\"attachment-full size-full\" alt=\"\" decoding=\"async\" loading=\"lazy\" srcset=\"https:\/\/celineduong.com\/wp-content\/uploads\/2020\/05\/INSULARITES_6-1.jpg 2636w, https:\/\/celineduong.com\/wp-content\/uploads\/2020\/05\/INSULARITES_6-1-200x300.jpg 200w, https:\/\/celineduong.com\/wp-content\/uploads\/2020\/05\/INSULARITES_6-1-768x1152.jpg 768w, https:\/\/celineduong.com\/wp-content\/uploads\/2020\/05\/INSULARITES_6-1-683x1024.jpg 683w\" sizes=\"(max-width: 2636px) 100vw, 2636px\" \/><\/a>\n\t\t\t<\/div><\/figure><figure class='gallery-item'>\n\t\t\t<div class='gallery-icon portrait'>\n\t\t\t\t<a href='https:\/\/celineduong.com\/wp-content\/uploads\/2020\/05\/INSULARITES_7-1.jpg'><img width=\"2079\" height=\"3118\" src=\"https:\/\/celineduong.com\/wp-content\/uploads\/2020\/05\/INSULARITES_7-1.jpg\" class=\"attachment-full size-full\" alt=\"\" decoding=\"async\" loading=\"lazy\" srcset=\"https:\/\/celineduong.com\/wp-content\/uploads\/2020\/05\/INSULARITES_7-1.jpg 2079w, https:\/\/celineduong.com\/wp-content\/uploads\/2020\/05\/INSULARITES_7-1-200x300.jpg 200w, https:\/\/celineduong.com\/wp-content\/uploads\/2020\/05\/INSULARITES_7-1-768x1152.jpg 768w, https:\/\/celineduong.com\/wp-content\/uploads\/2020\/05\/INSULARITES_7-1-683x1024.jpg 683w\" sizes=\"(max-width: 2079px) 100vw, 2079px\" \/><\/a>\n\t\t\t<\/div><\/figure><figure class='gallery-item'>\n\t\t\t<div class='gallery-icon portrait'>\n\t\t\t\t<a href='https:\/\/celineduong.com\/wp-content\/uploads\/2020\/05\/INSULARITES_8-1.jpg'><img width=\"2473\" height=\"3709\" src=\"https:\/\/celineduong.com\/wp-content\/uploads\/2020\/05\/INSULARITES_8-1.jpg\" class=\"attachment-full size-full\" alt=\"\" decoding=\"async\" loading=\"lazy\" srcset=\"https:\/\/celineduong.com\/wp-content\/uploads\/2020\/05\/INSULARITES_8-1.jpg 2473w, https:\/\/celineduong.com\/wp-content\/uploads\/2020\/05\/INSULARITES_8-1-200x300.jpg 200w, https:\/\/celineduong.com\/wp-content\/uploads\/2020\/05\/INSULARITES_8-1-768x1152.jpg 768w, https:\/\/celineduong.com\/wp-content\/uploads\/2020\/05\/INSULARITES_8-1-683x1024.jpg 683w\" sizes=\"(max-width: 2473px) 100vw, 2473px\" \/><\/a>\n\t\t\t<\/div><\/figure><figure class='gallery-item'>\n\t\t\t<div class='gallery-icon portrait'>\n\t\t\t\t<a href='https:\/\/celineduong.com\/wp-content\/uploads\/2020\/05\/INSULARITES_9-1.jpg'><img width=\"2061\" height=\"3092\" src=\"https:\/\/celineduong.com\/wp-content\/uploads\/2020\/05\/INSULARITES_9-1.jpg\" class=\"attachment-full size-full\" alt=\"\" decoding=\"async\" loading=\"lazy\" srcset=\"https:\/\/celineduong.com\/wp-content\/uploads\/2020\/05\/INSULARITES_9-1.jpg 2061w, https:\/\/celineduong.com\/wp-content\/uploads\/2020\/05\/INSULARITES_9-1-200x300.jpg 200w, https:\/\/celineduong.com\/wp-content\/uploads\/2020\/05\/INSULARITES_9-1-768x1152.jpg 768w, https:\/\/celineduong.com\/wp-content\/uploads\/2020\/05\/INSULARITES_9-1-683x1024.jpg 683w\" sizes=\"(max-width: 2061px) 100vw, 2061px\" \/><\/a>\n\t\t\t<\/div><\/figure><figure class='gallery-item'>\n\t\t\t<div class='gallery-icon landscape'>\n\t\t\t\t<a href='https:\/\/celineduong.com\/wp-content\/uploads\/2020\/05\/INSULARITES_3-1.jpg'><img width=\"3520\" height=\"2347\" src=\"https:\/\/celineduong.com\/wp-content\/uploads\/2020\/05\/INSULARITES_3-1.jpg\" class=\"attachment-full size-full\" alt=\"\" decoding=\"async\" loading=\"lazy\" srcset=\"https:\/\/celineduong.com\/wp-content\/uploads\/2020\/05\/INSULARITES_3-1.jpg 3520w, https:\/\/celineduong.com\/wp-content\/uploads\/2020\/05\/INSULARITES_3-1-300x200.jpg 300w, https:\/\/celineduong.com\/wp-content\/uploads\/2020\/05\/INSULARITES_3-1-768x512.jpg 768w, https:\/\/celineduong.com\/wp-content\/uploads\/2020\/05\/INSULARITES_3-1-1024x683.jpg 1024w, https:\/\/celineduong.com\/wp-content\/uploads\/2020\/05\/INSULARITES_3-1-272x182.jpg 272w\" sizes=\"(max-width: 3520px) 100vw, 3520px\" \/><\/a>\n\t\t\t<\/div><\/figure><figure class='gallery-item'>\n\t\t\t<div class='gallery-icon landscape'>\n\t\t\t\t<a href='https:\/\/celineduong.com\/wp-content\/uploads\/2020\/05\/INSULARITES_4-1.jpg'><img width=\"4491\" height=\"2994\" src=\"https:\/\/celineduong.com\/wp-content\/uploads\/2020\/05\/INSULARITES_4-1.jpg\" class=\"attachment-full size-full\" alt=\"\" decoding=\"async\" loading=\"lazy\" srcset=\"https:\/\/celineduong.com\/wp-content\/uploads\/2020\/05\/INSULARITES_4-1.jpg 4491w, https:\/\/celineduong.com\/wp-content\/uploads\/2020\/05\/INSULARITES_4-1-300x200.jpg 300w, https:\/\/celineduong.com\/wp-content\/uploads\/2020\/05\/INSULARITES_4-1-768x512.jpg 768w, https:\/\/celineduong.com\/wp-content\/uploads\/2020\/05\/INSULARITES_4-1-1024x683.jpg 1024w, https:\/\/celineduong.com\/wp-content\/uploads\/2020\/05\/INSULARITES_4-1-272x182.jpg 272w\" sizes=\"(max-width: 4491px) 100vw, 4491px\" \/><\/a>\n\t\t\t<\/div><\/figure><figure class='gallery-item'>\n\t\t\t<div class='gallery-icon landscape'>\n\t\t\t\t<a href='https:\/\/celineduong.com\/wp-content\/uploads\/2020\/05\/INSULARITES_5-1.jpg'><img width=\"2405\" height=\"1603\" src=\"https:\/\/celineduong.com\/wp-content\/uploads\/2020\/05\/INSULARITES_5-1.jpg\" class=\"attachment-full size-full\" alt=\"\" decoding=\"async\" loading=\"lazy\" srcset=\"https:\/\/celineduong.com\/wp-content\/uploads\/2020\/05\/INSULARITES_5-1.jpg 2405w, https:\/\/celineduong.com\/wp-content\/uploads\/2020\/05\/INSULARITES_5-1-300x200.jpg 300w, https:\/\/celineduong.com\/wp-content\/uploads\/2020\/05\/INSULARITES_5-1-768x512.jpg 768w, https:\/\/celineduong.com\/wp-content\/uploads\/2020\/05\/INSULARITES_5-1-1024x683.jpg 1024w, https:\/\/celineduong.com\/wp-content\/uploads\/2020\/05\/INSULARITES_5-1-272x182.jpg 272w\" sizes=\"(max-width: 2405px) 100vw, 2405px\" \/><\/a>\n\t\t\t<\/div><\/figure><figure class='gallery-item'>\n\t\t\t<div class='gallery-icon landscape'>\n\t\t\t\t<a href='https:\/\/celineduong.com\/wp-content\/uploads\/2020\/05\/INSULARITES_11-2.jpg'><img width=\"4047\" height=\"2698\" src=\"https:\/\/celineduong.com\/wp-content\/uploads\/2020\/05\/INSULARITES_11-2.jpg\" class=\"attachment-full size-full\" alt=\"\" decoding=\"async\" loading=\"lazy\" srcset=\"https:\/\/celineduong.com\/wp-content\/uploads\/2020\/05\/INSULARITES_11-2.jpg 4047w, https:\/\/celineduong.com\/wp-content\/uploads\/2020\/05\/INSULARITES_11-2-300x200.jpg 300w, https:\/\/celineduong.com\/wp-content\/uploads\/2020\/05\/INSULARITES_11-2-768x512.jpg 768w, https:\/\/celineduong.com\/wp-content\/uploads\/2020\/05\/INSULARITES_11-2-1024x683.jpg 1024w, https:\/\/celineduong.com\/wp-content\/uploads\/2020\/05\/INSULARITES_11-2-272x182.jpg 272w\" sizes=\"(max-width: 4047px) 100vw, 4047px\" \/><\/a>\n\t\t\t<\/div><\/figure><figure class='gallery-item'>\n\t\t\t<div class='gallery-icon landscape'>\n\t\t\t\t<a href='https:\/\/celineduong.com\/wp-content\/uploads\/2020\/05\/DSCF1921-3.jpg'><img width=\"3117\" height=\"2078\" src=\"https:\/\/celineduong.com\/wp-content\/uploads\/2020\/05\/DSCF1921-3.jpg\" class=\"attachment-full size-full\" alt=\"\" decoding=\"async\" loading=\"lazy\" srcset=\"https:\/\/celineduong.com\/wp-content\/uploads\/2020\/05\/DSCF1921-3.jpg 3117w, https:\/\/celineduong.com\/wp-content\/uploads\/2020\/05\/DSCF1921-3-300x200.jpg 300w, https:\/\/celineduong.com\/wp-content\/uploads\/2020\/05\/DSCF1921-3-768x512.jpg 768w, https:\/\/celineduong.com\/wp-content\/uploads\/2020\/05\/DSCF1921-3-1024x683.jpg 1024w, https:\/\/celineduong.com\/wp-content\/uploads\/2020\/05\/DSCF1921-3-272x182.jpg 272w\" sizes=\"(max-width: 3117px) 100vw, 3117px\" \/><\/a>\n\t\t\t<\/div><\/figure><figure class='gallery-item'>\n\t\t\t<div class='gallery-icon landscape'>\n\t\t\t\t<a href='https:\/\/celineduong.com\/wp-content\/uploads\/2020\/05\/INSULARITES_14.jpg'><img width=\"3947\" height=\"2631\" src=\"https:\/\/celineduong.com\/wp-content\/uploads\/2020\/05\/INSULARITES_14.jpg\" class=\"attachment-full size-full\" alt=\"\" decoding=\"async\" loading=\"lazy\" srcset=\"https:\/\/celineduong.com\/wp-content\/uploads\/2020\/05\/INSULARITES_14.jpg 3947w, https:\/\/celineduong.com\/wp-content\/uploads\/2020\/05\/INSULARITES_14-300x200.jpg 300w, https:\/\/celineduong.com\/wp-content\/uploads\/2020\/05\/INSULARITES_14-768x512.jpg 768w, https:\/\/celineduong.com\/wp-content\/uploads\/2020\/05\/INSULARITES_14-1024x683.jpg 1024w, https:\/\/celineduong.com\/wp-content\/uploads\/2020\/05\/INSULARITES_14-272x182.jpg 272w\" sizes=\"(max-width: 3947px) 100vw, 3947px\" \/><\/a>\n\t\t\t<\/div><\/figure><figure class='gallery-item'>\n\t\t\t<div class='gallery-icon portrait'>\n\t\t\t\t<a href='https:\/\/celineduong.com\/wp-content\/uploads\/2020\/05\/INSULARITES_18.jpg'><img width=\"2644\" height=\"3965\" src=\"https:\/\/celineduong.com\/wp-content\/uploads\/2020\/05\/INSULARITES_18.jpg\" class=\"attachment-full size-full\" alt=\"\" decoding=\"async\" loading=\"lazy\" srcset=\"https:\/\/celineduong.com\/wp-content\/uploads\/2020\/05\/INSULARITES_18.jpg 2644w, https:\/\/celineduong.com\/wp-content\/uploads\/2020\/05\/INSULARITES_18-200x300.jpg 200w, https:\/\/celineduong.com\/wp-content\/uploads\/2020\/05\/INSULARITES_18-768x1152.jpg 768w, https:\/\/celineduong.com\/wp-content\/uploads\/2020\/05\/INSULARITES_18-683x1024.jpg 683w\" sizes=\"(max-width: 2644px) 100vw, 2644px\" \/><\/a>\n\t\t\t<\/div><\/figure><figure class='gallery-item'>\n\t\t\t<div class='gallery-icon portrait'>\n\t\t\t\t<a href='https:\/\/celineduong.com\/wp-content\/uploads\/2020\/05\/INSULARITES_10.jpg'><img width=\"2145\" height=\"3217\" src=\"https:\/\/celineduong.com\/wp-content\/uploads\/2020\/05\/INSULARITES_10.jpg\" class=\"attachment-full size-full\" alt=\"\" decoding=\"async\" loading=\"lazy\" srcset=\"https:\/\/celineduong.com\/wp-content\/uploads\/2020\/05\/INSULARITES_10.jpg 2145w, https:\/\/celineduong.com\/wp-content\/uploads\/2020\/05\/INSULARITES_10-200x300.jpg 200w, https:\/\/celineduong.com\/wp-content\/uploads\/2020\/05\/INSULARITES_10-768x1152.jpg 768w, https:\/\/celineduong.com\/wp-content\/uploads\/2020\/05\/INSULARITES_10-683x1024.jpg 683w\" sizes=\"(max-width: 2145px) 100vw, 2145px\" \/><\/a>\n\t\t\t<\/div><\/figure><figure class='gallery-item'>\n\t\t\t<div class='gallery-icon portrait'>\n\t\t\t\t<a href='https:\/\/celineduong.com\/wp-content\/uploads\/2021\/03\/DSCF5033-3-2.jpg'><img width=\"1662\" height=\"2493\" src=\"https:\/\/celineduong.com\/wp-content\/uploads\/2021\/03\/DSCF5033-3-2.jpg\" class=\"attachment-full size-full\" alt=\"\" decoding=\"async\" loading=\"lazy\" srcset=\"https:\/\/celineduong.com\/wp-content\/uploads\/2021\/03\/DSCF5033-3-2.jpg 1662w, https:\/\/celineduong.com\/wp-content\/uploads\/2021\/03\/DSCF5033-3-2-200x300.jpg 200w, https:\/\/celineduong.com\/wp-content\/uploads\/2021\/03\/DSCF5033-3-2-768x1152.jpg 768w, https:\/\/celineduong.com\/wp-content\/uploads\/2021\/03\/DSCF5033-3-2-683x1024.jpg 683w\" sizes=\"(max-width: 1662px) 100vw, 1662px\" \/><\/a>\n\t\t\t<\/div><\/figure><figure class='gallery-item'>\n\t\t\t<div class='gallery-icon portrait'>\n\t\t\t\t<a href='https:\/\/celineduong.com\/wp-content\/uploads\/2020\/05\/DSCF5034-3.jpg'><img width=\"1435\" height=\"2153\" src=\"https:\/\/celineduong.com\/wp-content\/uploads\/2020\/05\/DSCF5034-3.jpg\" class=\"attachment-full size-full\" alt=\"\" decoding=\"async\" loading=\"lazy\" srcset=\"https:\/\/celineduong.com\/wp-content\/uploads\/2020\/05\/DSCF5034-3.jpg 1435w, https:\/\/celineduong.com\/wp-content\/uploads\/2020\/05\/DSCF5034-3-200x300.jpg 200w, https:\/\/celineduong.com\/wp-content\/uploads\/2020\/05\/DSCF5034-3-768x1152.jpg 768w, https:\/\/celineduong.com\/wp-content\/uploads\/2020\/05\/DSCF5034-3-683x1024.jpg 683w\" sizes=\"(max-width: 1435px) 100vw, 1435px\" \/><\/a>\n\t\t\t<\/div><\/figure><figure class='gallery-item'>\n\t\t\t<div class='gallery-icon portrait'>\n\t\t\t\t<a href='https:\/\/celineduong.com\/wp-content\/uploads\/2020\/05\/INSULARITES_16.jpg'><img width=\"1817\" height=\"2726\" src=\"https:\/\/celineduong.com\/wp-content\/uploads\/2020\/05\/INSULARITES_16.jpg\" class=\"attachment-full size-full\" alt=\"\" decoding=\"async\" loading=\"lazy\" srcset=\"https:\/\/celineduong.com\/wp-content\/uploads\/2020\/05\/INSULARITES_16.jpg 1817w, https:\/\/celineduong.com\/wp-content\/uploads\/2020\/05\/INSULARITES_16-200x300.jpg 200w, https:\/\/celineduong.com\/wp-content\/uploads\/2020\/05\/INSULARITES_16-768x1152.jpg 768w, https:\/\/celineduong.com\/wp-content\/uploads\/2020\/05\/INSULARITES_16-683x1024.jpg 683w\" sizes=\"(max-width: 1817px) 100vw, 1817px\" \/><\/a>\n\t\t\t<\/div><\/figure><figure class='gallery-item'>\n\t\t\t<div class='gallery-icon portrait'>\n\t\t\t\t<a href='https:\/\/celineduong.com\/wp-content\/uploads\/2020\/05\/INSULARITES_17.jpg'><img width=\"1389\" height=\"2084\" src=\"https:\/\/celineduong.com\/wp-content\/uploads\/2020\/05\/INSULARITES_17.jpg\" class=\"attachment-full size-full\" alt=\"\" decoding=\"async\" loading=\"lazy\" srcset=\"https:\/\/celineduong.com\/wp-content\/uploads\/2020\/05\/INSULARITES_17.jpg 1389w, https:\/\/celineduong.com\/wp-content\/uploads\/2020\/05\/INSULARITES_17-200x300.jpg 200w, https:\/\/celineduong.com\/wp-content\/uploads\/2020\/05\/INSULARITES_17-768x1152.jpg 768w, https:\/\/celineduong.com\/wp-content\/uploads\/2020\/05\/INSULARITES_17-683x1024.jpg 683w\" sizes=\"(max-width: 1389px) 100vw, 1389px\" \/><\/a>\n\t\t\t<\/div><\/figure><figure class='gallery-item'>\n\t\t\t<div class='gallery-icon landscape'>\n\t\t\t\t<a href='https:\/\/celineduong.com\/wp-content\/uploads\/2020\/05\/DSCF4779-3.jpg'><img width=\"3255\" height=\"2170\" src=\"https:\/\/celineduong.com\/wp-content\/uploads\/2020\/05\/DSCF4779-3.jpg\" class=\"attachment-full size-full\" alt=\"\" decoding=\"async\" loading=\"lazy\" srcset=\"https:\/\/celineduong.com\/wp-content\/uploads\/2020\/05\/DSCF4779-3.jpg 3255w, https:\/\/celineduong.com\/wp-content\/uploads\/2020\/05\/DSCF4779-3-300x200.jpg 300w, https:\/\/celineduong.com\/wp-content\/uploads\/2020\/05\/DSCF4779-3-768x512.jpg 768w, https:\/\/celineduong.com\/wp-content\/uploads\/2020\/05\/DSCF4779-3-1024x683.jpg 1024w, https:\/\/celineduong.com\/wp-content\/uploads\/2020\/05\/DSCF4779-3-272x182.jpg 272w\" sizes=\"(max-width: 3255px) 100vw, 3255px\" \/><\/a>\n\t\t\t<\/div><\/figure><figure class='gallery-item'>\n\t\t\t<div class='gallery-icon landscape'>\n\t\t\t\t<a href='https:\/\/celineduong.com\/wp-content\/uploads\/2020\/05\/DSCF4776-3.jpg'><img width=\"3764\" height=\"2509\" src=\"https:\/\/celineduong.com\/wp-content\/uploads\/2020\/05\/DSCF4776-3.jpg\" class=\"attachment-full size-full\" alt=\"\" decoding=\"async\" loading=\"lazy\" srcset=\"https:\/\/celineduong.com\/wp-content\/uploads\/2020\/05\/DSCF4776-3.jpg 3764w, https:\/\/celineduong.com\/wp-content\/uploads\/2020\/05\/DSCF4776-3-300x200.jpg 300w, https:\/\/celineduong.com\/wp-content\/uploads\/2020\/05\/DSCF4776-3-768x512.jpg 768w, https:\/\/celineduong.com\/wp-content\/uploads\/2020\/05\/DSCF4776-3-1024x683.jpg 1024w, https:\/\/celineduong.com\/wp-content\/uploads\/2020\/05\/DSCF4776-3-272x182.jpg 272w\" sizes=\"(max-width: 3764px) 100vw, 3764px\" \/><\/a>\n\t\t\t<\/div><\/figure>\n\t\t<\/div>\n\n<p>&nbsp;<\/p>\n<p>&nbsp;<\/p>\n<p>&nbsp;<\/p>\n","protected":false},"excerpt":{"rendered":"<p>9 juin 2019. Les rues de Hong-Kong sont noires de monde. 1 million de manifestants contre un projet de loi d\u2019extradition (1) &nbsp;remettant en question le syst\u00e8me juridique de l\u2019\u00eele. Le dimanche d\u2019apr\u00e8s, on en comptera le double. On assiste aujourd\u2019hui \u00e0 une escalade des tensions \u00e0 l\u2019approche du premier anniversaire de ces manifestations. Les [&hellip;]<\/p>\n","protected":false},"author":1,"featured_media":0,"parent":0,"menu_order":0,"comment_status":"closed","ping_status":"closed","template":"","meta":{"ngg_post_thumbnail":0},"_links":{"self":[{"href":"https:\/\/celineduong.com\/index.php\/wp-json\/wp\/v2\/pages\/11683"}],"collection":[{"href":"https:\/\/celineduong.com\/index.php\/wp-json\/wp\/v2\/pages"}],"about":[{"href":"https:\/\/celineduong.com\/index.php\/wp-json\/wp\/v2\/types\/page"}],"author":[{"embeddable":true,"href":"https:\/\/celineduong.com\/index.php\/wp-json\/wp\/v2\/users\/1"}],"replies":[{"embeddable":true,"href":"https:\/\/celineduong.com\/index.php\/wp-json\/wp\/v2\/comments?post=11683"}],"version-history":[{"count":39,"href":"https:\/\/celineduong.com\/index.php\/wp-json\/wp\/v2\/pages\/11683\/revisions"}],"predecessor-version":[{"id":13901,"href":"https:\/\/celineduong.com\/index.php\/wp-json\/wp\/v2\/pages\/11683\/revisions\/13901"}],"wp:attachment":[{"href":"https:\/\/celineduong.com\/index.php\/wp-json\/wp\/v2\/media?parent=11683"}],"curies":[{"name":"wp","href":"https:\/\/api.w.org\/{rel}","templated":true}]}}