{"id":11640,"date":"2020-05-18T16:26:17","date_gmt":"2020-05-18T14:26:17","guid":{"rendered":"http:\/\/celineduong.com\/?page_id=11640"},"modified":"2023-09-23T17:42:52","modified_gmt":"2023-09-23T15:42:52","slug":"sois-comme-leau-hong-kong","status":"publish","type":"page","link":"https:\/\/celineduong.com\/index.php\/sois-comme-leau-hong-kong\/","title":{"rendered":"Sois comme l&rsquo;eau (version longue)"},"content":{"rendered":"<div id=\"pl-11640\" class=\"panel-layout\">\n<div id=\"pg-11640-0\" class=\"panel-grid panel-no-style\" data-style=\"{&quot;background_display&quot;:&quot;tile&quot;,&quot;cell_alignment&quot;:&quot;flex-start&quot;}\">\n<div id=\"pgc-11640-0-0\" class=\"panel-grid-cell\" data-weight=\"1\">\n<div id=\"panel-11640-0-0-0\" class=\"so-panel widget widget_sow-editor panel-first-child panel-last-child\" data-index=\"0\" data-style=\"{&quot;background_image_attachment&quot;:false,&quot;background_display&quot;:&quot;tile&quot;}\">\n<div class=\"so-widget-sow-editor so-widget-sow-editor-base\">\n<div class=\"siteorigin-widget-tinymce textwidget\">\n<p>&nbsp;<\/p>\n<p><img decoding=\"async\" loading=\"lazy\" class=\"size-full wp-image-12260 aligncenter\" src=\"https:\/\/celineduong.com\/wp-content\/uploads\/2020\/05\/soiscommeleau.jpg\" alt=\"\" width=\"768\" height=\"512\" srcset=\"https:\/\/celineduong.com\/wp-content\/uploads\/2020\/05\/soiscommeleau.jpg 768w, https:\/\/celineduong.com\/wp-content\/uploads\/2020\/05\/soiscommeleau-300x200.jpg 300w, https:\/\/celineduong.com\/wp-content\/uploads\/2020\/05\/soiscommeleau-272x182.jpg 272w\" sizes=\"(max-width: 768px) 100vw, 768px\" \/><\/p>\n<p>&nbsp;<\/p>\n<p><span style=\"color: #000000;\">Hong-Kong, 4 juin 2019. Comme chaque ann\u00e9e, les Hongkongais se rassemblent \u00e0 Victoria\u2019s Park \u00e0 l\u2019occasion d\u2019une veill\u00e9e en m\u00e9moire du massacre de Tiananmen, la seule autoris\u00e9e sur le territoire chinois. 180 000 personnes ont d\u00e9fil\u00e9 pour ce 30\u00e8 anniversaire dans le recueillement et le silence. Rien ne laissait pr\u00e9sager les manifestations massives qui \u00e9clateraient 5 jours apr\u00e8s.<\/span><\/p>\n<p><span style=\"color: #000000;\"> L\u2019Histoire retiendra pourtant cette date du trentenaire comme le pr\u00e9misse d\u2019un long mouvement de contestation, toujours en cours. Le dimanche 9 juin, les rues du centre-ville seront investies par plus d\u20191 million de personnes. Le dimanche suivant, on en comptera pr\u00e8s du double.<br \/>\n6 mois apr\u00e8s, la derni\u00e8re grande manifestation rassemblera 800 000 personnes. Entre-temps auront eu lieu les \u00e9lections locales et la victoire \u00e9crasante de l\u2019opposition d\u00e9mocrate qui remportera 17 districts sur 18, ainsi que le retrait du projet de loi d\u2019extradition (1) qui avait mis le feu aux poudres en remettant en question le syst\u00e8me juridique de l\u2019\u00eele.<\/span><\/p>\n<p><span style=\"color: #000000;\">On assiste de nouveau aujourd\u2019hui \u00e0 une escalade des tensions \u00e0 l\u2019approche du premier anniversaire de ces manifestations. Les derniers \u00e9chos venus de Hong Kong font \u00e9tat de clashs violents entre l\u00e9gislateurs pro-gouvernementaux et de l\u2019opposition qui en viennent aux mains, d\u2019un projet de loi de s\u00e9curit\u00e9 nationale interdisant toute activit\u00e9 s\u00e9ditieuse ou subversive.&nbsp;Le jeu d\u2019intimidation entre l\u2019\u00eele et le continent se poursuit dans un contexte de crise sanitaire o\u00f9 toute manifestation est interdite.<\/span><br \/>\n<span style=\"color: #000000;\"> P\u00e9kin esp\u00e9rait que l\u2019\u00eele finirait par courber l\u2019\u00e9chine dans ce bras de fer sans fin, que ce n\u2019\u00e9tait qu\u2019une question de temps. Mais l\u2019\u00e9coulement des ann\u00e9es n\u2019y fait rien. Plus de vingt ans apr\u00e8s la r\u00e9trocession de l\u2018ancienne colonie britannique \u00e0 la Chine, la nostalgie d\u2019un pass\u00e9 colonial id\u00e9alis\u00e9 occupe encore les esprits.<\/span><\/p>\n<h3><span style=\"color: #000000;\">\u00ab&nbsp;Seuls les lieux qui n\u2019existent pas ne peuvent pas \u00eatre occup\u00e9s&nbsp;\u00bb<\/span><\/h3>\n<p><span style=\"color: #000000;\">La p\u00e9ninsule est redevenue le bras de la Chine mais c\u2019est un membre qui f\u00fbt maintes fois disloqu\u00e9. <strong>Sur une carte de 1850 dessin\u00e9e par un auteur chinois anonyme, au tout d\u00e9but de la colonisation anglaise, \u00e0 l\u2019endroit de Hong-Kong ne figure qu\u2019une \u00e9tendue de mer b\u00e9ante, comme si on voulait ne pas reconna\u00eetre cette occupation \u00e9trang\u00e8re en radiant l\u2019\u00eele de la carte<\/strong>, car \u00ab&nbsp;seuls les lieux qui n\u2019existent pas ne peuvent pas \u00eatre occup\u00e9s&nbsp;\u00bb (2). Par ce biais, on admettait que l\u2019\u00eele \u00e9tait hors de tout territoire, un bout de terre ind\u00e9pendant du monde.<\/span><\/p>\n<p><span style=\"color: #000000;\">D\u00e9finir ce qu\u2019est Hong Kong aujourd\u2019hui semble toujours aussi complexe et les manifestants revendiquant l\u2019ind\u00e9pendance de ce territoire se gardent bien de le qualifier&nbsp;: ville-Etat, pays, r\u00e9gion&nbsp;?<span class=\"Apple-converted-space\">&nbsp;<\/span><\/span><\/p>\n<p><span style=\"color: #000000;\">En s\u2019accordant \u00e0 maintenir le non-changement du syst\u00e8me \u00e9difi\u00e9 par les Britanniques, la Grande-Bretagne et la Chine ont fait de l\u2019ancienne colonie une \u00e9trange entit\u00e9, fonctionnant sur le principe \u00ab&nbsp;1 pays, 2 syst\u00e8mes&nbsp;\u00bb. A l\u2019aube de la r\u00e9trocession, les Hongkongais voulaient croire que rien ne changerait v\u00e9ritablement. Plus de vingt ans apr\u00e8s, qu\u2019en est-il&nbsp;? Quelles sont les raisons de la col\u00e8re&nbsp;?<span class=\"Apple-converted-space\">&nbsp;<\/span><\/span><\/p>\n<div id='gallery-1' class='gallery galleryid-11640 gallery-columns-3 gallery-size-full'><figure class='gallery-item'>\n\t\t\t<div class='gallery-icon portrait'>\n\t\t\t\t<a href='https:\/\/celineduong.com\/wp-content\/uploads\/2020\/05\/INSULARITES_1-1.jpg'><img width=\"2077\" height=\"3115\" src=\"https:\/\/celineduong.com\/wp-content\/uploads\/2020\/05\/INSULARITES_1-1.jpg\" class=\"attachment-full size-full\" alt=\"\" decoding=\"async\" loading=\"lazy\" srcset=\"https:\/\/celineduong.com\/wp-content\/uploads\/2020\/05\/INSULARITES_1-1.jpg 2077w, https:\/\/celineduong.com\/wp-content\/uploads\/2020\/05\/INSULARITES_1-1-200x300.jpg 200w, https:\/\/celineduong.com\/wp-content\/uploads\/2020\/05\/INSULARITES_1-1-768x1152.jpg 768w, https:\/\/celineduong.com\/wp-content\/uploads\/2020\/05\/INSULARITES_1-1-683x1024.jpg 683w\" sizes=\"(max-width: 2077px) 100vw, 2077px\" \/><\/a>\n\t\t\t<\/div><\/figure><figure class='gallery-item'>\n\t\t\t<div class='gallery-icon portrait'>\n\t\t\t\t<a href='https:\/\/celineduong.com\/wp-content\/uploads\/2020\/05\/INSULARITES_2-1.jpg'><img width=\"2315\" height=\"3473\" src=\"https:\/\/celineduong.com\/wp-content\/uploads\/2020\/05\/INSULARITES_2-1.jpg\" class=\"attachment-full size-full\" alt=\"\" decoding=\"async\" loading=\"lazy\" srcset=\"https:\/\/celineduong.com\/wp-content\/uploads\/2020\/05\/INSULARITES_2-1.jpg 2315w, https:\/\/celineduong.com\/wp-content\/uploads\/2020\/05\/INSULARITES_2-1-200x300.jpg 200w, https:\/\/celineduong.com\/wp-content\/uploads\/2020\/05\/INSULARITES_2-1-768x1152.jpg 768w, https:\/\/celineduong.com\/wp-content\/uploads\/2020\/05\/INSULARITES_2-1-683x1024.jpg 683w\" sizes=\"(max-width: 2315px) 100vw, 2315px\" \/><\/a>\n\t\t\t<\/div><\/figure>\n\t\t<\/div>\n\n<h3><span style=\"color: #000000;\">\u00ab&nbsp;5 demandes, pas une de moins&nbsp;\u00bb<span class=\"Apple-converted-space\">&nbsp;<\/span><b><br \/>\n<\/b><\/span><\/h3>\n<p><span style=\"color: #000000;\">Ce slogan repris en ch\u0153ur par les manifestants fait r\u00e9f\u00e9rence \u00e0 leurs 5 revendications :<span class=\"Apple-converted-space\">&nbsp; <\/span><\/span><\/p>\n<p><span style=\"color: #000000;\">\u2022 Retrait du projet de loi d\u2019extradition<span class=\"Apple-converted-space\">&nbsp;<\/span><\/span><\/p>\n<p><span style=\"color: #000000;\">\u2022 Retrait de la qualification d\u2019\u00ab&nbsp;\u00e9meutes&nbsp;\u00bb pour les manifestations du 12 juin (d\u00e9clar\u00e9es ill\u00e9gales)<span class=\"Apple-converted-space\">&nbsp;<\/span><\/span><\/p>\n<p><span style=\"color: #000000;\">\u2022 Lib\u00e9ration sans poursuite des manifestants arr\u00eat\u00e9s<span class=\"Apple-converted-space\">&nbsp;<\/span><\/span><\/p>\n<p><span style=\"color: #000000;\">\u2022 Cr\u00e9ation d\u2019une commission d\u2019enqu\u00eate ind\u00e9pendante sur les exactions polici\u00e8res<span class=\"Apple-converted-space\">&nbsp;<\/span><\/span><\/p>\n<p><span style=\"color: #000000;\">\u2022 Mise en place imm\u00e9diate du suffrage universel<\/span><\/p>\n<p><span style=\"color: #000000;\">Ce dernier point est le plus symbolique, pour ne pas dire hypoth\u00e9tique. Un jeune Hongkongais rencontr\u00e9 sur place, Edward, ne cache pas ses doutes sur l\u2019avenir politique de l\u2019\u00eele : \u00ab Je suis pessimiste sur l\u2019obtention du vote d\u00e9mocratique, inscrit dans la loi fondamentale britannique-chinoise mais dont la formulation est ambigu\u00eb &#8211; l\u2019instauration se ferait par \u00e9tapes, sans aucune date mentionn\u00e9e &#8211; . Mais <strong>la demande principale des manifestants, c\u2019est une enqu\u00eate ind\u00e9pendante sur les violences polici\u00e8res. Si cette demande \u00e9tait entendue, ce serait d\u00e9j\u00e0 bien.<\/strong>&nbsp;\u00bb<span class=\"Apple-converted-space\">&nbsp;<\/span><\/span><\/p>\n<p><span style=\"color: #000000;\">A d\u00e9faut de sanctions, l\u2019image de la police est passablement \u00e9corn\u00e9e par les vid\u00e9os youtube montrant des policiers faisant usage de leur arme \u00e0 feu ou des manifestants attaqu\u00e9s par des triades dans le m\u00e9tro le 21 juillet 2019, sans intervention polici\u00e8re malgr\u00e9 de nombreux appels. Cet incident tr\u00e8s comment\u00e9 (<a href=\"https:\/\/www.youtube.com\/watch?v=Ajt2joIa0qs\">\u00ab\u00a0l&rsquo;Attaque de Yuen Long\u00a0\u00bb<\/a>) n\u2019a fait que renforcer les soup\u00e7ons d\u2019une police soumise aux ordres de P\u00e9kin.<span class=\"Apple-converted-space\">&nbsp;<\/span><\/span><\/p>\n<p><span style=\"color: #000000;\">Vu de l\u2019\u00e9tranger, ces violences ravivent le spectre de Tiananmen. Mais mon interlocuteur relativise le pouvoir des forces de l\u2019ordre. \u00ab&nbsp;La police de Hong Kong ne peut pas faire tout ce qu\u2019elle veut, elle ne peut pas d\u00e9tenir des gens sans preuve. P\u00e9kin ne peut pas envoyer ses troupes car cela nuirait \u00e0 l\u2019image du pays.\u00a0\u00bb<br \/>\nNous ne sommes pas dans la Chine des ann\u00e9es 1980, et la comparaison du mouvement actuel avec celui des \u00e9tudiants p\u00e9kinois n&rsquo;est pas pertinente : &nbsp;<strong>\u00ab&nbsp;les manifestants d\u2019aujourd\u2019hui ne sont pas ceux de 1989. Nous n\u2019avons pas confiance dans le gouvernement mais nous sommes moins radicaux dans nos demandes, parce que l\u2019\u00e9conomie de Hong Kong ne se porte pas si mal, les gens ont du travail.&nbsp;\u00bb<\/strong><\/span><\/p>\n<h3><span style=\"color: #000000;\">Une soci\u00e9t\u00e9 \u00e0 2 vitesses<\/span><\/h3>\n<p><span style=\"color: #000000;\">Le mouvement serait au demeurant moins r\u00e9volutionnaire que ce qu&rsquo;il laisse para\u00eetre<\/span><span style=\"color: #000000;\">, visant \u00e0 pr\u00e9server le syst\u00e8me actuel plut\u00f4t qu\u2019\u00e0 le changer, comme l&rsquo;explique Jean-Philippe B\u00e9ja, directeur de recherche au CNRS :&nbsp;\u00ab Ce mouvement comprend tous les \u00e2ges, toutes les classes sociales. C\u2019est une soci\u00e9t\u00e9 enti\u00e8re qui d\u00e9fend sa sp\u00e9cificit\u00e9, son syst\u00e8me. Au fond, c\u2019est un grand mouvement conservateur et pas du tout un mouvement r\u00e9volutionnaire&nbsp;\u00bb (3).<\/span><\/p>\n<p><span style=\"color: #000000;\">Derri\u00e8re les slogans ind\u00e9pendantistes s&rsquo;exprime un ressentiment envers les Chinois install\u00e9s sur l\u2019\u00eele, soup\u00e7onn\u00e9s de tirer profit de l\u2019ouverture des fronti\u00e8res au d\u00e9triment des Hongkongais, dans une soci\u00e9t\u00e9 toujours plus in\u00e9galitaire.<br \/>\nPour Edward, &nbsp;\u00ab la politique du gouvernement chinois est de coloniser Hong Kong. 150 immigrants du continent sont autoris\u00e9s par jour pour \u00ab&nbsp;regroupement familial&nbsp;\u00bb. Or, beaucoup sont des retrait\u00e9s venus&nbsp;profiter du syst\u00e8me de sant\u00e9 avantageux et des logements sociaux. Les compagnies chinoises \u00e0 Hong Kong recrutent en priorit\u00e9 des Chinois du continent et leur attribuent les meilleurs emplois.\u00bb.&nbsp;<strong>C\u2019est une soci\u00e9t\u00e9 \u00e0 2 vitesses que d\u00e9peint Edward : \u00ab&nbsp;on n\u2019irait pas dans la rue si on avait de bons boulots. Les jeunes ne sont pas heureux. Ils ne peuvent pas acheter leur propre maison, construire un avenir.<\/strong> \u00a0\u00bb D&rsquo;autant que&nbsp;le&nbsp;creusement des in\u00e9galit\u00e9s s&rsquo;est aggrav\u00e9 ces derni\u00e8res ann\u00e9es, avec une progression&nbsp;des salaires qui n\u2019a pas du tout suivi l\u2019inflation. Acheter un appartement de 60 m2 repr\u00e9sente 22 ans de salaire (pour un salaire m\u00e9dian de 22 000 euros) contre 6 \u00e0 7 ans \u00e0 Paris.&nbsp;<\/span><\/p>\n<p><span style=\"color: #000000;\">Incertaine pour son avenir, sans ressources financi\u00e8res, cette jeunesse n\u2019a pourtant pas de revendication \u00e9conomique : \u00ab&nbsp;Les jeunes ne sont pas tr\u00e8s concern\u00e9s par l\u2019\u00e9conomie. En v\u00e9rit\u00e9, ils souhaiteraient m\u00eame qu&rsquo;elle s&rsquo;effondre et que les Etats-Unis imposent des sanctions financi\u00e8res non seulement \u00e0 la Chine mais \u00e0 Hong Kong, afin que P\u00e9kin ne puisse utiliser l\u2019\u00eele comme un couloir pour contourner ces sanctions. Les jeunes sont \u00e0 court d\u2019id\u00e9es&nbsp;: le vote d\u00e9mocratique ne changera rien car la finance est contr\u00f4l\u00e9e par la Chine. Ils utilisent une expression, <strong>\u00ab&nbsp;<i>Hug together, die together&nbsp;<\/i>\u00bb<\/strong> (\u00ab&nbsp;s\u2019enlacer ensemble, mourir ensemble&nbsp;\u00bb), qui d\u00e9crit tr\u00e8s bien cet \u00e9tat d\u2019esprit.&nbsp;\u00bb<span class=\"Apple-converted-space\">&nbsp;<\/span><\/span><\/p>\n<div id='gallery-2' class='gallery galleryid-11640 gallery-columns-3 gallery-size-full'><figure class='gallery-item'>\n\t\t\t<div class='gallery-icon portrait'>\n\t\t\t\t<a href='https:\/\/celineduong.com\/wp-content\/uploads\/2020\/05\/INSULARITES_6-1.jpg'><img width=\"2636\" height=\"3953\" src=\"https:\/\/celineduong.com\/wp-content\/uploads\/2020\/05\/INSULARITES_6-1.jpg\" class=\"attachment-full size-full\" alt=\"\" decoding=\"async\" loading=\"lazy\" srcset=\"https:\/\/celineduong.com\/wp-content\/uploads\/2020\/05\/INSULARITES_6-1.jpg 2636w, https:\/\/celineduong.com\/wp-content\/uploads\/2020\/05\/INSULARITES_6-1-200x300.jpg 200w, https:\/\/celineduong.com\/wp-content\/uploads\/2020\/05\/INSULARITES_6-1-768x1152.jpg 768w, https:\/\/celineduong.com\/wp-content\/uploads\/2020\/05\/INSULARITES_6-1-683x1024.jpg 683w\" sizes=\"(max-width: 2636px) 100vw, 2636px\" \/><\/a>\n\t\t\t<\/div><\/figure><figure class='gallery-item'>\n\t\t\t<div class='gallery-icon portrait'>\n\t\t\t\t<a href='https:\/\/celineduong.com\/wp-content\/uploads\/2020\/05\/INSULARITES_7-1.jpg'><img width=\"2079\" height=\"3118\" src=\"https:\/\/celineduong.com\/wp-content\/uploads\/2020\/05\/INSULARITES_7-1.jpg\" class=\"attachment-full size-full\" alt=\"\" decoding=\"async\" loading=\"lazy\" srcset=\"https:\/\/celineduong.com\/wp-content\/uploads\/2020\/05\/INSULARITES_7-1.jpg 2079w, https:\/\/celineduong.com\/wp-content\/uploads\/2020\/05\/INSULARITES_7-1-200x300.jpg 200w, https:\/\/celineduong.com\/wp-content\/uploads\/2020\/05\/INSULARITES_7-1-768x1152.jpg 768w, https:\/\/celineduong.com\/wp-content\/uploads\/2020\/05\/INSULARITES_7-1-683x1024.jpg 683w\" sizes=\"(max-width: 2079px) 100vw, 2079px\" \/><\/a>\n\t\t\t<\/div><\/figure>\n\t\t<\/div>\n\n<h3><span style=\"color: #000000;\">Sois comme l\u2019eau<\/span><\/h3>\n<p><span style=\"color: #000000;\">Mars 2020. Le temps s\u2019est suspendu apr\u00e8s l\u2019\u00e9clatement de la crise du coronavirus. Si agit\u00e9e d\u2019ordinaire, la ville est au ralenti m\u00eame si les activit\u00e9s se poursuivent. Les manifestations massives de l\u2019an dernier sont de toute \u00e9vidence interdites, mais la col\u00e8re est toujours l\u00e0. Elle s\u2019exprime de mani\u00e8re plus discr\u00e8te et souterraine&#8230; Des rassemblements clandestins sont relay\u00e9s sur des comptes Instagram au jour le jour (annonc\u00e9s quelques jours \u00e0 l\u2019avance, voire la veille). L\u2019organisation des \u00e9v\u00e9nements sur diff\u00e9rents lieux a pour but de d\u00e9courager la police, oblig\u00e9e de se disperser. \u00ab&nbsp;<i>Be Water&nbsp;<\/i>\u00bb (\u00ab&nbsp;sois comme l\u2019eau&nbsp;\u00bb), peut-on voir en hashtag sur les r\u00e9seaux sociaux. Les manifestants se sont appropri\u00e9s cette maxime de Bruce Lee pour illustrer leur strat\u00e9gie&nbsp;: <strong>\u00eatre fluide comme l\u2019eau, remplir l\u2019espace et s\u2019adapter \u00e0 toutes les situations<\/strong>. Une m\u00e9taphore de la r\u00e9silience, en somme, \u00e0 laquelle s\u2019identifie la jeunesse hongkongaise en premi\u00e8re ligne des manifestations.<\/span><\/p>\n<p><span style=\"color: #000000;\">Le mouvement peut bien s\u2019essouffler, un activisme nouveau a vu le jour, port\u00e9 par une g\u00e9n\u00e9ration qui n\u2019a pourtant pas connu le Hong Kong d\u2019avant 1997.<span class=\"Apple-converted-space\">&nbsp; <\/span><\/span><\/p>\n<p><span style=\"color: #000000;\">Et maintenant&nbsp;? Est-on \u00e0 l\u2019heure du bilan&nbsp;? Si la Chine veut croire \u00e0 un retour \u00e0 l\u2019ordre, Edward parie sur un rebond&nbsp;: \u00ab&nbsp;On a connu un pic cet \u00e9t\u00e9, puis \u00e7a a beaucoup baiss\u00e9 apr\u00e8s les \u00e9lections pr\u00e9sidentielles de Ta\u00efwan en janvier. Mais le mouvement repartira lors des \u00e9lections l\u00e9gislatives en septembre. La vague reviendra&nbsp;\u00bb.&nbsp;Au regard des \u00e9v\u00e9nements de ces derniers jours, celle-ci pourrait arriver bien plus t\u00f4t.&nbsp;<\/span><\/p>\n<p>&nbsp;<\/p>\n<p>&nbsp;<\/p>\n<p><span style=\"color: #000000;\">(1) Cette loi permettrait le transfert vers la Chine de toute personne consid\u00e9r\u00e9e par P\u00e9kin comme<span class=\"Apple-converted-space\">&nbsp; <\/span>\u00ab&nbsp;fugitive&nbsp;\u00bb.&nbsp;<\/span><\/p>\n<p><span style=\"color: #000000;\">(2) <em>Atlas. Arch\u00e9ologie d\u2019une ville imaginaire<\/em>, Kai-Cheung Dung, 2011.<\/span><\/p>\n<p><span style=\"color: #000000;\">(3) &nbsp;Conf\u00e9rence de Jean-Philippe B\u00e9ja, directeur de recherche au CNRS, \u00e0 l\u2019INALCO le 10 d\u00e9cembre 2019<\/span><\/p>\n<p>&nbsp;<\/p>\n<\/div>\n<\/div>\n<\/div>\n<\/div>\n<\/div>\n<\/div>\n","protected":false},"excerpt":{"rendered":"<p>&nbsp; &nbsp; Hong-Kong, 4 juin 2019. Comme chaque ann\u00e9e, les Hongkongais se rassemblent \u00e0 Victoria\u2019s Park \u00e0 l\u2019occasion d\u2019une veill\u00e9e en m\u00e9moire du massacre de Tiananmen, la seule autoris\u00e9e sur le territoire chinois. 180 000 personnes ont d\u00e9fil\u00e9 pour ce 30\u00e8 anniversaire dans le recueillement et le silence. Rien ne laissait pr\u00e9sager les manifestations massives [&hellip;]<\/p>\n","protected":false},"author":1,"featured_media":0,"parent":0,"menu_order":0,"comment_status":"closed","ping_status":"closed","template":"","meta":{"ngg_post_thumbnail":0},"_links":{"self":[{"href":"https:\/\/celineduong.com\/index.php\/wp-json\/wp\/v2\/pages\/11640"}],"collection":[{"href":"https:\/\/celineduong.com\/index.php\/wp-json\/wp\/v2\/pages"}],"about":[{"href":"https:\/\/celineduong.com\/index.php\/wp-json\/wp\/v2\/types\/page"}],"author":[{"embeddable":true,"href":"https:\/\/celineduong.com\/index.php\/wp-json\/wp\/v2\/users\/1"}],"replies":[{"embeddable":true,"href":"https:\/\/celineduong.com\/index.php\/wp-json\/wp\/v2\/comments?post=11640"}],"version-history":[{"count":72,"href":"https:\/\/celineduong.com\/index.php\/wp-json\/wp\/v2\/pages\/11640\/revisions"}],"predecessor-version":[{"id":15787,"href":"https:\/\/celineduong.com\/index.php\/wp-json\/wp\/v2\/pages\/11640\/revisions\/15787"}],"wp:attachment":[{"href":"https:\/\/celineduong.com\/index.php\/wp-json\/wp\/v2\/media?parent=11640"}],"curies":[{"name":"wp","href":"https:\/\/api.w.org\/{rel}","templated":true}]}}